{"id":498120,"date":"2025-11-28T21:54:49","date_gmt":"2025-11-28T20:54:49","guid":{"rendered":"https:\/\/transparentgift.com\/fr\/?page_id=498120"},"modified":"2026-01-14T19:59:44","modified_gmt":"2026-01-14T18:59:44","slug":"a-propos-de-nous","status":"publish","type":"page","link":"https:\/\/transparentgift.com\/fr\/a-propos-de-nous\/","title":{"rendered":"\u00c0 propos de nous"},"content":{"rendered":"\n<section class=\"sobre-nosotros-tg\">\n  <style>\n    .sobre-nosotros-tg {\n      margin: 0 0 40px;\n      padding: 0;\n      font-family: system-ui, -apple-system, BlinkMacSystemFont, \"Segoe UI\", sans-serif;\n      line-height: 1.6;\n      text-align: left;\n    }\n\n    .sobre-nosotros-tg p {\n      margin: 0 0 1rem 0;\n      font-size: 1rem;\n    }\n\n    .sobre-nosotros-tg .video-wrapper {\n      margin-top: 1.5rem;\n    }\n\n    .sobre-nosotros-tg video {\n      width: 100%;\n      max-width: 100%;\n      border-radius: 8px;\n      display: block;\n    }\n  <\/style>\n\n  <p>\n    Chez Transparent Gift, nous pensons que les objets qui vous entourent devraient parler de vous.\n    N\u00e9e \u00e0 Valence, en Espagne, notre entreprise r\u00e9unit aujourd\u2019hui une \u00e9quipe d\u2019une trentaine de personnes\n    d\u00e9di\u00e9e \u00e0 la cr\u00e9ation de produits 100&nbsp;% personnalisables, pens\u00e9s aussi bien pour les grands moments\n    que pour le quotidien.\n  <\/p>\n\n  <p>\n    Au fil des ann\u00e9es, nous sommes devenus l\u2019entreprise leader en Espagne (#1) dans la personnalisation\n    et une marque de r\u00e9f\u00e9rence en Europe. Nous concevons nos produits en Espagne et les fabriquons dans nos propres ateliers situ\u00e9s\n    en Espagne, en France, en Italie, en Allemagne et au Portugal. Cette organisation nous permet de fabriquer\n    \u00e0 la demande et de proposer des d\u00e9lais de livraison tr\u00e8s rapides dans toute l\u2019Europe\n    (24 \u00e0 48&nbsp;heures selon le pays).\n  <\/p>\n\n  <p>\n    Nous travaillons sur plus de 1&nbsp;000 produits diff\u00e9rents, allant de la plus petite attention aux collections compl\u00e8tes&nbsp;:\n    cadeaux personnalis\u00e9s, produits pour la rentr\u00e9e scolaire, d\u00e9coration pour la maison et le bureau,\n    textile, papeterie, accessoires et bien plus encore. Chaque pi\u00e8ce qui sort de nos ateliers est cr\u00e9\u00e9e\n    individuellement, avec votre pr\u00e9nom, votre design ou votre message. Vous pouvez compter sur nous pour vos\n    cadeaux de No\u00ebl, la Saint-Valentin, la f\u00eate des P\u00e8res, la f\u00eate des M\u00e8res, les anniversaires\n    et bien d\u2019autres occasions.\n  <\/p>\n\n  <p>\n    Derri\u00e8re chaque commande, il y a des personnes qui v\u00e9rifient, ajustent et prennent soin de chaque d\u00e9tail.\n    Notre objectif est simple&nbsp;: faire de Transparent Gift votre marque de r\u00e9f\u00e9rence pour tout ce que vous\n    souhaitez rendre unique et 100&nbsp;% \u00e0 votre image.\n  <\/p>\n\n  <div class=\"video-wrapper\">\n    <video controls preload=\"metadata\" playsinline>\n      <source src=\"https:\/\/transparentgift.com\/fr\/wp-content\/uploads\/2025\/11\/FRANCES-Transparent-Gift.mp4\" type=\"video\/mp4\">\n      Votre navigateur ne prend pas en charge la lecture de vid\u00e9os.\n    <\/video>\n  <\/div>\n<\/section>\n","protected":false},"excerpt":{"rendered":"<p>Chez Transparent Gift, nous pensons que les objets qui vous entourent devraient parler de vous. N\u00e9e [&#8230;]<\/p>\n","protected":false},"author":2,"featured_media":0,"parent":0,"menu_order":0,"comment_status":"closed","ping_status":"closed","template":"","meta":{"_acf_changed":false,"footnotes":""},"class_list":["post-498120","page","type-page","status-publish","hentry"],"acf":[],"_links":{"self":[{"href":"https:\/\/transparentgift.com\/fr\/wp-json\/wp\/v2\/pages\/498120","targetHints":{"allow":["GET"]}}],"collection":[{"href":"https:\/\/transparentgift.com\/fr\/wp-json\/wp\/v2\/pages"}],"about":[{"href":"https:\/\/transparentgift.com\/fr\/wp-json\/wp\/v2\/types\/page"}],"author":[{"embeddable":true,"href":"https:\/\/transparentgift.com\/fr\/wp-json\/wp\/v2\/users\/2"}],"replies":[{"embeddable":true,"href":"https:\/\/transparentgift.com\/fr\/wp-json\/wp\/v2\/comments?post=498120"}],"version-history":[{"count":2,"href":"https:\/\/transparentgift.com\/fr\/wp-json\/wp\/v2\/pages\/498120\/revisions"}],"predecessor-version":[{"id":499747,"href":"https:\/\/transparentgift.com\/fr\/wp-json\/wp\/v2\/pages\/498120\/revisions\/499747"}],"wp:attachment":[{"href":"https:\/\/transparentgift.com\/fr\/wp-json\/wp\/v2\/media?parent=498120"}],"curies":[{"name":"wp","href":"https:\/\/api.w.org\/{rel}","templated":true}]}}