{"id":499659,"date":"2026-01-08T17:12:45","date_gmt":"2026-01-08T16:12:45","guid":{"rendered":"https:\/\/transparentgift.com\/fr\/?page_id=499659"},"modified":"2026-03-31T16:10:30","modified_gmt":"2026-03-31T14:10:30","slug":"saint-valentin","status":"publish","type":"page","link":"https:\/\/transparentgift.com\/fr\/cadeaux\/saint-valentin\/","title":{"rendered":"Cadeaux de la Saint-Valentin"},"content":{"rendered":"<p data-start=\"2027\" data-end=\"2094\"><strong data-start=\"2027\" data-end=\"2094\">Cadeaux de Saint-Valentin \u2013 surprenez avec une attention unique<\/strong><\/p>\n<p data-start=\"2096\" data-end=\"2457\">La Saint-Valentin est l\u2019occasion id\u00e9ale pour exprimer son amour avec un cadeau sp\u00e9cial. Choisir le cadeau parfait peut faire toute la diff\u00e9rence et rendre cette journ\u00e9e inoubliable. Dans notre s\u00e9lection de cadeaux de Saint-Valentin, vous trouverez des id\u00e9es pour hommes, femmes et couples, allant des attentions romantiques aux id\u00e9es originales qui surprennent.<\/p>\n<p data-start=\"2459\" data-end=\"2502\"><strong data-start=\"2459\" data-end=\"2502\">Id\u00e9es de cadeaux pour la Saint-Valentin<\/strong><\/p>\n<p data-start=\"2504\" data-end=\"2623\">Les meilleurs cadeaux de Saint-Valentin allient \u00e9motion, signification et originalit\u00e9. Parmi les options recommand\u00e9es :<\/p>\n<ul data-start=\"2625\" data-end=\"2831\">\n<li data-start=\"2625\" data-end=\"2693\">\n<p data-start=\"2627\" data-end=\"2693\">Cadeaux personnalis\u00e9s avec photos, pr\u00e9noms ou messages sp\u00e9ciaux.<\/p>\n<\/li>\n<li data-start=\"2694\" data-end=\"2763\">\n<p data-start=\"2696\" data-end=\"2763\">D\u00e9tails romantiques pour renforcer le lien avec votre partenaire.<\/p>\n<\/li>\n<li data-start=\"2764\" data-end=\"2831\">\n<p data-start=\"2766\" data-end=\"2831\">Surprises uniques pour rendre cette journ\u00e9e encore plus sp\u00e9ciale.<\/p>\n<\/li>\n<\/ul>\n<p data-start=\"2833\" data-end=\"2884\"><strong data-start=\"2833\" data-end=\"2884\">Cadeaux de Saint-Valentin pour hommes et femmes<\/strong><\/p>\n<p data-start=\"2886\" data-end=\"3298\">Pour un cadeau de Saint-Valentin pour homme, optez pour un objet pratique avec une touche sentimentale. Pour elle, un cadeau de Saint-Valentin pour femme au design sp\u00e9cial ou avec un message personnalis\u00e9 est toujours un excellent choix. Si vous souhaitez surprendre votre partenaire avec un cadeau pens\u00e9 pour vous deux, d\u00e9couvrez notre s\u00e9lection de cadeaux pour couples, parfaite pour partager ce moment sp\u00e9cial.<\/p>\n<p data-start=\"3300\" data-end=\"3348\"><strong data-start=\"3300\" data-end=\"3348\">Cadeaux personnalis\u00e9s pour la Saint-Valentin<\/strong><\/p>\n<p data-start=\"3350\" data-end=\"3553\">Les cadeaux personnalis\u00e9s sont la meilleure fa\u00e7on de montrer son amour \u00e0 la Saint-Valentin. Une attention unique et exclusive exprime les sentiments de mani\u00e8re durable et devient un souvenir inoubliable.<\/p>\n<p data-start=\"3555\" data-end=\"3598\"><strong data-start=\"3555\" data-end=\"3598\">Rendez cette Saint-Valentin inoubliable<\/strong><\/p>\n<p data-start=\"3600\" data-end=\"3817\">Ce 14 f\u00e9vrier, surprenez votre partenaire avec un cadeau choisi avec le c\u0153ur. Dans notre collection de cadeaux de Saint-Valentin, vous trouverez les options id\u00e9ales pour c\u00e9l\u00e9brer l\u2019amour de la plus belle des mani\u00e8res.<\/p>\n","protected":false},"excerpt":{"rendered":"<p>Cadeaux de Saint-Valentin \u2013 surprenez avec une attention unique La Saint-Valentin est l\u2019occasion [&#8230;]<\/p>\n","protected":false},"author":151,"featured_media":501278,"parent":500741,"menu_order":0,"comment_status":"closed","ping_status":"closed","template":"landing-page.php","meta":{"_acf_changed":false,"footnotes":""},"class_list":["post-499659","page","type-page","status-publish","has-post-thumbnail","hentry"],"acf":[],"_links":{"self":[{"href":"https:\/\/transparentgift.com\/fr\/wp-json\/wp\/v2\/pages\/499659","targetHints":{"allow":["GET"]}}],"collection":[{"href":"https:\/\/transparentgift.com\/fr\/wp-json\/wp\/v2\/pages"}],"about":[{"href":"https:\/\/transparentgift.com\/fr\/wp-json\/wp\/v2\/types\/page"}],"author":[{"embeddable":true,"href":"https:\/\/transparentgift.com\/fr\/wp-json\/wp\/v2\/users\/151"}],"replies":[{"embeddable":true,"href":"https:\/\/transparentgift.com\/fr\/wp-json\/wp\/v2\/comments?post=499659"}],"version-history":[{"count":5,"href":"https:\/\/transparentgift.com\/fr\/wp-json\/wp\/v2\/pages\/499659\/revisions"}],"predecessor-version":[{"id":499800,"href":"https:\/\/transparentgift.com\/fr\/wp-json\/wp\/v2\/pages\/499659\/revisions\/499800"}],"up":[{"embeddable":true,"href":"https:\/\/transparentgift.com\/fr\/wp-json\/wp\/v2\/pages\/500741"}],"wp:featuredmedia":[{"embeddable":true,"href":"https:\/\/transparentgift.com\/fr\/wp-json\/wp\/v2\/media\/501278"}],"wp:attachment":[{"href":"https:\/\/transparentgift.com\/fr\/wp-json\/wp\/v2\/media?parent=499659"}],"curies":[{"name":"wp","href":"https:\/\/api.w.org\/{rel}","templated":true}]}}