{"id":500748,"date":"2026-02-19T21:06:36","date_gmt":"2026-02-19T20:06:36","guid":{"rendered":"https:\/\/transparentgift.com\/fr\/cadeaux\/fete-des-peres\/"},"modified":"2026-04-16T13:03:33","modified_gmt":"2026-04-16T11:03:33","slug":"fete-des-peres","status":"publish","type":"page","link":"https:\/\/transparentgift.com\/fr\/cadeaux\/fete-des-peres\/","title":{"rendered":"Cadeaux F\u00eate des P\u00e8res : originaux et personnalis\u00e9s"},"content":{"rendered":"","protected":false},"excerpt":{"rendered":"<p> [&#8230;]<\/p>\n","protected":false},"author":223,"featured_media":500781,"parent":500741,"menu_order":0,"comment_status":"closed","ping_status":"closed","template":"landing-page.php","meta":{"_acf_changed":false,"footnotes":""},"class_list":["post-500748","page","type-page","status-publish","has-post-thumbnail","hentry"],"acf":[],"_links":{"self":[{"href":"https:\/\/transparentgift.com\/fr\/wp-json\/wp\/v2\/pages\/500748","targetHints":{"allow":["GET"]}}],"collection":[{"href":"https:\/\/transparentgift.com\/fr\/wp-json\/wp\/v2\/pages"}],"about":[{"href":"https:\/\/transparentgift.com\/fr\/wp-json\/wp\/v2\/types\/page"}],"author":[{"embeddable":true,"href":"https:\/\/transparentgift.com\/fr\/wp-json\/wp\/v2\/users\/223"}],"replies":[{"embeddable":true,"href":"https:\/\/transparentgift.com\/fr\/wp-json\/wp\/v2\/comments?post=500748"}],"version-history":[{"count":6,"href":"https:\/\/transparentgift.com\/fr\/wp-json\/wp\/v2\/pages\/500748\/revisions"}],"predecessor-version":[{"id":501764,"href":"https:\/\/transparentgift.com\/fr\/wp-json\/wp\/v2\/pages\/500748\/revisions\/501764"}],"up":[{"embeddable":true,"href":"https:\/\/transparentgift.com\/fr\/wp-json\/wp\/v2\/pages\/500741"}],"wp:featuredmedia":[{"embeddable":true,"href":"https:\/\/transparentgift.com\/fr\/wp-json\/wp\/v2\/media\/500781"}],"wp:attachment":[{"href":"https:\/\/transparentgift.com\/fr\/wp-json\/wp\/v2\/media?parent=500748"}],"curies":[{"name":"wp","href":"https:\/\/api.w.org\/{rel}","templated":true}]}}