{"id":500800,"date":"2026-02-20T18:47:50","date_gmt":"2026-02-20T17:47:50","guid":{"rendered":"https:\/\/transparentgift.com\/fr\/?page_id=500800"},"modified":"2026-02-20T18:47:51","modified_gmt":"2026-02-20T17:47:51","slug":"delais-de-preparation-et-de-livraison","status":"publish","type":"page","link":"https:\/\/transparentgift.com\/fr\/aide\/delais-de-preparation-et-de-livraison\/","title":{"rendered":"D\u00e9lais de pr\u00e9paration et de livraison"},"content":{"rendered":"\n<p>Nous voulons que votre commande arrive le plus rapidement possible et sans mauvaises surprises. C\u2019est pourquoi nous vous indiquons en toute transparence les d\u00e9lais estim\u00e9s de pr\u00e9paration et de livraison selon le type de produit et la destination.<\/p>\n\n\n\n<p><strong>D\u00e9lais de pr\u00e9paration<\/strong><\/p>\n\n\n\n<p>Dans la plupart des cas, nous pr\u00e9parons votre commande en moins de 12 heures \u00e0 partir du moment o\u00f9 nous la recevons.<\/p>\n\n\n\n<p>Pendant les p\u00e9riodes de forte demande (comme No\u00ebl), la pr\u00e9paration peut prendre jusqu\u2019\u00e0 24 heures.<\/p>\n\n\n\n<p>Certains produits plus complexes \u2014 comme ceux qui incluent des illustrations personnalis\u00e9es ou des processus artisanaux \u2014 peuvent n\u00e9cessiter un peu plus de temps : entre 24 et 48 heures pour \u00eatre pr\u00eats avant l\u2019exp\u00e9dition.<\/p>\n\n\n\n<p><strong>D\u00e9lais d\u2019exp\u00e9dition<\/strong><\/p>\n\n\n\n<p>Une fois la commande fabriqu\u00e9e et pr\u00eate \u00e0 \u00eatre envoy\u00e9e, voici les d\u00e9lais de livraison estim\u00e9s :<\/p>\n\n\n\n<ul class=\"wp-block-list\">\n<li><strong>Standard :<\/strong>\u00a01-2 jours<\/li>\n\n\n\n<li><strong>Express :<\/strong>\u00a01 jour<\/li>\n\n\n\n<li><strong>Livraison gratuite :<\/strong>\u00a01-2 jours (seuil 40\u20ac)<\/li>\n<\/ul>\n\n\n\n<p>Nous souhaitons que votre cadeau arrive en parfait \u00e9tat et dans les d\u00e9lais.<\/p>\n\n\n\n<p>Si votre commande est li\u00e9e \u00e0 une date particuli\u00e8re ou si vous avez besoin qu\u2019elle arrive plus t\u00f4t, \u00e9crivez-nous \u00e0&nbsp;<strong>hola@transparentgift.com<\/strong>&nbsp;et nous ferons tout notre possible pour vous aider.<\/p>\n","protected":false},"excerpt":{"rendered":"<p>Nous voulons que votre commande arrive le plus rapidement possible et sans mauvaises surprises. C\u2019 [&#8230;]<\/p>\n","protected":false},"author":150,"featured_media":0,"parent":500798,"menu_order":0,"comment_status":"closed","ping_status":"closed","template":"help-article.php","meta":{"_acf_changed":false,"footnotes":""},"class_list":["post-500800","page","type-page","status-publish","hentry"],"acf":[],"_links":{"self":[{"href":"https:\/\/transparentgift.com\/fr\/wp-json\/wp\/v2\/pages\/500800","targetHints":{"allow":["GET"]}}],"collection":[{"href":"https:\/\/transparentgift.com\/fr\/wp-json\/wp\/v2\/pages"}],"about":[{"href":"https:\/\/transparentgift.com\/fr\/wp-json\/wp\/v2\/types\/page"}],"author":[{"embeddable":true,"href":"https:\/\/transparentgift.com\/fr\/wp-json\/wp\/v2\/users\/150"}],"replies":[{"embeddable":true,"href":"https:\/\/transparentgift.com\/fr\/wp-json\/wp\/v2\/comments?post=500800"}],"version-history":[{"count":1,"href":"https:\/\/transparentgift.com\/fr\/wp-json\/wp\/v2\/pages\/500800\/revisions"}],"predecessor-version":[{"id":500801,"href":"https:\/\/transparentgift.com\/fr\/wp-json\/wp\/v2\/pages\/500800\/revisions\/500801"}],"up":[{"embeddable":true,"href":"https:\/\/transparentgift.com\/fr\/wp-json\/wp\/v2\/pages\/500798"}],"wp:attachment":[{"href":"https:\/\/transparentgift.com\/fr\/wp-json\/wp\/v2\/media?parent=500800"}],"curies":[{"name":"wp","href":"https:\/\/api.w.org\/{rel}","templated":true}]}}