{"id":500810,"date":"2026-02-20T18:51:32","date_gmt":"2026-02-20T17:51:32","guid":{"rendered":"https:\/\/transparentgift.com\/fr\/?page_id=500810"},"modified":"2026-02-20T18:51:33","modified_gmt":"2026-02-20T17:51:33","slug":"puis-je-annuler-ou-modifier-ma-commande","status":"publish","type":"page","link":"https:\/\/transparentgift.com\/fr\/aide\/puis-je-annuler-ou-modifier-ma-commande\/","title":{"rendered":"Puis-je annuler ou modifier ma commande ?"},"content":{"rendered":"\n<p>Malheureusement, il n\u2019est pas possible d\u2019annuler ou de modifier une commande une fois qu\u2019elle a \u00e9t\u00e9 confirm\u00e9e. Cela inclut tout \u00e9l\u00e9ment de personnalisation, comme les textes, les images ou le choix des composants.<\/p>\n\n\n\n<p>Comme il s\u2019agit de produits personnalis\u00e9s, il est tr\u00e8s important de v\u00e9rifier attentivement tous les d\u00e9tails avant de finaliser le paiement. Chaque article est fabriqu\u00e9 exclusivement pour vous ; une fois le processus lanc\u00e9, nous ne pouvons donc ni apporter de modifications ni accepter de retours : le produit ne peut pas \u00eatre r\u00e9utilis\u00e9 ni remis en vente.<\/p>\n\n\n\n<p>Si vous avez des questions avant de valider votre achat, nous serons ravis de vous aider. Vous pouvez nous \u00e9crire \u00e0&nbsp;<strong>hola@transparentgift.com<\/strong>.<\/p>\n","protected":false},"excerpt":{"rendered":"<p>Malheureusement, il n\u2019est pas possible d\u2019annuler ou de modifier une commande une fois qu\u2019elle  [&#8230;]<\/p>\n","protected":false},"author":150,"featured_media":0,"parent":500798,"menu_order":0,"comment_status":"closed","ping_status":"closed","template":"help-article.php","meta":{"_acf_changed":false,"footnotes":""},"class_list":["post-500810","page","type-page","status-publish","hentry"],"acf":[],"_links":{"self":[{"href":"https:\/\/transparentgift.com\/fr\/wp-json\/wp\/v2\/pages\/500810","targetHints":{"allow":["GET"]}}],"collection":[{"href":"https:\/\/transparentgift.com\/fr\/wp-json\/wp\/v2\/pages"}],"about":[{"href":"https:\/\/transparentgift.com\/fr\/wp-json\/wp\/v2\/types\/page"}],"author":[{"embeddable":true,"href":"https:\/\/transparentgift.com\/fr\/wp-json\/wp\/v2\/users\/150"}],"replies":[{"embeddable":true,"href":"https:\/\/transparentgift.com\/fr\/wp-json\/wp\/v2\/comments?post=500810"}],"version-history":[{"count":1,"href":"https:\/\/transparentgift.com\/fr\/wp-json\/wp\/v2\/pages\/500810\/revisions"}],"predecessor-version":[{"id":500811,"href":"https:\/\/transparentgift.com\/fr\/wp-json\/wp\/v2\/pages\/500810\/revisions\/500811"}],"up":[{"embeddable":true,"href":"https:\/\/transparentgift.com\/fr\/wp-json\/wp\/v2\/pages\/500798"}],"wp:attachment":[{"href":"https:\/\/transparentgift.com\/fr\/wp-json\/wp\/v2\/media?parent=500810"}],"curies":[{"name":"wp","href":"https:\/\/api.w.org\/{rel}","templated":true}]}}