{"id":500816,"date":"2026-02-20T18:53:44","date_gmt":"2026-02-20T17:53:44","guid":{"rendered":"https:\/\/transparentgift.com\/fr\/?page_id=500816"},"modified":"2026-02-20T18:53:45","modified_gmt":"2026-02-20T17:53:45","slug":"conseils-pour-personnaliser-votre-cadeau","status":"publish","type":"page","link":"https:\/\/transparentgift.com\/fr\/aide\/conseils-pour-personnaliser-votre-cadeau\/","title":{"rendered":"Conseils pour personnaliser votre cadeau"},"content":{"rendered":"\n<p>Nous voulons que votre exp\u00e9rience d\u2019achat soit simple, agr\u00e9able et enti\u00e8rement personnalis\u00e9e. Nous savons \u00e0 quel point il est important pour vous de cr\u00e9er un cadeau unique. Voici donc quelques recommandations pour que le r\u00e9sultat final soit parfait.<\/p>\n\n\n\n<p><strong>1. Personnalisation avec des photos<\/strong><\/p>\n\n\n\n<p>Lorsque vous t\u00e9l\u00e9chargez une photo pour personnaliser votre produit, nous vous conseillons de prendre en compte les points suivants :<\/p>\n\n\n\n<p><strong>Centrage de la photo :<\/strong><\/p>\n\n\n\n<p>Avant de confirmer le design, v\u00e9rifiez l\u2019aper\u00e7u et assurez-vous que l\u2019image est bien centr\u00e9e. \u00c9vitez les bords vides ou les parties coup\u00e9es, car cela pourrait g\u00e9n\u00e9rer des espaces blancs ind\u00e9sirables dans le produit final.<\/p>\n\n\n\n<p><strong>Qualit\u00e9 de l\u2019image :<\/strong><\/p>\n\n\n\n<p>Plus la photo est nette, meilleur sera le r\u00e9sultat. Nous vous recommandons d\u2019utiliser des images en haute r\u00e9solution afin d\u2019obtenir une finition propre et de grande qualit\u00e9 pour votre produit personnalis\u00e9.<\/p>\n\n\n\n<p><strong>2. Personnalisation avec du texte<\/strong><\/p>\n\n\n\n<p>Si vous choisissez d\u2019ajouter du texte \u00e0 votre produit, suivez ces recommandations pour \u00e9viter les erreurs de conception :<\/p>\n\n\n\n<p><strong>Espacement entre les mots :<\/strong><\/p>\n\n\n\n<p>Assurez-vous de laisser suffisamment d\u2019espace entre les mots. Si le texte est trop serr\u00e9, il pourrait \u00eatre coup\u00e9 ou ne pas appara\u00eetre correctement dans le r\u00e9sultat final.<\/p>\n\n\n\n<p><strong>Rappellez-vous !<\/strong><\/p>\n\n\n\n<p>Notre \u00e9quipe du service client est disponible pour vous aider \u00e0 tout moment durant le processus de personnalisation.<\/p>\n\n\n\n<p>Si vous avez des questions ou si vous avez besoin d\u2019une assistance suppl\u00e9mentaire, \u00e9crivez-nous \u00e0&nbsp;<strong>hola@transparentgift.com<\/strong>.<\/p>\n\n\n\n<p>Nous serons ravis de vous aider \u00e0 faire en sorte que votre cadeau soit exactement comme vous l\u2019imaginiez.<\/p>\n","protected":false},"excerpt":{"rendered":"<p>Nous voulons que votre exp\u00e9rience d\u2019achat soit simple, agr\u00e9able et enti\u00e8rement personnalis\u00e9e.  [&#8230;]<\/p>\n","protected":false},"author":150,"featured_media":0,"parent":500798,"menu_order":0,"comment_status":"closed","ping_status":"closed","template":"help-article.php","meta":{"_acf_changed":false,"footnotes":""},"class_list":["post-500816","page","type-page","status-publish","hentry"],"acf":[],"_links":{"self":[{"href":"https:\/\/transparentgift.com\/fr\/wp-json\/wp\/v2\/pages\/500816","targetHints":{"allow":["GET"]}}],"collection":[{"href":"https:\/\/transparentgift.com\/fr\/wp-json\/wp\/v2\/pages"}],"about":[{"href":"https:\/\/transparentgift.com\/fr\/wp-json\/wp\/v2\/types\/page"}],"author":[{"embeddable":true,"href":"https:\/\/transparentgift.com\/fr\/wp-json\/wp\/v2\/users\/150"}],"replies":[{"embeddable":true,"href":"https:\/\/transparentgift.com\/fr\/wp-json\/wp\/v2\/comments?post=500816"}],"version-history":[{"count":1,"href":"https:\/\/transparentgift.com\/fr\/wp-json\/wp\/v2\/pages\/500816\/revisions"}],"predecessor-version":[{"id":500817,"href":"https:\/\/transparentgift.com\/fr\/wp-json\/wp\/v2\/pages\/500816\/revisions\/500817"}],"up":[{"embeddable":true,"href":"https:\/\/transparentgift.com\/fr\/wp-json\/wp\/v2\/pages\/500798"}],"wp:attachment":[{"href":"https:\/\/transparentgift.com\/fr\/wp-json\/wp\/v2\/media?parent=500816"}],"curies":[{"name":"wp","href":"https:\/\/api.w.org\/{rel}","templated":true}]}}