{"id":502427,"date":"2026-05-12T16:22:21","date_gmt":"2026-05-12T14:22:21","guid":{"rendered":"https:\/\/transparentgift.com\/fr\/?page_id=502427"},"modified":"2026-05-15T11:57:49","modified_gmt":"2026-05-15T09:57:49","slug":"cadeaux-pour-professeurs-et-fin-dannee-scolaire","status":"publish","type":"page","link":"https:\/\/transparentgift.com\/fr\/cadeaux-pour-professeurs-et-fin-dannee-scolaire\/","title":{"rendered":"Cadeaux pour Professeurs et Fin d\u2019Ann\u00e9e Scolaire"},"content":{"rendered":"\n<h2 class=\"wp-block-heading\">Cadeaux originaux et personnalis\u00e9s pour professeurs<\/h2>\n\n\n\n<p>Vous cherchez des <strong>cadeaux pour professeurs<\/strong> afin de les remercier pour tout ce qu\u2019ils ont enseign\u00e9 pendant l\u2019ann\u00e9e scolaire ? Chez Transparent Gift, vous trouverez une large s\u00e9lection de <strong>cadeaux originaux et personnalis\u00e9s pour ma\u00eetres, ma\u00eetresses et professeurs<\/strong>, parfaits pour les surprendre en fin d\u2019ann\u00e9e scolaire, lors de remises de dipl\u00f4mes, de d\u00e9parts ou de moments sp\u00e9ciaux.<\/p>\n\n\n\n<p>Nous savons que chaque professeur laisse une empreinte chez ses \u00e9l\u00e8ves, c\u2019est pourquoi nous vous proposons des attentions uniques que vous pouvez personnaliser avec des <strong>noms, photos, phrases, d\u00e9dicaces ou messages de la classe<\/strong>. Des mugs et gourdes aux plaques, porte-cl\u00e9s, coussins, carnets ou marque-pages, vous pourrez cr\u00e9er un souvenir \u00e9mouvant, pratique et enti\u00e8rement personnalis\u00e9.<\/p>\n\n\n\n<h2 class=\"wp-block-heading\">Cadeaux pour professeurs de maternelle<\/h2>\n\n\n\n<p>Les <strong>professeurs de maternelle<\/strong> accompagnent les plus petits dans l\u2019une des \u00e9tapes les plus importantes de leur apprentissage. Ils leur apprennent \u00e0 d\u00e9couvrir, partager, jouer et grandir, c\u2019est pourquoi ils m\u00e9ritent une attention sp\u00e9ciale qui rappelle tout ce qu\u2019ils ont v\u00e9cu avec leur classe.<\/p>\n\n\n\n<p>Si vous cherchez des <strong>cadeaux pour ma\u00eetresses de maternelle<\/strong>, vous trouverez dans notre collection des id\u00e9es pleines de couleur et d\u2019\u00e9motion. Un exemple parfait est le coussin personnalis\u00e9 <strong>\u00ab Mains color\u00e9es \u00bb<\/strong>, o\u00f9 vous pouvez ajouter les noms des \u00e9l\u00e8ves dans de jolies empreintes amusantes afin de cr\u00e9er un souvenir unique de toute la classe.<\/p>\n\n\n\n<h2 class=\"wp-block-heading\">Cadeaux pour professeurs de primaire et de secondaire<\/h2>\n\n\n\n<p>Les professeurs de primaire et de secondaire jouent un r\u00f4le fondamental dans la formation de leurs \u00e9l\u00e8ves. Jour apr\u00e8s jour, ils enseignent, motivent, corrigent, \u00e9coutent et accompagnent leurs \u00e9l\u00e8ves dans de nouvelles \u00e9tapes scolaires. C\u2019est pourquoi un <strong>cadeau personnalis\u00e9 pour professeurs<\/strong> est une mani\u00e8re id\u00e9ale de reconna\u00eetre leurs efforts et leur d\u00e9vouement.<\/p>\n\n\n\n<p>Parmi nos id\u00e9es les plus originales, vous trouverez des mugs personnalis\u00e9s, des plaques avec d\u00e9dicace, des gourdes r\u00e9utilisables, des carnets, des porte-cl\u00e9s et bien d\u2019autres attentions pens\u00e9es pour les professeurs d\u2019\u00e9cole, de coll\u00e8ge, de lyc\u00e9e ou d\u2019acad\u00e9mie. Le mug <strong>\u00ab Patience en cours de chargement \u00bb<\/strong>, par exemple, est une option amusante et pratique pour les remercier de toute la patience dont ils ont fait preuve pendant l\u2019ann\u00e9e scolaire.<\/p>\n\n\n\n<h2 class=\"wp-block-heading\">Cadeaux originaux pour professeurs en fin d\u2019ann\u00e9e scolaire<\/h2>\n\n\n\n<p>La fin de l\u2019ann\u00e9e scolaire est l\u2019un des meilleurs moments pour offrir une attention aux enseignants. Apr\u00e8s des mois d\u2019efforts, d\u2019apprentissage et de moments partag\u00e9s, les <strong>cadeaux pour professeurs en fin d\u2019ann\u00e9e scolaire<\/strong> deviennent une belle fa\u00e7on de cl\u00f4turer l\u2019ann\u00e9e et de dire merci.<\/p>\n\n\n\n<p>Que vous cherchiez des <strong>cadeaux pour professeurs hommes<\/strong> ou des <strong>cadeaux pour professeures<\/strong>, chez Transparent Gift vous pourrez cr\u00e9er un d\u00e9tail personnalis\u00e9 adapt\u00e9 \u00e0 chaque style. Ajoutez une phrase sp\u00e9ciale, les noms des \u00e9l\u00e8ves, une photo de groupe ou une d\u00e9dicace \u00e9mouvante et transformez n\u2019importe quel produit en un souvenir inoubliable.<\/p>\n\n\n\n<h2 class=\"wp-block-heading\">Id\u00e9es de cadeaux personnalis\u00e9s pour professeurs<\/h2>\n\n\n\n<p>Dans notre boutique en ligne, vous trouverez des cadeaux pour tous les go\u00fbts : <strong>mugs personnalis\u00e9s pour professeurs<\/strong>, plaques avec message, gourdes avec pr\u00e9nom, coussins avec photos, porte-cl\u00e9s personnalis\u00e9s, carnets, marque-pages et bien d\u2019autres attentions pens\u00e9es pour \u00e9mouvoir.<\/p>\n\n\n\n<p>Personnaliser votre cadeau est tr\u00e8s simple : choisissez le produit qui vous pla\u00eet le plus, ajoutez les noms, photos ou textes que vous souhaitez et cr\u00e9ez un design unique en quelques \u00e9tapes. Vous pourrez ainsi offrir \u00e0 ce professeur ou cette professeure un souvenir sp\u00e9cial de ses \u00e9l\u00e8ves, de sa classe et de tout ce qui a \u00e9t\u00e9 v\u00e9cu pendant l\u2019ann\u00e9e scolaire.<\/p>\n\n\n\n<p>D\u00e9couvrez notre collection de <strong>cadeaux pour professeurs et fin d\u2019ann\u00e9e scolaire<\/strong> et trouvez l\u2019attention parfaite pour remercier ma\u00eetres, ma\u00eetresses et enseignants pour leur d\u00e9vouement, leur patience et leur affection.<\/p>\n","protected":false},"excerpt":{"rendered":"<p>Cadeaux originaux et personnalis\u00e9s pour professeurs Vous cherchez des cadeaux pour professeurs afin [&#8230;]<\/p>\n","protected":false},"author":223,"featured_media":0,"parent":0,"menu_order":0,"comment_status":"closed","ping_status":"closed","template":"landing-page.php","meta":{"_acf_changed":false,"footnotes":""},"class_list":["post-502427","page","type-page","status-publish","hentry"],"acf":[],"_links":{"self":[{"href":"https:\/\/transparentgift.com\/fr\/wp-json\/wp\/v2\/pages\/502427","targetHints":{"allow":["GET"]}}],"collection":[{"href":"https:\/\/transparentgift.com\/fr\/wp-json\/wp\/v2\/pages"}],"about":[{"href":"https:\/\/transparentgift.com\/fr\/wp-json\/wp\/v2\/types\/page"}],"author":[{"embeddable":true,"href":"https:\/\/transparentgift.com\/fr\/wp-json\/wp\/v2\/users\/223"}],"replies":[{"embeddable":true,"href":"https:\/\/transparentgift.com\/fr\/wp-json\/wp\/v2\/comments?post=502427"}],"version-history":[{"count":7,"href":"https:\/\/transparentgift.com\/fr\/wp-json\/wp\/v2\/pages\/502427\/revisions"}],"predecessor-version":[{"id":502580,"href":"https:\/\/transparentgift.com\/fr\/wp-json\/wp\/v2\/pages\/502427\/revisions\/502580"}],"wp:attachment":[{"href":"https:\/\/transparentgift.com\/fr\/wp-json\/wp\/v2\/media?parent=502427"}],"curies":[{"name":"wp","href":"https:\/\/api.w.org\/{rel}","templated":true}]}}