{"id":497588,"date":"2025-11-20T18:11:45","date_gmt":"2025-11-20T17:11:45","guid":{"rendered":"https:\/\/transparentgift.com\/fr\/lampe-veilleuse-animaux-pour-enfants-avec-prenom-personnalisee\/"},"modified":"2026-05-14T16:35:22","modified_gmt":"2026-05-14T14:35:22","slug":"veilleuse-animaux-pour-enfants-avec-prenom-personnalise","status":"publish","type":"product","link":"https:\/\/transparentgift.com\/fr\/veilleuse-animaux-pour-enfants-avec-prenom-personnalise\/","title":{"rendered":"Veilleuse animaux pour enfants avec pr\u00e9nom personnalis\u00e9"},"content":{"rendered":"<p><strong>Lampe veilleuse personnalis\u00e9e avec motif d\u2019animaux<\/strong>. Le cadeau le plus tendre et original pour accompagner les nuits des plus petits.<\/p>\n<p>Cette lampe pour enfant allie design, fonctionnalit\u00e9 et personnalisation. Vous pouvez choisir parmi <strong>12 adorables dessins d\u2019animaux<\/strong>\u00a0et faire graver le <strong>pr\u00e9nom de l\u2019enfant<\/strong>, cr\u00e9ant ainsi une pi\u00e8ce unique qui illumine ses r\u00eaves avec douceur et s\u00e9curit\u00e9.<\/p>\n<p>Parfaite pour les <strong>anniversaires<\/strong>, <strong>No\u00ebl<\/strong>, <strong>la rentr\u00e9e des classes<\/strong>, les <strong>naissances<\/strong> ou les <strong>bapt\u00eames<\/strong>. Cette lampe peut \u00eatre pos\u00e9e sur la table de chevet, le bureau ou une \u00e9tag\u00e8re, et est id\u00e9ale comme <strong>veilleuse<\/strong> gr\u00e2ce \u00e0 sa <strong>lumi\u00e8re LED RVB douce<\/strong>, parfaite pour aider \u00e0 s\u2019endormir.<\/p>\n<h4><strong>Caract\u00e9ristiques :<\/strong><\/h4>\n<ul>\n<li>Taille :<br \/>\n&#8211; Avec base : 19 \u00d7 14,5 x 4,5 cm<br \/>\n&#8211; Avec cadre : 21 x 17 cm<\/li>\n<li>Mat\u00e9riau :<br \/>\n&#8211; Plaque : m\u00e9thacrylate de haute qualit\u00e9<br \/>\n&#8211; Base : bois de haute qualit\u00e9<\/li>\n<li>Comprend : lumi\u00e8re LED RVB. C\u00e2ble USB. Emballage avec bo\u00eete cadeau<\/li>\n<li>Entretien : se nettoie facilement \u00e0 l\u2019aide de la chiffonnette incluse<\/li>\n<\/ul>\n","protected":false},"excerpt":{"rendered":"<p>Lampe veilleuse personnalis\u00e9e avec motif d\u2019animaux. Le cadeau le plus tendre et original pour acc [&#8230;]<\/p>\n","protected":false},"featured_media":497194,"comment_status":"open","ping_status":"closed","template":"","meta":{"_acf_changed":false},"product_brand":[],"product_cat":[1682,1683],"product_tag":[1684,1685,1677],"class_list":{"0":"post-497588","1":"product","2":"type-product","3":"status-publish","4":"has-post-thumbnail","6":"product_cat-lampes-personnalisees","7":"product_cat-veilleuses-pour-enfants-personnalisees","8":"product_tag-bebes","9":"product_tag-enfants","10":"product_tag-generique","12":"first","13":"instock","14":"sale","15":"taxable","16":"shipping-taxable","17":"purchasable","18":"product-type-simple"},"acf":[],"df_price":14.99,"df_sale_price":14.99,"df_regular_price":20.99,"df_image_link":"https:\/\/transparentgift.com\/fr\/wp-content\/uploads\/2025\/11\/Lampara-Quitamiedos_1_francia-300x300.jpg","_links":{"self":[{"href":"https:\/\/transparentgift.com\/fr\/wp-json\/wp\/v2\/product\/497588","targetHints":{"allow":["GET"]}}],"collection":[{"href":"https:\/\/transparentgift.com\/fr\/wp-json\/wp\/v2\/product"}],"about":[{"href":"https:\/\/transparentgift.com\/fr\/wp-json\/wp\/v2\/types\/product"}],"replies":[{"embeddable":true,"href":"https:\/\/transparentgift.com\/fr\/wp-json\/wp\/v2\/comments?post=497588"}],"wp:featuredmedia":[{"embeddable":true,"href":"https:\/\/transparentgift.com\/fr\/wp-json\/wp\/v2\/media\/497194"}],"wp:attachment":[{"href":"https:\/\/transparentgift.com\/fr\/wp-json\/wp\/v2\/media?parent=497588"}],"wp:term":[{"taxonomy":"product_brand","embeddable":true,"href":"https:\/\/transparentgift.com\/fr\/wp-json\/wp\/v2\/product_brand?post=497588"},{"taxonomy":"product_cat","embeddable":true,"href":"https:\/\/transparentgift.com\/fr\/wp-json\/wp\/v2\/product_cat?post=497588"},{"taxonomy":"product_tag","embeddable":true,"href":"https:\/\/transparentgift.com\/fr\/wp-json\/wp\/v2\/product_tag?post=497588"}],"curies":[{"name":"wp","href":"https:\/\/api.w.org\/{rel}","templated":true}]}}