{"id":497589,"date":"2025-11-20T18:11:46","date_gmt":"2025-11-20T17:11:46","guid":{"rendered":"https:\/\/transparentgift.com\/fr\/porte-cles-spotify-personnalise\/"},"modified":"2026-01-14T10:57:46","modified_gmt":"2026-01-14T09:57:46","slug":"porte-cles-spotify-personnalise","status":"publish","type":"product","link":"https:\/\/transparentgift.com\/fr\/porte-cles-spotify-personnalise\/","title":{"rendered":"Porte-cl\u00e9s Spotify personnalis\u00e9"},"content":{"rendered":"<p><strong>Porte-cl\u00e9s Spotify personnalis\u00e9 : une attention unique pour immortaliser vos moments sp\u00e9ciaux<\/strong>.<\/p>\n<p>Transformez votre <strong>chanson pr\u00e9f\u00e9r\u00e9e<\/strong> en un souvenir tangible avec ce <strong>porte-cl\u00e9s personnalis\u00e9 avec code Spotify<\/strong>, con\u00e7u pour capturer les \u00e9motions \u00e0 travers la musique. Vous pouvez emporter avec vous cette m\u00e9lodie qui vous unit, cr\u00e9ant ainsi un cadeau original, fonctionnel et tr\u00e8s significatif.<\/p>\n<p>C\u2019est un <strong>cadeau de la Saint-Valentin original<\/strong>, id\u00e9al aussi pour les <strong>anniversaires de mariage et<\/strong><b>&nbsp;de naissance<\/b>, <strong>No\u00ebl<\/strong>, la <strong>F\u00eate des M\u00e8res<\/strong> ou la <strong>F\u00eate des P\u00e8res<\/strong>, ou pour surprendre quelqu\u2019un de sp\u00e9cial \u00e0 tout moment. Parfait pour les <strong>couples<\/strong>, les <strong>amis<\/strong> ou les <strong>membres de la famille<\/strong> qui appr\u00e9cient les <strong>attentions personnalis\u00e9es<\/strong>. Gr\u00e2ce \u00e0 son design compact et \u00e9l\u00e9gant, ce porte-cl\u00e9s est le compl\u00e9ment parfait pour garder les \u00e9motions toujours pr\u00e8s de soi.<\/p>\n<h4><strong>Caract\u00e9ristiques :<\/strong><\/h4>\n<ul>\n<li>Taille : 4,5 \u00d7 6,5 cm<\/li>\n<li>Mat\u00e9riau : m\u00e9thacrylate de haute qualit\u00e9<\/li>\n<li>Inclus : cha\u00eene m\u00e9tallique avec finition couleur argent. Emballage premium parfait pour offrir<\/li>\n<\/ul>\n","protected":false},"excerpt":{"rendered":"<p>Porte-cl\u00e9s Spotify personnalis\u00e9 : une attention unique pour immortaliser vos moments sp\u00e9ciaux. Tr [&#8230;]<\/p>\n","protected":false},"featured_media":497263,"comment_status":"open","ping_status":"closed","template":"","meta":{"_acf_changed":false},"product_brand":[],"product_cat":[1679],"product_tag":[1678,1680,1677,1681,1686],"class_list":{"0":"post-497589","1":"product","2":"type-product","3":"status-publish","4":"has-post-thumbnail","6":"product_cat-porte-cles-personnalises","7":"product_tag-couples","8":"product_tag-femmes","9":"product_tag-generique","10":"product_tag-peres","11":"product_tag-spotify","13":"first","14":"instock","15":"taxable","16":"shipping-taxable","17":"purchasable","18":"product-type-simple"},"acf":[],"df_price":15.99,"df_sale_price":"","df_regular_price":15.99,"df_image_link":"https:\/\/transparentgift.com\/fr\/wp-content\/uploads\/2025\/11\/Llavero-Spotify_1_francia-300x300.jpg","_links":{"self":[{"href":"https:\/\/transparentgift.com\/fr\/wp-json\/wp\/v2\/product\/497589","targetHints":{"allow":["GET"]}}],"collection":[{"href":"https:\/\/transparentgift.com\/fr\/wp-json\/wp\/v2\/product"}],"about":[{"href":"https:\/\/transparentgift.com\/fr\/wp-json\/wp\/v2\/types\/product"}],"replies":[{"embeddable":true,"href":"https:\/\/transparentgift.com\/fr\/wp-json\/wp\/v2\/comments?post=497589"}],"wp:featuredmedia":[{"embeddable":true,"href":"https:\/\/transparentgift.com\/fr\/wp-json\/wp\/v2\/media\/497263"}],"wp:attachment":[{"href":"https:\/\/transparentgift.com\/fr\/wp-json\/wp\/v2\/media?parent=497589"}],"wp:term":[{"taxonomy":"product_brand","embeddable":true,"href":"https:\/\/transparentgift.com\/fr\/wp-json\/wp\/v2\/product_brand?post=497589"},{"taxonomy":"product_cat","embeddable":true,"href":"https:\/\/transparentgift.com\/fr\/wp-json\/wp\/v2\/product_cat?post=497589"},{"taxonomy":"product_tag","embeddable":true,"href":"https:\/\/transparentgift.com\/fr\/wp-json\/wp\/v2\/product_tag?post=497589"}],"curies":[{"name":"wp","href":"https:\/\/api.w.org\/{rel}","templated":true}]}}