{"id":497590,"date":"2025-11-20T18:11:48","date_gmt":"2025-11-20T17:11:48","guid":{"rendered":"https:\/\/transparentgift.com\/fr\/lampe-spotify-personnalisee\/"},"modified":"2026-01-14T10:57:46","modified_gmt":"2026-01-14T09:57:46","slug":"lampe-spotify-personnalisee","status":"publish","type":"product","link":"https:\/\/transparentgift.com\/fr\/lampe-spotify-personnalisee\/","title":{"rendered":"Lampe Spotify personnalis\u00e9e"},"content":{"rendered":"<p><strong>Lampe Spotify personnalis\u00e9e<\/strong>. Un cadeau unique pour les amoureux de musique qui souhaitent capturer des moments sp\u00e9ciaux sous forme de lumi\u00e8re.<\/p>\n<p>Transformez cette chanson qui vous unit en un souvenir inoubliable avec cette <strong>lampe personnalis\u00e9e avec chanson<\/strong>, qui inclut le code QR, le titre et le nom de l\u2019artiste. Le QR peut \u00eatre scann\u00e9 depuis des comptes <strong>Spotify Premium<\/strong>, cr\u00e9ant une exp\u00e9rience \u00e0 la fois \u00e9motionnelle et d\u00e9corative.<\/p>\n<p>Id\u00e9ale comme <strong>cadeau de la Saint-Valentin<\/strong>, pour la&nbsp;<strong>F\u00eate des P\u00e8res<\/strong>, la&nbsp;<strong>F\u00eate des M\u00e8res<\/strong>, un&nbsp;<strong>anniversaire de naissance<\/strong>,<strong>&nbsp;<\/strong>un&nbsp;<b style=\"color: rgb(0, 0, 0); font-family: Aptos, sans-serif; font-size: 12pt;\"><span style=\"font-size: 10.5pt; line-height: 16.1px; font-family: &quot;Segoe UI&quot;, sans-serif; color: rgb(13, 20, 33); background-image: initial; background-position: initial; background-size: initial; background-repeat: initial; background-attachment: initial; background-origin: initial; background-clip: initial;\">anniversaire de mariage<\/span><\/b>,&nbsp;<strong>No\u00ebl<\/strong> ou simplement comme une attention personnelle pour d\u00e9corer n\u2019importe quel coin avec musique et \u00e9motion. Parfaite pour les <strong>couples<\/strong>, les <strong>amis<\/strong> ou les <strong>membres de la famille<\/strong> qui appr\u00e9cient les cadeaux originaux et personnalis\u00e9s.<\/p>\n<h4><strong>Caract\u00e9ristiques :<\/strong><\/h4>\n<ul>\n<li>Taille :<br \/>\n&#8211; Avec base : 18 x 14,5 x 4,5 cm<br \/>\n&#8211; Avec cadre : 21 x 17 cm<\/li>\n<li>Mat\u00e9riau :<br \/>\n&#8211; Plaque : m\u00e9thacrylate de haute qualit\u00e9<br \/>\n&#8211; Base : bois de haute qualit\u00e9<\/li>\n<li>Comprend : lumi\u00e8re LED chaude, c\u00e2ble USB et emballage avec bo\u00eete cadeau<\/li>\n<li>Entretien : nettoyage simple avec la chiffonnette incluse<\/li>\n<\/ul>\n","protected":false},"excerpt":{"rendered":"<p>Lampe Spotify personnalis\u00e9e. Un cadeau unique pour les amoureux de musique qui souhaitent capturer  [&#8230;]<\/p>\n","protected":false},"featured_media":498139,"comment_status":"open","ping_status":"closed","template":"","meta":{"_acf_changed":false},"product_brand":[],"product_cat":[1682],"product_tag":[1678,1680,1677,1681,1686],"class_list":{"0":"post-497590","1":"product","2":"type-product","3":"status-publish","4":"has-post-thumbnail","6":"product_cat-lampes-personnalisees","7":"product_tag-couples","8":"product_tag-femmes","9":"product_tag-generique","10":"product_tag-peres","11":"product_tag-spotify","13":"first","14":"instock","15":"sale","16":"taxable","17":"shipping-taxable","18":"purchasable","19":"product-type-simple"},"acf":[],"df_price":30.99,"df_sale_price":30.99,"df_regular_price":34.99,"df_image_link":"https:\/\/transparentgift.com\/fr\/wp-content\/uploads\/2025\/11\/1a-300x300.jpg","_links":{"self":[{"href":"https:\/\/transparentgift.com\/fr\/wp-json\/wp\/v2\/product\/497590","targetHints":{"allow":["GET"]}}],"collection":[{"href":"https:\/\/transparentgift.com\/fr\/wp-json\/wp\/v2\/product"}],"about":[{"href":"https:\/\/transparentgift.com\/fr\/wp-json\/wp\/v2\/types\/product"}],"replies":[{"embeddable":true,"href":"https:\/\/transparentgift.com\/fr\/wp-json\/wp\/v2\/comments?post=497590"}],"wp:featuredmedia":[{"embeddable":true,"href":"https:\/\/transparentgift.com\/fr\/wp-json\/wp\/v2\/media\/498139"}],"wp:attachment":[{"href":"https:\/\/transparentgift.com\/fr\/wp-json\/wp\/v2\/media?parent=497590"}],"wp:term":[{"taxonomy":"product_brand","embeddable":true,"href":"https:\/\/transparentgift.com\/fr\/wp-json\/wp\/v2\/product_brand?post=497590"},{"taxonomy":"product_cat","embeddable":true,"href":"https:\/\/transparentgift.com\/fr\/wp-json\/wp\/v2\/product_cat?post=497590"},{"taxonomy":"product_tag","embeddable":true,"href":"https:\/\/transparentgift.com\/fr\/wp-json\/wp\/v2\/product_tag?post=497590"}],"curies":[{"name":"wp","href":"https:\/\/api.w.org\/{rel}","templated":true}]}}