{"id":497591,"date":"2025-11-20T18:11:49","date_gmt":"2025-11-20T17:11:49","guid":{"rendered":"https:\/\/transparentgift.com\/fr\/lampe-illustree-3d-personnalisee\/"},"modified":"2026-02-13T16:45:35","modified_gmt":"2026-02-13T15:45:35","slug":"lampe-illustree-3d-personnalisee","status":"publish","type":"product","link":"https:\/\/transparentgift.com\/fr\/lampe-illustree-3d-personnalisee\/","title":{"rendered":"Lampe illustr\u00e9e 3D personnalis\u00e9e"},"content":{"rendered":"<p><strong>Lampe illustr\u00e9e 3D personnalis\u00e9e<\/strong>. Un cadeau unique qui transforme vos souvenirs en une \u00e9l\u00e9gante lumi\u00e8re d\u00e9corative.<\/p>\n<p>Transformez votre photo pr\u00e9f\u00e9r\u00e9e en une illustration 3D lumineuse, grav\u00e9e sur une plaque de m\u00e9thacrylate de haute qualit\u00e9. Un <strong>cadeau personnalis\u00e9 avec illustration<\/strong> parfait pour \u00e9mouvoir et d\u00e9corer, qui combine art, lumi\u00e8re et \u00e9motion en une seule pi\u00e8ce.<\/p>\n<p>Id\u00e9ale comme <strong>cadeau de la Saint-Valentin<\/strong>, pour la <strong>F\u00eate des M\u00e8res<\/strong>, les <strong>anniversaires de couple ou de naissance,<\/strong>\u00a0<strong>No\u00ebl<\/strong> ou pour surprendre lors d\u2019un <strong>mariage<\/strong>. Cette <strong>lampe personnalis\u00e9e pour couples<\/strong>, familles ou amis devient un souvenir attendrissant que l\u2019on peut poser sur la table de nuit, une \u00e9tag\u00e8re ou un bureau, illuminant les plus beaux moments de votre histoire avec sa chaleureuse lumi\u00e8re LED.<\/p>\n<h4><strong>Caract\u00e9ristiques :<\/strong><\/h4>\n<ul>\n<li>Taille :<br \/>\n&#8211; Avec base : 18 x 14,5 x 4,5 cm (peut varier selon l\u2019illustration)<br \/>\n&#8211; Avec cadre : 21 x 17 cm<\/li>\n<li>Mat\u00e9riau :<br \/>\n&#8211; Plaque : m\u00e9thacrylate de haute qualit\u00e9<br \/>\n&#8211; Base : bois naturel de haute qualit\u00e9<\/li>\n<li>Comprend : lumi\u00e8re LED chaude, c\u00e2ble USB et emballage avec bo\u00eete cadeau<\/li>\n<li>Entretien : nettoyage facile avec la chiffonnette incluse<\/li>\n<\/ul>\n","protected":false},"excerpt":{"rendered":"<p>Lampe illustr\u00e9e 3D personnalis\u00e9e. Un cadeau unique qui transforme vos souvenirs en une \u00e9l\u00e9gante  [&#8230;]<\/p>\n","protected":false},"featured_media":497209,"comment_status":"open","ping_status":"closed","template":"","meta":{"_acf_changed":false},"product_brand":[],"product_cat":[1682],"product_tag":[1678,1687,1680,1677,1699,1681],"class_list":{"0":"post-497591","1":"product","2":"type-product","3":"status-publish","4":"has-post-thumbnail","6":"product_cat-lampes-personnalisees","7":"product_tag-couples","8":"product_tag-famille","9":"product_tag-femmes","10":"product_tag-generique","11":"product_tag-grands-parents","12":"product_tag-peres","14":"first","15":"instock","16":"sale","17":"taxable","18":"shipping-taxable","19":"purchasable","20":"product-type-simple"},"acf":[],"df_price":34.99,"df_sale_price":34.99,"df_regular_price":44.99,"df_image_link":"https:\/\/transparentgift.com\/fr\/wp-content\/uploads\/2025\/11\/1-Lampara-ilustrada-3D-personalizada-1-300x300.jpg","_links":{"self":[{"href":"https:\/\/transparentgift.com\/fr\/wp-json\/wp\/v2\/product\/497591","targetHints":{"allow":["GET"]}}],"collection":[{"href":"https:\/\/transparentgift.com\/fr\/wp-json\/wp\/v2\/product"}],"about":[{"href":"https:\/\/transparentgift.com\/fr\/wp-json\/wp\/v2\/types\/product"}],"replies":[{"embeddable":true,"href":"https:\/\/transparentgift.com\/fr\/wp-json\/wp\/v2\/comments?post=497591"}],"wp:featuredmedia":[{"embeddable":true,"href":"https:\/\/transparentgift.com\/fr\/wp-json\/wp\/v2\/media\/497209"}],"wp:attachment":[{"href":"https:\/\/transparentgift.com\/fr\/wp-json\/wp\/v2\/media?parent=497591"}],"wp:term":[{"taxonomy":"product_brand","embeddable":true,"href":"https:\/\/transparentgift.com\/fr\/wp-json\/wp\/v2\/product_brand?post=497591"},{"taxonomy":"product_cat","embeddable":true,"href":"https:\/\/transparentgift.com\/fr\/wp-json\/wp\/v2\/product_cat?post=497591"},{"taxonomy":"product_tag","embeddable":true,"href":"https:\/\/transparentgift.com\/fr\/wp-json\/wp\/v2\/product_tag?post=497591"}],"curies":[{"name":"wp","href":"https:\/\/api.w.org\/{rel}","templated":true}]}}