{"id":497593,"date":"2025-11-20T18:11:53","date_gmt":"2025-11-20T17:11:53","guid":{"rendered":"https:\/\/transparentgift.com\/fr\/plaque-netflix-personnalisee\/"},"modified":"2026-03-05T10:25:12","modified_gmt":"2026-03-05T09:25:12","slug":"plaque-netflix-personnalisee","status":"publish","type":"product","link":"https:\/\/transparentgift.com\/fr\/plaque-netflix-personnalisee\/","title":{"rendered":"Plaque Netflix personnalis\u00e9e"},"content":{"rendered":"<p><strong>La plaque Netflix personnalis\u00e9e est le cadeau parfait pour les cin\u00e9philes de votre vie<\/strong>. Transformez vos moments sp\u00e9ciaux en une couverture unique dans le style Netflix.<\/p>\n<p>Avec un design enti\u00e8rement personnalisable, cette plaque vous permet d\u2019exprimer vos sentiments de mani\u00e8re originale et \u00e9mouvante. Id\u00e9ale pour surprendre en toute occasion.<\/p>\n<p>Ce produit est con\u00e7u pour les amateurs de cin\u00e9ma et de s\u00e9ries, et il est parfait \u00e0 offrir pour un anniversaire de mariage ou de naissance, la f\u00eate des P\u00e8res ou des M\u00e8res, et m\u00eame \u00e0 No\u00ebl. Personnalisez chaque d\u00e9tail avec un titre, un sous-titre, une description et quatre photos qui refl\u00e8tent vos plus beaux moments ensemble.<\/p>\n<h4><strong>Caract\u00e9ristiques :<\/strong><\/h4>\n<ul>\n<li>Taille : 29,7 x 21 cm<\/li>\n<li>Mat\u00e9riau : m\u00e9thacrylate de haute qualit\u00e9.<\/li>\n<li>Inclus : emballage avec bo\u00eete cadeau.<\/li>\n<li>Entretien : se nettoie facilement \u00e0 l\u2019aide d\u2019un chiffon doux.<\/li>\n<\/ul>\n","protected":false},"excerpt":{"rendered":"<p>La plaque Netflix personnalis\u00e9e est le cadeau parfait pour les cin\u00e9philes de votre vie. Transforme [&#8230;]<\/p>\n","protected":false},"featured_media":497017,"comment_status":"open","ping_status":"closed","template":"","meta":{"_acf_changed":false},"product_brand":[],"product_cat":[1676],"product_tag":[1678,1680,1677,1681],"class_list":{"0":"post-497593","1":"product","2":"type-product","3":"status-publish","4":"has-post-thumbnail","6":"product_cat-photos-personnalisees-en-plexiglas","7":"product_tag-couples","8":"product_tag-femmes","9":"product_tag-generique","10":"product_tag-peres","12":"first","13":"instock","14":"sale","15":"taxable","16":"shipping-taxable","17":"purchasable","18":"product-type-simple"},"acf":[],"df_price":24.99,"df_sale_price":24.99,"df_regular_price":29.99,"df_image_link":"https:\/\/transparentgift.com\/fr\/wp-content\/uploads\/2025\/11\/placa-netflix_1-300x300.jpg","_links":{"self":[{"href":"https:\/\/transparentgift.com\/fr\/wp-json\/wp\/v2\/product\/497593","targetHints":{"allow":["GET"]}}],"collection":[{"href":"https:\/\/transparentgift.com\/fr\/wp-json\/wp\/v2\/product"}],"about":[{"href":"https:\/\/transparentgift.com\/fr\/wp-json\/wp\/v2\/types\/product"}],"replies":[{"embeddable":true,"href":"https:\/\/transparentgift.com\/fr\/wp-json\/wp\/v2\/comments?post=497593"}],"wp:featuredmedia":[{"embeddable":true,"href":"https:\/\/transparentgift.com\/fr\/wp-json\/wp\/v2\/media\/497017"}],"wp:attachment":[{"href":"https:\/\/transparentgift.com\/fr\/wp-json\/wp\/v2\/media?parent=497593"}],"wp:term":[{"taxonomy":"product_brand","embeddable":true,"href":"https:\/\/transparentgift.com\/fr\/wp-json\/wp\/v2\/product_brand?post=497593"},{"taxonomy":"product_cat","embeddable":true,"href":"https:\/\/transparentgift.com\/fr\/wp-json\/wp\/v2\/product_cat?post=497593"},{"taxonomy":"product_tag","embeddable":true,"href":"https:\/\/transparentgift.com\/fr\/wp-json\/wp\/v2\/product_tag?post=497593"}],"curies":[{"name":"wp","href":"https:\/\/api.w.org\/{rel}","templated":true}]}}