{"id":497595,"date":"2025-11-20T18:11:56","date_gmt":"2025-11-20T17:11:56","guid":{"rendered":"https:\/\/transparentgift.com\/fr\/lampe-maman-avec-4-photos-personnalisee\/"},"modified":"2026-01-14T10:57:49","modified_gmt":"2026-01-14T09:57:49","slug":"lampe-maman-avec-4-photos-personnalisee","status":"publish","type":"product","link":"https:\/\/transparentgift.com\/fr\/lampe-maman-avec-4-photos-personnalisee\/","title":{"rendered":"Lampe Maman avec 4 photos personnalis\u00e9e"},"content":{"rendered":"<p><strong>Lampe personnalis\u00e9e Maman avec 4 photos et phrases<\/strong>. Un cadeau inoubliable qui illumine les souvenirs les plus sp\u00e9ciaux avec amour.<\/p>\n<p>Surprenez votre maman avec cette <strong>lampe personnalis\u00e9e<\/strong> grav\u00e9e sur une \u00e9l\u00e9gante plaque en m\u00e9thacrylate, accompagn\u00e9e d\u2019un socle en bois. Elle inclut <strong>quatre photos<\/strong> de votre choix et le mot \u00ab MAMAN \u00bb grav\u00e9 dans le dessin. Une pi\u00e8ce \u00e9motive et d\u00e9corative qui combine souvenirs et lumi\u00e8re avec un style unique.<\/p>\n<p>C\u2019est le <strong>cadeau le plus original<\/strong> pour la <strong>F\u00eate des M\u00e8res<\/strong>, un&nbsp;<strong>anniversaire<\/strong>, <strong>No\u00ebl<\/strong> ou toute autre occasion sp\u00e9ciale. Sous les images, vous pourrez ajouter <strong>deux phrases \u00e9mouvantes<\/strong> et, si vous le souhaitez, un <strong>message personnalis\u00e9 sur le socle<\/strong> pour rendre ce cadeau encore plus sp\u00e9cial. Id\u00e9ale pour d\u00e9corer \u00e9tag\u00e8res, tables de chevet ou bureaux avec une lumi\u00e8re LED douce et chaleureuse.<\/p>\n<h4><strong>Caract\u00e9ristiques :<\/strong><\/h4>\n<ul>\n<li>Taille :<br \/>\n&#8211; Avec socle : 17 \u00d7 14,5 x 4,5 cm<br \/>\n&#8211; Avec cadre : 21 x 17 cm<\/li>\n<li>Mat\u00e9riau :<br \/>\n&#8211; Plaque : m\u00e9thacrylate de haute qualit\u00e9<br \/>\n&#8211; Socle : bois de haute qualit\u00e9<\/li>\n<li>Inclus : lumi\u00e8re LED chaude, c\u00e2ble USB et emballage avec bo\u00eete cadeau<\/li>\n<\/ul>\n","protected":false},"excerpt":{"rendered":"<p>Lampe personnalis\u00e9e Maman avec 4 photos et phrases. Un cadeau inoubliable qui illumine les souvenir [&#8230;]<\/p>\n","protected":false},"featured_media":497200,"comment_status":"open","ping_status":"closed","template":"","meta":{"_acf_changed":false},"product_brand":[],"product_cat":[1682],"product_tag":[1688],"class_list":{"0":"post-497595","1":"product","2":"type-product","3":"status-publish","4":"has-post-thumbnail","6":"product_cat-lampes-personnalisees","7":"product_tag-meres","9":"first","10":"instock","11":"sale","12":"taxable","13":"shipping-taxable","14":"purchasable","15":"product-type-simple"},"acf":[],"df_price":14.99,"df_sale_price":14.99,"df_regular_price":20.99,"df_image_link":"https:\/\/transparentgift.com\/fr\/wp-content\/uploads\/2025\/11\/Lampara-Mama-con-4-fotos-personalizada-1_FRANCIA-300x300.jpg","_links":{"self":[{"href":"https:\/\/transparentgift.com\/fr\/wp-json\/wp\/v2\/product\/497595","targetHints":{"allow":["GET"]}}],"collection":[{"href":"https:\/\/transparentgift.com\/fr\/wp-json\/wp\/v2\/product"}],"about":[{"href":"https:\/\/transparentgift.com\/fr\/wp-json\/wp\/v2\/types\/product"}],"replies":[{"embeddable":true,"href":"https:\/\/transparentgift.com\/fr\/wp-json\/wp\/v2\/comments?post=497595"}],"wp:featuredmedia":[{"embeddable":true,"href":"https:\/\/transparentgift.com\/fr\/wp-json\/wp\/v2\/media\/497200"}],"wp:attachment":[{"href":"https:\/\/transparentgift.com\/fr\/wp-json\/wp\/v2\/media?parent=497595"}],"wp:term":[{"taxonomy":"product_brand","embeddable":true,"href":"https:\/\/transparentgift.com\/fr\/wp-json\/wp\/v2\/product_brand?post=497595"},{"taxonomy":"product_cat","embeddable":true,"href":"https:\/\/transparentgift.com\/fr\/wp-json\/wp\/v2\/product_cat?post=497595"},{"taxonomy":"product_tag","embeddable":true,"href":"https:\/\/transparentgift.com\/fr\/wp-json\/wp\/v2\/product_tag?post=497595"}],"curies":[{"name":"wp","href":"https:\/\/api.w.org\/{rel}","templated":true}]}}