{"id":497597,"date":"2025-11-20T18:11:59","date_gmt":"2025-11-20T17:11:59","guid":{"rendered":"https:\/\/transparentgift.com\/fr\/lampe-animal-de-compagnie-avec-photo-personnalisee\/"},"modified":"2026-01-14T10:57:50","modified_gmt":"2026-01-14T09:57:50","slug":"lampe-animal-de-compagnie-avec-photo-personnalisee","status":"publish","type":"product","link":"https:\/\/transparentgift.com\/fr\/lampe-animal-de-compagnie-avec-photo-personnalisee\/","title":{"rendered":"Lampe Animal de Compagnie avec Photo Personnalis\u00e9e"},"content":{"rendered":"<p>Cette <strong>lampe personnalis\u00e9e<\/strong> est le cadeau le plus original pour les <strong>amoureux des animaux<\/strong>. Elle surprendra vos <strong>amis, votre famille ou votre partenaire<\/strong> pour un <strong>anniversaire, \u00e0 No\u00ebl, pour un anniversaire de mariage<\/strong> ou pour toute autre occasion qui le m\u00e9rite. Quelle que soit la situation, l\u2019\u00e9motion est garantie !<\/p>\n<p>Cette plaque lumineuse est enti\u00e8rement personnalisable. Il vous suffit de <strong>t\u00e9l\u00e9charger votre photo pr\u00e9f\u00e9r\u00e9e de l\u2019animal de compagnie<\/strong>, afin qu\u2019elle soit encadr\u00e9e dans la <strong>plaque de forme circulaire<\/strong>, accompagn\u00e9e de deux petites pattes. Le r\u00e9sultat plaira \u00e0 coup s\u00fbr ! Elle immortalisera l&rsquo;animal actuel ou celui qui n\u2019est plus l\u00e0.<\/p>\n<p>La plaque de la lampe est fabriqu\u00e9e en <strong>m\u00e9thacrylate de haute qualit\u00e9<\/strong>, ce qui lui conf\u00e8re r\u00e9sistance et durabilit\u00e9. La <strong>base<\/strong> sur laquelle elle repose est en <strong>bois<\/strong>, et vous pourrez y faire graver <strong>un autre message suppl\u00e9mentaire<\/strong> pour un petit suppl\u00e9ment. La personne \u00e0 qui vous l\u2019offrez pourra la poser sur n\u2019importe quelle surface pour <strong>d\u00e9corer et illuminer l\u2019espace<\/strong>, gr\u00e2ce \u00e0 sa lumi\u00e8re douce qui s\u2019allume \u00e0 l\u2019aide d\u2019un <strong>interrupteur marche\/arr\u00eat<\/strong>.<\/p>\n<p>Ne passez pas \u00e0 c\u00f4t\u00e9 du meilleur cadeau pour rendre heureux cette personne sp\u00e9ciale et son animal de compagnie. Personnalisez la lampe \u00e0 son go\u00fbt et laissez-la la placer sur une <strong>\u00e9tag\u00e8re, sa table de chevet<\/strong> ou o\u00f9 elle le souhaite. Vous la ferez se sentir vraiment chanceuse !<\/p>\n<p><strong>Caract\u00e9ristiques :<\/strong><\/p>\n<ul>\n<li>Taille : 14,5 \u00d7 14 x 4,5 cm<\/li>\n<li>Mat\u00e9riau :\n<ul>\n<li>Platine : m\u00e9thacrylate de haute qualit\u00e9.<\/li>\n<li>Base : bois de haute qualit\u00e9.<\/li>\n<\/ul>\n<\/li>\n<li>Comprend : lumi\u00e8re LED chaude. C\u00e2ble USB. Packaging avec bo\u00eete cadeau.<\/li>\n<li>Entretien : se nettoie facilement \u00e0 l\u2019aide de la chiffonnette incluse.<\/li>\n<\/ul>\n","protected":false},"excerpt":{"rendered":"<p>Cette lampe personnalis\u00e9e est le cadeau le plus original pour les amoureux des animaux. Elle surpre [&#8230;]<\/p>\n","protected":false},"featured_media":497191,"comment_status":"open","ping_status":"closed","template":"","meta":{"_acf_changed":false},"product_brand":[],"product_cat":[1682],"product_tag":[1689,1687],"class_list":{"0":"post-497597","1":"product","2":"type-product","3":"status-publish","4":"has-post-thumbnail","6":"product_cat-lampes-personnalisees","7":"product_tag-animaux","8":"product_tag-famille","10":"first","11":"instock","12":"sale","13":"taxable","14":"shipping-taxable","15":"purchasable","16":"product-type-simple"},"acf":[],"df_price":20.99,"df_sale_price":20.99,"df_regular_price":34.99,"df_image_link":"https:\/\/transparentgift.com\/fr\/wp-content\/uploads\/2025\/11\/Lampara-Mascota-con-Foto-personalizada-1-300x300.jpg","_links":{"self":[{"href":"https:\/\/transparentgift.com\/fr\/wp-json\/wp\/v2\/product\/497597","targetHints":{"allow":["GET"]}}],"collection":[{"href":"https:\/\/transparentgift.com\/fr\/wp-json\/wp\/v2\/product"}],"about":[{"href":"https:\/\/transparentgift.com\/fr\/wp-json\/wp\/v2\/types\/product"}],"replies":[{"embeddable":true,"href":"https:\/\/transparentgift.com\/fr\/wp-json\/wp\/v2\/comments?post=497597"}],"wp:featuredmedia":[{"embeddable":true,"href":"https:\/\/transparentgift.com\/fr\/wp-json\/wp\/v2\/media\/497191"}],"wp:attachment":[{"href":"https:\/\/transparentgift.com\/fr\/wp-json\/wp\/v2\/media?parent=497597"}],"wp:term":[{"taxonomy":"product_brand","embeddable":true,"href":"https:\/\/transparentgift.com\/fr\/wp-json\/wp\/v2\/product_brand?post=497597"},{"taxonomy":"product_cat","embeddable":true,"href":"https:\/\/transparentgift.com\/fr\/wp-json\/wp\/v2\/product_cat?post=497597"},{"taxonomy":"product_tag","embeddable":true,"href":"https:\/\/transparentgift.com\/fr\/wp-json\/wp\/v2\/product_tag?post=497597"}],"curies":[{"name":"wp","href":"https:\/\/api.w.org\/{rel}","templated":true}]}}