{"id":497598,"date":"2025-11-20T18:12:01","date_gmt":"2025-11-20T17:12:01","guid":{"rendered":"https:\/\/transparentgift.com\/fr\/lampe-enfant-lion-avec-initiale-et-prenom-personnalisee\/"},"modified":"2026-01-14T10:57:50","modified_gmt":"2026-01-14T09:57:50","slug":"lampe-enfant-lion-avec-initiale-et-prenom-personnalisee","status":"publish","type":"product","link":"https:\/\/transparentgift.com\/fr\/lampe-enfant-lion-avec-initiale-et-prenom-personnalisee\/","title":{"rendered":"Lampe enfant lion avec initiales et pr\u00e9nom personnalis\u00e9e"},"content":{"rendered":"<p><strong>Lampe veilleuse avec motif de petit lion personnalis\u00e9e<\/strong>. Un cadeau tendre et fonctionnel qui illumine les nuits des plus petits avec douceur et s\u00e9curit\u00e9.<\/p>\n<p>Avec cette <strong>lampe pour enfant personnalis\u00e9e<\/strong>, vous ajouterez une touche unique et sp\u00e9ciale \u00e0 sa chambre. Vous pouvez la personnaliser facilement avec <strong>les initiales et le pr\u00e9nom<\/strong> de l\u2019enfant, qui seront grav\u00e9s \u00e0 c\u00f4t\u00e9 du joli dessin du lion, pour qu\u2019il ou elle ait l\u2019impression que la lampe a \u00e9t\u00e9 faite rien que pour lui ou pour elle.<\/p>\n<p>Parfaite comme <strong>cadeau d\u2019anniversaire<\/strong>, pour <strong>No\u00ebl<\/strong>, <strong>la rentr\u00e9e des classes<\/strong>, les <strong>bapt\u00eames<\/strong> ou les <strong>naissances<\/strong>. La lumi\u00e8re LED RGB douce aide \u00e0 <strong>favoriser l\u2019endormissement<\/strong> et fonctionne comme une <strong>lampe veilleuse<\/strong>, id\u00e9ale \u00e0 poser sur la table de nuit, le bureau ou une \u00e9tag\u00e8re.<\/p>\n<h4><strong>Caract\u00e9ristiques :<\/strong><\/h4>\n<ul>\n<li>Taille :<br \/>\n&#8211; Avec base : 19 \u00d7 14,5 x 4,5 cm<br \/>\n&#8211; Avec cadre : 21 x 17 cm<\/li>\n<li>Mat\u00e9riau :<br \/>\n&#8211; Plaque : m\u00e9thacrylate de haute qualit\u00e9<br \/>\n&#8211; Base : bois de haute qualit\u00e9<\/li>\n<li>Inclus : lumi\u00e8re LED RGB. C\u00e2ble USB. Emballage avec bo\u00eete cadeau<\/li>\n<li>Entretien : se nettoie facilement \u00e0 l\u2019aide de la chiffonnette incluse<\/li>\n<\/ul>\n","protected":false},"excerpt":{"rendered":"<p>Lampe veilleuse avec motif de petit lion personnalis\u00e9e. Un cadeau tendre et fonctionnel qui illumin [&#8230;]<\/p>\n","protected":false},"featured_media":497227,"comment_status":"open","ping_status":"closed","template":"","meta":{"_acf_changed":false},"product_brand":[],"product_cat":[1682,1683],"product_tag":[1684,1685],"class_list":{"0":"post-497598","1":"product","2":"type-product","3":"status-publish","4":"has-post-thumbnail","6":"product_cat-lampes-personnalisees","7":"product_cat-veilleuses-pour-enfants-personnalisees","8":"product_tag-bebes","9":"product_tag-enfants","11":"first","12":"instock","13":"sale","14":"taxable","15":"shipping-taxable","16":"purchasable","17":"product-type-simple"},"acf":[],"df_price":20.99,"df_sale_price":20.99,"df_regular_price":34.99,"df_image_link":"https:\/\/transparentgift.com\/fr\/wp-content\/uploads\/2025\/11\/Lampara-Inicial-infantil_1_francia-300x300.jpg","_links":{"self":[{"href":"https:\/\/transparentgift.com\/fr\/wp-json\/wp\/v2\/product\/497598","targetHints":{"allow":["GET"]}}],"collection":[{"href":"https:\/\/transparentgift.com\/fr\/wp-json\/wp\/v2\/product"}],"about":[{"href":"https:\/\/transparentgift.com\/fr\/wp-json\/wp\/v2\/types\/product"}],"replies":[{"embeddable":true,"href":"https:\/\/transparentgift.com\/fr\/wp-json\/wp\/v2\/comments?post=497598"}],"wp:featuredmedia":[{"embeddable":true,"href":"https:\/\/transparentgift.com\/fr\/wp-json\/wp\/v2\/media\/497227"}],"wp:attachment":[{"href":"https:\/\/transparentgift.com\/fr\/wp-json\/wp\/v2\/media?parent=497598"}],"wp:term":[{"taxonomy":"product_brand","embeddable":true,"href":"https:\/\/transparentgift.com\/fr\/wp-json\/wp\/v2\/product_brand?post=497598"},{"taxonomy":"product_cat","embeddable":true,"href":"https:\/\/transparentgift.com\/fr\/wp-json\/wp\/v2\/product_cat?post=497598"},{"taxonomy":"product_tag","embeddable":true,"href":"https:\/\/transparentgift.com\/fr\/wp-json\/wp\/v2\/product_tag?post=497598"}],"curies":[{"name":"wp","href":"https:\/\/api.w.org\/{rel}","templated":true}]}}