{"id":497600,"date":"2025-11-20T18:12:05","date_gmt":"2025-11-20T17:12:05","guid":{"rendered":"https:\/\/transparentgift.com\/fr\/tampon-pour-vetements-pour-enfants-avec-nom-et-dessin-personnalise\/"},"modified":"2025-11-21T19:54:30","modified_gmt":"2025-11-21T18:54:30","slug":"tampon-pour-vetements-pour-enfants-avec-nom-et-dessin-personnalise","status":"publish","type":"product","link":"https:\/\/transparentgift.com\/fr\/tampon-pour-vetements-pour-enfants-avec-nom-et-dessin-personnalise\/","title":{"rendered":"Tampon pour v\u00eatements pour enfants avec nom et dessin personnalis\u00e9"},"content":{"rendered":"<p>Procurez-vous ce <strong>tampon marqueur pour v\u00eatements pour filles et gar\u00e7ons personnalis\u00e9<\/strong> et identifiez tous leurs v\u00eatements et accessoires de la fa\u00e7on la plus amusante. Sur la partie \u00e0 tamponner appara\u00eetront le <strong>motif enfantin<\/strong>, ainsi que le <strong>nom et le pr\u00e9nom<\/strong> que vous souhaitez ajouter. Les enfants s\u2019amuseront tout en marquant leurs <strong>v\u00eatements, leur trousse, leur sac \u00e0 dos<\/strong> ou tout autre textile avec lequel ils veulent s\u2019identifier.<\/p>\n<p>Cet accessoire pour marquer les textiles propose <strong>dix mod\u00e8les de motifs pour enfants au choix<\/strong>, parmi lesquels vous trouverez un ourson, un dinosaure, une licorne, un papillon ou m\u00eame le pr\u00e9nom dans la typographie de votre choix. Choisissez le motif que votre enfant pr\u00e9f\u00e8re et il aura envie de se pr\u00e9parer pour <strong>la rentr\u00e9e des classes<\/strong> avec beaucoup d\u2019enthousiasme.<\/p>\n<p>Il s\u2019agit d\u2019un tampon tr\u00e8s simple \u00e0 utiliser : il vous suffira d\u2019<strong>appuyer l\u00e9g\u00e8rement<\/strong> sur la zone que vous souhaitez \u00e9tiqueter et l\u2019empreinte sera r\u00e9alis\u00e9e en haute qualit\u00e9, en noir. L\u2019encre utilis\u00e9e est sans danger pour les plus petits, car elle <strong>n\u2019est pas toxique<\/strong>. De plus, vous pourrez <strong>laver et repasser<\/strong> les textiles marqu\u00e9s sans que le nom imprim\u00e9 \u00e0 l\u2019encre ne s\u2019efface.<\/p>\n<p>N\u2019oubliez pas de marquer les v\u00eatements et les affaires de votre enfant pour qu\u2019il ne les confonde pas \u00e0 <strong>l\u2019\u00e9cole, \u00e0 la cr\u00e8che<\/strong>, lorsqu\u2019il part en <strong>excursion<\/strong> ou en <strong>colonie de vacances<\/strong>. Ainsi, il n\u2019y aura aucun risque qu\u2019ils se perdent o\u00f9 qu\u2019il aille.<\/p>\n<p>Pour personnaliser votre tampon, il vous suffira d\u2019<strong>\u00e9crire le pr\u00e9nom<\/strong> \u00e0 l\u2019endroit indiqu\u00e9, de <strong>s\u00e9lectionner le motif enfantin<\/strong> et nous nous chargeons du reste. Votre petit se sentira sp\u00e9cial avec ces v\u00eatements marqu\u00e9s \u00e0 son nom !<\/p>\n<p><strong>Caract\u00e9ristiques :<\/strong><\/p>\n<ul>\n<li>Taille : 5,1 \u00d7 1,8 cm<\/li>\n<li>Couleur de l\u2019encre : noire. Non toxique. R\u00e9siste au lavage et au repassage.<\/li>\n<\/ul>\n","protected":false},"excerpt":{"rendered":"<p>Procurez-vous ce tampon marqueur pour v\u00eatements pour filles et gar\u00e7ons personnalis\u00e9 et identifiez [&#8230;]<\/p>\n","protected":false},"featured_media":497008,"comment_status":"open","ping_status":"closed","template":"","meta":{"_acf_changed":false},"product_brand":[],"product_cat":[1691],"product_tag":[1692],"class_list":{"0":"post-497600","1":"product","2":"type-product","3":"status-publish","4":"has-post-thumbnail","6":"product_cat-tampons-personnalises","7":"product_tag-ecole","9":"first","10":"instock","11":"taxable","12":"shipping-taxable","13":"purchasable","14":"product-type-simple"},"acf":[],"df_price":15.95,"df_sale_price":"","df_regular_price":15.95,"df_image_link":"https:\/\/transparentgift.com\/fr\/wp-content\/uploads\/2025\/11\/Sello_Dibujos-rectangular_1_francia-300x300.jpg","_links":{"self":[{"href":"https:\/\/transparentgift.com\/fr\/wp-json\/wp\/v2\/product\/497600","targetHints":{"allow":["GET"]}}],"collection":[{"href":"https:\/\/transparentgift.com\/fr\/wp-json\/wp\/v2\/product"}],"about":[{"href":"https:\/\/transparentgift.com\/fr\/wp-json\/wp\/v2\/types\/product"}],"replies":[{"embeddable":true,"href":"https:\/\/transparentgift.com\/fr\/wp-json\/wp\/v2\/comments?post=497600"}],"wp:featuredmedia":[{"embeddable":true,"href":"https:\/\/transparentgift.com\/fr\/wp-json\/wp\/v2\/media\/497008"}],"wp:attachment":[{"href":"https:\/\/transparentgift.com\/fr\/wp-json\/wp\/v2\/media?parent=497600"}],"wp:term":[{"taxonomy":"product_brand","embeddable":true,"href":"https:\/\/transparentgift.com\/fr\/wp-json\/wp\/v2\/product_brand?post=497600"},{"taxonomy":"product_cat","embeddable":true,"href":"https:\/\/transparentgift.com\/fr\/wp-json\/wp\/v2\/product_cat?post=497600"},{"taxonomy":"product_tag","embeddable":true,"href":"https:\/\/transparentgift.com\/fr\/wp-json\/wp\/v2\/product_tag?post=497600"}],"curies":[{"name":"wp","href":"https:\/\/api.w.org\/{rel}","templated":true}]}}