{"id":497601,"date":"2025-11-20T18:12:07","date_gmt":"2025-11-20T17:12:07","guid":{"rendered":"https:\/\/transparentgift.com\/fr\/lampe-amie-avec-quatre-photos-et-texte-personnalisee\/"},"modified":"2026-02-10T00:37:54","modified_gmt":"2026-02-09T23:37:54","slug":"lampe-amie-avec-quatre-photos-et-texte-personnalisee","status":"publish","type":"product","link":"https:\/\/transparentgift.com\/fr\/lampe-amie-avec-quatre-photos-et-texte-personnalisee\/","title":{"rendered":"Lampe Amie avec quatre photos et texte personnalis\u00e9e"},"content":{"rendered":"<p>D\u00e9diez \u00e0 votre&nbsp;<strong>ami(e)<\/strong> cette <strong>lampe personnalis\u00e9e<\/strong>, sur laquelle vous pourrez ajouter quatre photos et un message \u00e9mouvant. Elle sera parfaite comme <strong>cadeau pour son anniversaire ou pour No\u00ebl.<\/strong> Elle peut aussi \u00eatre une excellente option comme cadeau pour un <strong>membre de la famille<\/strong> ou m\u00eame pour votre&nbsp;<strong>partenaire<\/strong>. Il vous suffira de choisir une date sp\u00e9ciale, comme la F\u00eate des P\u00e8res ou la F\u00eate des M\u00e8res, un anniversaire, la Saint-Valentin. Quoi qu\u2019il en soit, l\u2019\u00e9motion est garantie !<\/p>\n<p>Cette plaque lumineuse est enti\u00e8rement personnalisable. Vous devrez d\u2019abord <strong>\u00e9crire un pr\u00e9nom ou un mot qui repr\u00e9sente la personne<\/strong> \u00e0 qui elle est destin\u00e9e. Ensuite, vous pourrez ajouter un <strong>message ou une d\u00e9dicace \u00e9mouvante<\/strong> qui appara\u00eetra sous le dessin. Et pour finir, il ne vous restera plus qu\u2019\u00e0 <strong>t\u00e9l\u00e9charger ces quatre photos<\/strong> sp\u00e9ciales pour immortaliser vos plus beaux moments.<\/p>\n<p>La plaque de la lampe est fabriqu\u00e9e en <strong>m\u00e9thacrylate de haute qualit\u00e9<\/strong>, ce qui lui conf\u00e8re r\u00e9sistance et durabilit\u00e9. La <strong>base<\/strong> sur laquelle elle repose est en <strong>bois<\/strong>, et vous pourrez y faire graver <strong>un autre message suppl\u00e9mentaire<\/strong> moyennant un petit suppl\u00e9ment. Cette personne ch\u00e8re pourra la poser sur n\u2019importe quelle surface pour <strong>d\u00e9corer et illuminer l\u2019espace<\/strong>, gr\u00e2ce \u00e0 sa lumi\u00e8re douce qui s\u2019allume \u00e0 l\u2019aide d\u2019un <strong>interrupteur marche\/arr\u00eat<\/strong>.<\/p>\n<p>Ne passez pas \u00e0 c\u00f4t\u00e9 du meilleur <strong>cadeau pour vos ami(e)s<\/strong>. Personnalisez la lampe \u00e0 leur go\u00fbt et laissez-les la placer sur une <strong>\u00e9tag\u00e8re<\/strong>, sur leur <strong>table de chevet<\/strong> ou o\u00f9 ils le souhaitent. Ils se sentiront comme les amis les plus chanceux du monde !<\/p>\n<p><strong>Caract\u00e9ristiques :<\/strong><\/p>\n<ul>\n<li>Taille : 17 \u00d7 14,5 cm<\/li>\n<li>Mat\u00e9riau :\n<ul>\n<li>Plaque : M\u00e9thacrylate de haute qualit\u00e9.<\/li>\n<li>Base : Bois de haute qualit\u00e9.<\/li>\n<\/ul>\n<\/li>\n<li>Comprend : Lumi\u00e8re LED chaude. C\u00e2ble USB. Emballage avec bo\u00eete cadeau.<\/li>\n<li>Entretien : Se nettoie facilement \u00e0 l\u2019aide de la chiffonnette fournie.<\/li>\n<\/ul>\n","protected":false},"excerpt":{"rendered":"<p>D\u00e9diez \u00e0 votre&nbsp;ami(e) cette lampe personnalis\u00e9e, sur laquelle vous pourrez ajouter quatre ph [&#8230;]<\/p>\n","protected":false},"featured_media":497187,"comment_status":"open","ping_status":"closed","template":"","meta":{"_acf_changed":false},"product_brand":[],"product_cat":[1682],"product_tag":[1693],"class_list":{"0":"post-497601","1":"product","2":"type-product","3":"status-publish","4":"has-post-thumbnail","6":"product_cat-lampes-personnalisees","7":"product_tag-amitie","9":"first","10":"instock","11":"sale","12":"taxable","13":"shipping-taxable","14":"purchasable","15":"product-type-simple"},"acf":[],"df_price":20.99,"df_sale_price":20.99,"df_regular_price":34.99,"df_image_link":"https:\/\/transparentgift.com\/fr\/wp-content\/uploads\/2025\/11\/Lampara-Amiga-con-Cuatro-Fotos-y-Texto-personalizada-1-FRANCIA-300x300.jpg","_links":{"self":[{"href":"https:\/\/transparentgift.com\/fr\/wp-json\/wp\/v2\/product\/497601","targetHints":{"allow":["GET"]}}],"collection":[{"href":"https:\/\/transparentgift.com\/fr\/wp-json\/wp\/v2\/product"}],"about":[{"href":"https:\/\/transparentgift.com\/fr\/wp-json\/wp\/v2\/types\/product"}],"replies":[{"embeddable":true,"href":"https:\/\/transparentgift.com\/fr\/wp-json\/wp\/v2\/comments?post=497601"}],"wp:featuredmedia":[{"embeddable":true,"href":"https:\/\/transparentgift.com\/fr\/wp-json\/wp\/v2\/media\/497187"}],"wp:attachment":[{"href":"https:\/\/transparentgift.com\/fr\/wp-json\/wp\/v2\/media?parent=497601"}],"wp:term":[{"taxonomy":"product_brand","embeddable":true,"href":"https:\/\/transparentgift.com\/fr\/wp-json\/wp\/v2\/product_brand?post=497601"},{"taxonomy":"product_cat","embeddable":true,"href":"https:\/\/transparentgift.com\/fr\/wp-json\/wp\/v2\/product_cat?post=497601"},{"taxonomy":"product_tag","embeddable":true,"href":"https:\/\/transparentgift.com\/fr\/wp-json\/wp\/v2\/product_tag?post=497601"}],"curies":[{"name":"wp","href":"https:\/\/api.w.org\/{rel}","templated":true}]}}