{"id":497603,"date":"2025-11-20T18:12:10","date_gmt":"2025-11-20T17:12:10","guid":{"rendered":"https:\/\/transparentgift.com\/fr\/porte-cles-personnalise-avec-photo-et-texte\/"},"modified":"2026-01-14T10:57:52","modified_gmt":"2026-01-14T09:57:52","slug":"porte-cles-personnalise-avec-photo-et-texte","status":"publish","type":"product","link":"https:\/\/transparentgift.com\/fr\/porte-cles-personnalise-avec-photo-et-texte\/","title":{"rendered":"Porte-cl\u00e9s personnalis\u00e9 avec photo et texte"},"content":{"rendered":"<p>Offrez un <strong>porte-cl\u00e9s personnalis\u00e9 avec photo<\/strong> <strong>et texte<\/strong> \u00e0 cette personne si sp\u00e9ciale. Il est parfait \u00e0 offrir \u00e0 <strong>la famille, aux amis et \u00e0 votre partenaire<\/strong> lors d\u2019une occasion qui le m\u00e9rite : <strong>anniversaire, No\u00ebl, anniversaire de couple, F\u00eate des P\u00e8res ou F\u00eate des M\u00e8res, Saint-Valentin<\/strong>, etc. Quel que soit le moment, il \u00e9mouvra cette personne ch\u00e8re !<\/p>\n<p>Personnalisez votre porte-cl\u00e9s en <strong>choisissant une photo<\/strong> qui immortalise un moment inoubliable et en <strong>\u00e9crivant un texte<\/strong> unique pour l\u2019accompagner. Le r\u00e9sultat sera si original que cette personne ne voudra plus se s\u00e9parer de son porte-cl\u00e9s !<\/p>\n<p>Il est fabriqu\u00e9 en <strong>m\u00e9thacrylate de haute qualit\u00e9<\/strong>, ce qui lui conf\u00e8re r\u00e9sistance et durabilit\u00e9. De plus, il <strong>inclut une cha\u00eene m\u00e9tallique<\/strong> finition argent pour pouvoir accrocher facilement le porte-cl\u00e9s aux cl\u00e9s, \u00e0 un sac \u00e0 main, un sac \u00e0 dos ou o\u00f9 vous pr\u00e9f\u00e9rez.<\/p>\n<p>C\u2019est le meilleur cadeau pour montrer toute votre affection \u00e0 cette personne sp\u00e9ciale. Qu\u2019attendez-vous pour cr\u00e9er le souvenir le plus \u00e9mouvant ?<\/p>\n<p><strong>Caract\u00e9ristiques :<\/strong><\/p>\n<ul>\n<li>Taille : 6,5 \u00d7 4,5 cm<\/li>\n<li>Mat\u00e9riau : m\u00e9thacrylate de haute qualit\u00e9.<\/li>\n<li>Inclus : cha\u00eene m\u00e9tallique avec finition couleur argent. Emballage premium parfait pour offrir.<\/li>\n<\/ul>\n","protected":false},"excerpt":{"rendered":"<p>Offrez un porte-cl\u00e9s personnalis\u00e9 avec photo et texte \u00e0 cette personne si sp\u00e9ciale. Il est parfa [&#8230;]<\/p>\n","protected":false},"featured_media":497251,"comment_status":"open","ping_status":"closed","template":"","meta":{"_acf_changed":false},"product_brand":[],"product_cat":[1679],"product_tag":[1678],"ai-category":[1764],"class_list":{"0":"post-497603","1":"product","2":"type-product","3":"status-publish","4":"has-post-thumbnail","6":"product_cat-porte-cles-personnalises","7":"product_tag-couples","8":"ai-category-llaveros-personalizados","10":"first","11":"instock","12":"taxable","13":"shipping-taxable","14":"purchasable","15":"product-type-simple"},"acf":[],"df_price":15.99,"df_sale_price":"","df_regular_price":15.99,"df_image_link":"https:\/\/transparentgift.com\/fr\/wp-content\/uploads\/2025\/11\/Llavero-con-foto_1-300x300.jpg","_links":{"self":[{"href":"https:\/\/transparentgift.com\/fr\/wp-json\/wp\/v2\/product\/497603","targetHints":{"allow":["GET"]}}],"collection":[{"href":"https:\/\/transparentgift.com\/fr\/wp-json\/wp\/v2\/product"}],"about":[{"href":"https:\/\/transparentgift.com\/fr\/wp-json\/wp\/v2\/types\/product"}],"replies":[{"embeddable":true,"href":"https:\/\/transparentgift.com\/fr\/wp-json\/wp\/v2\/comments?post=497603"}],"wp:featuredmedia":[{"embeddable":true,"href":"https:\/\/transparentgift.com\/fr\/wp-json\/wp\/v2\/media\/497251"}],"wp:attachment":[{"href":"https:\/\/transparentgift.com\/fr\/wp-json\/wp\/v2\/media?parent=497603"}],"wp:term":[{"taxonomy":"product_brand","embeddable":true,"href":"https:\/\/transparentgift.com\/fr\/wp-json\/wp\/v2\/product_brand?post=497603"},{"taxonomy":"product_cat","embeddable":true,"href":"https:\/\/transparentgift.com\/fr\/wp-json\/wp\/v2\/product_cat?post=497603"},{"taxonomy":"product_tag","embeddable":true,"href":"https:\/\/transparentgift.com\/fr\/wp-json\/wp\/v2\/product_tag?post=497603"},{"taxonomy":"ai-category","embeddable":true,"href":"https:\/\/transparentgift.com\/fr\/wp-json\/wp\/v2\/ai-category?post=497603"}],"curies":[{"name":"wp","href":"https:\/\/api.w.org\/{rel}","templated":true}]}}