{"id":497604,"date":"2025-11-20T18:12:11","date_gmt":"2025-11-20T17:12:11","guid":{"rendered":"https:\/\/transparentgift.com\/fr\/plaque-voyageurs-avec-feutre-et-textes-personnalisee\/"},"modified":"2026-05-04T11:20:41","modified_gmt":"2026-05-04T09:20:41","slug":"plaque-voyageurs-avec-feutre-et-textes-personnalisee","status":"publish","type":"product","link":"https:\/\/transparentgift.com\/fr\/plaque-voyageurs-avec-feutre-et-textes-personnalisee\/","title":{"rendered":"Plaque Voyageurs avec Feutre et Textes personnalis\u00e9e"},"content":{"rendered":"<p>Surprenez avec cette <strong>plaque personnalis\u00e9e<\/strong> pour les amoureux des voyages. Elle est con\u00e7ue avec un <strong>grand planisph\u00e8re grav\u00e9 sur la plaque en m\u00e9thacrylate<\/strong>. Elle deviendra le cadeau le plus original que vous pourrez faire \u00e0 vos <strong>amis, \u00e0 votre partenaire ou aux membres de votre famille les plus voyageurs<\/strong>. C\u2019est aussi un d\u00e9tail parfait comme <strong>cadeau de mariage<\/strong> pour ce couple de jeunes mari\u00e9s si sp\u00e9cial.<\/p>\n<p>Vous aurez la possibilit\u00e9 de personnaliser le cadeau avec les <strong>textes les plus \u00e9mouvants<\/strong>, qui seront grav\u00e9s en haut et en bas de la carte, afin de compl\u00e9ter le design. Chaque fois que cette personne ou ce couple sp\u00e9cial fera un voyage, il pourra <strong>marquer le pays visit\u00e9<\/strong> gr\u00e2ce au <strong>feutre rouge<\/strong> inclus en suppl\u00e9ment. Laissez votre proche la placer sur son <strong>bureau, sa table de nuit ou son \u00e9tag\u00e8re<\/strong>, o\u00f9 il pourra contempler avec joie les destinations d\u00e9j\u00e0 coch\u00e9es.<\/p>\n<p>C\u2019est un <strong>cadeau personnalis\u00e9<\/strong>, vous pourrez donc choisir la finition finale : si vous souhaitez uniquement la plaque, qu\u2019elle soit maintenue par une <strong>base en m\u00e9thacrylate<\/strong> ou qu\u2019elle soit encadr\u00e9e dans un joli <strong>cadre noir<\/strong>. Surprenez vos proches avec un cadeau diff\u00e9rent et le souvenir le plus attendrissant !<\/p>\n<p><strong>Caract\u00e9ristiques :<\/strong><\/p>\n<ul>\n<li>Taille : 29,7 x 21 cm<\/li>\n<li>Mat\u00e9riau : m\u00e9thacrylate de haute qualit\u00e9.<\/li>\n<li>Comprend : feutre rouge pour marquer les pays visit\u00e9s. Emballage avec bo\u00eete cadeau.<\/li>\n<li>Extras : base en verre, base en bois ou cadre en bois.<\/li>\n<li>Entretien : se nettoie facilement \u00e0 l\u2019aide d&rsquo;un chiffon doux.<\/li>\n<\/ul>\n","protected":false},"excerpt":{"rendered":"<p>Surprenez avec cette plaque personnalis\u00e9e pour les amoureux des voyages. Elle est con\u00e7ue avec un g [&#8230;]<\/p>\n","protected":false},"featured_media":497013,"comment_status":"open","ping_status":"closed","template":"","meta":{"_acf_changed":false},"product_brand":[],"product_cat":[1676],"product_tag":[1678,1677],"class_list":{"0":"post-497604","1":"product","2":"type-product","3":"status-publish","4":"has-post-thumbnail","6":"product_cat-photos-personnalisees-en-plexiglas","7":"product_tag-couples","8":"product_tag-generique","10":"first","11":"instock","12":"sale","13":"taxable","14":"shipping-taxable","15":"purchasable","16":"product-type-simple"},"acf":[],"df_price":24.99,"df_sale_price":24.99,"df_regular_price":29.99,"df_image_link":"https:\/\/transparentgift.com\/fr\/wp-content\/uploads\/2025\/11\/placa-VIAJEROS_1_FRANCIA-300x300.jpg","_links":{"self":[{"href":"https:\/\/transparentgift.com\/fr\/wp-json\/wp\/v2\/product\/497604","targetHints":{"allow":["GET"]}}],"collection":[{"href":"https:\/\/transparentgift.com\/fr\/wp-json\/wp\/v2\/product"}],"about":[{"href":"https:\/\/transparentgift.com\/fr\/wp-json\/wp\/v2\/types\/product"}],"replies":[{"embeddable":true,"href":"https:\/\/transparentgift.com\/fr\/wp-json\/wp\/v2\/comments?post=497604"}],"wp:featuredmedia":[{"embeddable":true,"href":"https:\/\/transparentgift.com\/fr\/wp-json\/wp\/v2\/media\/497013"}],"wp:attachment":[{"href":"https:\/\/transparentgift.com\/fr\/wp-json\/wp\/v2\/media?parent=497604"}],"wp:term":[{"taxonomy":"product_brand","embeddable":true,"href":"https:\/\/transparentgift.com\/fr\/wp-json\/wp\/v2\/product_brand?post=497604"},{"taxonomy":"product_cat","embeddable":true,"href":"https:\/\/transparentgift.com\/fr\/wp-json\/wp\/v2\/product_cat?post=497604"},{"taxonomy":"product_tag","embeddable":true,"href":"https:\/\/transparentgift.com\/fr\/wp-json\/wp\/v2\/product_tag?post=497604"}],"curies":[{"name":"wp","href":"https:\/\/api.w.org\/{rel}","templated":true}]}}