{"id":497607,"date":"2025-11-20T18:12:16","date_gmt":"2025-11-20T17:12:16","guid":{"rendered":"https:\/\/transparentgift.com\/fr\/paillasson-de-noel-bonhomme-de-neige-avec-noms-personnalise\/"},"modified":"2025-11-21T19:55:29","modified_gmt":"2025-11-21T18:55:29","slug":"paillasson-de-noel-bonhomme-de-neige-avec-noms-personnalise","status":"publish","type":"product","link":"https:\/\/transparentgift.com\/fr\/paillasson-de-noel-bonhomme-de-neige-avec-noms-personnalise\/","title":{"rendered":"Paillasson de No\u00ebl Bonhomme de Neige avec Noms personnalis\u00e9"},"content":{"rendered":"<p>Procurez-vous le <strong>paillasson le plus No\u00ebl<\/strong> pour ces f\u00eates ! Placez \u00e0 <strong>l\u2019entr\u00e9e de votre maison<\/strong> le tapis le plus original avec un <strong>motif de famille de bonshommes de neige<\/strong>. Ce tapis en fibre de coco est enti\u00e8rement personnalisable. Vous pourrez inscrire les pr\u00e9noms et choisir chaque bonhomme de neige, qui appara\u00eetront \u00e0 c\u00f4t\u00e9 de la phrase \u00ab Nous vous souhaitons un Joyeux No\u00ebl \u00bb.<\/p>\n<p>Ce mod\u00e8le est fabriqu\u00e9 en <strong>fibre de coco de qualit\u00e9<\/strong> pour garantir sa durabilit\u00e9. De plus, il poss\u00e8de une <strong>base antid\u00e9rapante<\/strong> qui \u00e9vitera qu\u2019il ne glisse, facilitant son adh\u00e9rence \u00e0 la surface. Vous pourrez le nettoyer \u00e0 l\u2019aide de l\u2019aspirateur pour \u00e9liminer la poussi\u00e8re.<\/p>\n<p>Le paillasson est l\u2019accessoire dont vous avez besoin pour <strong>retenir la salet\u00e9 et l\u2019humidit\u00e9 des chaussures<\/strong> avant d\u2019entrer dans la maison. Ainsi, vous \u00e9viterez les glissades et garderez la maison propre. Vous pourrez le placer au sol pr\u00e8s de la porte ou dans une zone de passage \u00e0 l\u2019int\u00e9rieur.<\/p>\n<p>Comment le personnaliser ? Il vous suffira de <strong>s\u00e9lectionner le nombre de bonshommes de neige, de choisir le motif<\/strong> pour chacun d\u2019eux parmi ceux disponibles et <strong>d\u2019\u00e9crire le pr\u00e9nom<\/strong> de chaque bonhomme. Le motif de ce tapis personnalis\u00e9 sera imprim\u00e9 sur le bord des filaments de la fibre de coco, offrant une couleur et une nettet\u00e9 plus douces. C\u2019est pourquoi <strong>nous recommandons d\u2019utiliser les mod\u00e8les de personnalisation<\/strong> propos\u00e9s ou de suivre leur style.<\/p>\n<p>Ces paillassons personnalis\u00e9s sont une id\u00e9e g\u00e9niale \u00e0 <strong>offrir \u00e0 No\u00ebl \u00e0 des amis ou \u00e0 des proches<\/strong> qui prennent leur ind\u00e9pendance ou emm\u00e9nagent dans leur nouveau logement. C\u2019est un d\u00e9tail original qui plaira \u00e0 coup s\u00fbr et apportera une ambiance festive \u00e0 la maison avec le reste de la d\u00e9coration de No\u00ebl.<\/p>\n<p><strong>Caract\u00e9ristiques :<\/strong><\/p>\n<ul>\n<li>Taille : 60 x 33 x 1,5 cm \/ 70 x 40 x 1,5 cm<\/li>\n<li>Mat\u00e9riau : Fibre de coco avec base en PVC antid\u00e9rapante.<\/li>\n<li>Entretien : Nettoyer avec un aspirateur ou en secouant. Ne pas laver en machine ni \u00e0 sec avec des produits de nettoyage. Ne pas mettre au s\u00e8che-linge. Recommand\u00e9 uniquement pour un usage domestique, en int\u00e9rieur et dans des lieux sans exc\u00e8s de passage quotidien.<\/li>\n<\/ul>\n","protected":false},"excerpt":{"rendered":"<p>Procurez-vous le paillasson le plus No\u00ebl pour ces f\u00eates ! Placez \u00e0 l\u2019entr\u00e9e de votre maison le [&#8230;]<\/p>\n","protected":false},"featured_media":497273,"comment_status":"open","ping_status":"closed","template":"","meta":{"_acf_changed":false},"product_brand":[],"product_cat":[1694],"product_tag":[1687,1695],"class_list":{"0":"post-497607","1":"product","2":"type-product","3":"status-publish","4":"has-post-thumbnail","6":"product_cat-paillassons-personnalises","7":"product_tag-famille","8":"product_tag-noel","10":"first","11":"instock","12":"taxable","13":"shipping-taxable","14":"purchasable","15":"product-type-simple"},"acf":[],"df_price":19.99,"df_sale_price":"","df_regular_price":19.99,"df_image_link":"https:\/\/transparentgift.com\/fr\/wp-content\/uploads\/2025\/11\/Munecos-de-nieve_1-300x300.jpg","_links":{"self":[{"href":"https:\/\/transparentgift.com\/fr\/wp-json\/wp\/v2\/product\/497607","targetHints":{"allow":["GET"]}}],"collection":[{"href":"https:\/\/transparentgift.com\/fr\/wp-json\/wp\/v2\/product"}],"about":[{"href":"https:\/\/transparentgift.com\/fr\/wp-json\/wp\/v2\/types\/product"}],"replies":[{"embeddable":true,"href":"https:\/\/transparentgift.com\/fr\/wp-json\/wp\/v2\/comments?post=497607"}],"wp:featuredmedia":[{"embeddable":true,"href":"https:\/\/transparentgift.com\/fr\/wp-json\/wp\/v2\/media\/497273"}],"wp:attachment":[{"href":"https:\/\/transparentgift.com\/fr\/wp-json\/wp\/v2\/media?parent=497607"}],"wp:term":[{"taxonomy":"product_brand","embeddable":true,"href":"https:\/\/transparentgift.com\/fr\/wp-json\/wp\/v2\/product_brand?post=497607"},{"taxonomy":"product_cat","embeddable":true,"href":"https:\/\/transparentgift.com\/fr\/wp-json\/wp\/v2\/product_cat?post=497607"},{"taxonomy":"product_tag","embeddable":true,"href":"https:\/\/transparentgift.com\/fr\/wp-json\/wp\/v2\/product_tag?post=497607"}],"curies":[{"name":"wp","href":"https:\/\/api.w.org\/{rel}","templated":true}]}}