{"id":497613,"date":"2025-11-20T18:12:27","date_gmt":"2025-11-20T17:12:27","guid":{"rendered":"https:\/\/transparentgift.com\/fr\/pack-de-decorations-pour-sapin-de-noel-pere-noel-bebe-avec-photo-personnalisees\/"},"modified":"2026-05-14T16:34:58","modified_gmt":"2026-05-14T14:34:58","slug":"pack-de-decorations-pour-sapin-de-bebe-pere-noel-avec-photo-personnalisees","status":"publish","type":"product","link":"https:\/\/transparentgift.com\/fr\/pack-de-decorations-pour-sapin-de-bebe-pere-noel-avec-photo-personnalisees\/","title":{"rendered":"Pack de d\u00e9corations pour sapin de b\u00e9b\u00e9 P\u00e8re No\u00ebl avec photo personnalis\u00e9es"},"content":{"rendered":"<p><strong>D\u00e9corez vos f\u00eates avec une touche personnelle et \u00e9mouvante<\/strong>. Ce pack de d\u00e9corations personnalisables pour sapin de No\u00ebl est parfait pour faire de votre maison un lieu unique et sp\u00e9cial.<\/p>\n<p>Transformez vos souvenirs les plus pr\u00e9cieux en d\u00e9corations de No\u00ebl inoubliables. Avec un adorable design de P\u00e8re No\u00ebl b\u00e9b\u00e9, chaque d\u00e9coration capture l\u2019essence de No\u00ebl en faisant de vos photos le centre de l\u2019attention. Une id\u00e9e cadeau id\u00e9ale pour surprendre vos proches ou pour en profiter en famille.<\/p>\n<p>Parfait pour les parents, les grands-parents et les amis qui souhaitent c\u00e9l\u00e9brer le premier No\u00ebl d\u2019un b\u00e9b\u00e9. C\u2019est \u00e9galement une merveilleuse option comme cadeau de No\u00ebl ou de l\u2019\u00c9piphanie, ou tout simplement pour ajouter une touche personnalis\u00e9e \u00e0 votre int\u00e9rieur pendant les f\u00eates. Ces d\u00e9corations sont une fa\u00e7on charmante de garder vos souvenirs vivants ann\u00e9e apr\u00e8s ann\u00e9e.<\/p>\n<h4><strong>Caract\u00e9ristiques :<\/strong><\/h4>\n<ul>\n<li>Mat\u00e9riau : m\u00e9thacrylate de haute qualit\u00e9.<\/li>\n<li>Inclus : cordelette d\u00e9corative en jute.<\/li>\n<\/ul>\n","protected":false},"excerpt":{"rendered":"<p>D\u00e9corez vos f\u00eates avec une touche personnelle et \u00e9mouvante. Ce pack de d\u00e9corations personnalisab [&#8230;]<\/p>\n","protected":false},"featured_media":497066,"comment_status":"open","ping_status":"closed","template":"","meta":{"_acf_changed":false},"product_brand":[],"product_cat":[1721],"product_tag":[1685,1695],"class_list":{"0":"post-497613","1":"product","2":"type-product","3":"status-publish","4":"has-post-thumbnail","6":"product_cat-ornements-noel","7":"product_tag-enfants","8":"product_tag-noel","10":"first","11":"instock","12":"taxable","13":"shipping-taxable","14":"purchasable","15":"product-type-simple"},"acf":[],"df_price":16.99,"df_sale_price":"","df_regular_price":16.99,"df_image_link":"https:\/\/transparentgift.com\/fr\/wp-content\/uploads\/2025\/11\/Adornos_Santa_Cat-1-300x300.jpg","_links":{"self":[{"href":"https:\/\/transparentgift.com\/fr\/wp-json\/wp\/v2\/product\/497613","targetHints":{"allow":["GET"]}}],"collection":[{"href":"https:\/\/transparentgift.com\/fr\/wp-json\/wp\/v2\/product"}],"about":[{"href":"https:\/\/transparentgift.com\/fr\/wp-json\/wp\/v2\/types\/product"}],"replies":[{"embeddable":true,"href":"https:\/\/transparentgift.com\/fr\/wp-json\/wp\/v2\/comments?post=497613"}],"wp:featuredmedia":[{"embeddable":true,"href":"https:\/\/transparentgift.com\/fr\/wp-json\/wp\/v2\/media\/497066"}],"wp:attachment":[{"href":"https:\/\/transparentgift.com\/fr\/wp-json\/wp\/v2\/media?parent=497613"}],"wp:term":[{"taxonomy":"product_brand","embeddable":true,"href":"https:\/\/transparentgift.com\/fr\/wp-json\/wp\/v2\/product_brand?post=497613"},{"taxonomy":"product_cat","embeddable":true,"href":"https:\/\/transparentgift.com\/fr\/wp-json\/wp\/v2\/product_cat?post=497613"},{"taxonomy":"product_tag","embeddable":true,"href":"https:\/\/transparentgift.com\/fr\/wp-json\/wp\/v2\/product_tag?post=497613"}],"curies":[{"name":"wp","href":"https:\/\/api.w.org\/{rel}","templated":true}]}}