{"id":497614,"date":"2025-11-20T18:12:28","date_gmt":"2025-11-20T17:12:28","guid":{"rendered":"https:\/\/transparentgift.com\/fr\/paillasson-equipe-de-football-famille-personnalise\/"},"modified":"2026-05-14T16:21:19","modified_gmt":"2026-05-14T14:21:19","slug":"paillasson-equipe-de-football-familiale-personnalise","status":"publish","type":"product","link":"https:\/\/transparentgift.com\/fr\/paillasson-equipe-de-football-familiale-personnalise\/","title":{"rendered":"Paillasson \u00c9quipe de Football Familiale personnalis\u00e9"},"content":{"rendered":"<p><strong>Bienvenue \u00e0 la maison avec un style footballistique<\/strong>. Le paillasson personnalis\u00e9 id\u00e9al pour les amoureux du football et de la famille.<\/p>\n<p>Ce paillasson en fibre de coco ne se contente pas de retenir la salet\u00e9, il refl\u00e8te aussi votre passion pour le sport roi, avec un design qui imite un terrain de football et des maillots personnalisables.<\/p>\n<p>Parfait pour les familles fans de foot, c\u2019est un cadeau original pour les nouveaux foyers ou pour des occasions sp\u00e9ciales comme les anniversaires, les f\u00eates ou No\u00ebl. Ajoutez une touche personnelle et chaleureuse \u00e0 l\u2019entr\u00e9e de votre maison.<\/p>\n<h4><strong>Caract\u00e9ristiques :<\/strong><\/h4>\n<ul>\n<li>Taille : 60 x 33 x 1,5 cm \/ 70 x 40 x 1,5 cm<\/li>\n<li>Mat\u00e9riau : Fibre de coco avec base en PVC antid\u00e9rapante.<\/li>\n<li>Entretien : Nettoyer avec un aspirateur ou en secouant. Ne pas laver en machine ni \u00e0 sec avec des produits de nettoyage. Ne pas mettre au s\u00e8che-linge. Recommand\u00e9 uniquement pour un usage domestique, en int\u00e9rieur et dans des lieux sans exc\u00e8s de passage quotidien.<\/li>\n<\/ul>\n","protected":false},"excerpt":{"rendered":"<p>Bienvenue \u00e0 la maison avec un style footballistique. Le paillasson personnalis\u00e9 id\u00e9al pour les am [&#8230;]<\/p>\n","protected":false},"featured_media":497276,"comment_status":"open","ping_status":"closed","template":"","meta":{"_acf_changed":false},"product_brand":[],"product_cat":[1694],"product_tag":[1687,1681,1779],"class_list":{"0":"post-497614","1":"product","2":"type-product","3":"status-publish","4":"has-post-thumbnail","6":"product_cat-paillassons-personnalises","7":"product_tag-famille","8":"product_tag-peres","9":"product_tag-sportif","11":"first","12":"instock","13":"taxable","14":"shipping-taxable","15":"purchasable","16":"product-type-simple"},"acf":[],"df_price":19.99,"df_sale_price":"","df_regular_price":19.99,"df_image_link":"https:\/\/transparentgift.com\/fr\/wp-content\/uploads\/2025\/11\/Equipo-de-futbol_1-300x300.jpg","_links":{"self":[{"href":"https:\/\/transparentgift.com\/fr\/wp-json\/wp\/v2\/product\/497614","targetHints":{"allow":["GET"]}}],"collection":[{"href":"https:\/\/transparentgift.com\/fr\/wp-json\/wp\/v2\/product"}],"about":[{"href":"https:\/\/transparentgift.com\/fr\/wp-json\/wp\/v2\/types\/product"}],"replies":[{"embeddable":true,"href":"https:\/\/transparentgift.com\/fr\/wp-json\/wp\/v2\/comments?post=497614"}],"wp:featuredmedia":[{"embeddable":true,"href":"https:\/\/transparentgift.com\/fr\/wp-json\/wp\/v2\/media\/497276"}],"wp:attachment":[{"href":"https:\/\/transparentgift.com\/fr\/wp-json\/wp\/v2\/media?parent=497614"}],"wp:term":[{"taxonomy":"product_brand","embeddable":true,"href":"https:\/\/transparentgift.com\/fr\/wp-json\/wp\/v2\/product_brand?post=497614"},{"taxonomy":"product_cat","embeddable":true,"href":"https:\/\/transparentgift.com\/fr\/wp-json\/wp\/v2\/product_cat?post=497614"},{"taxonomy":"product_tag","embeddable":true,"href":"https:\/\/transparentgift.com\/fr\/wp-json\/wp\/v2\/product_tag?post=497614"}],"curies":[{"name":"wp","href":"https:\/\/api.w.org\/{rel}","templated":true}]}}