{"id":497615,"date":"2025-11-20T18:12:30","date_gmt":"2025-11-20T17:12:30","guid":{"rendered":"https:\/\/transparentgift.com\/fr\/paillasson-coeur-avec-noeud-personnalise\/"},"modified":"2025-12-06T18:34:23","modified_gmt":"2025-12-06T17:34:23","slug":"paillasson-coeur-avec-noeud-personnalise","status":"publish","type":"product","link":"https:\/\/transparentgift.com\/fr\/paillasson-coeur-avec-noeud-personnalise\/","title":{"rendered":"Paillasson C\u0153ur avec n\u0153ud personnalis\u00e9"},"content":{"rendered":"<p>Procurez-vous ce <strong>paillasson original pour l\u2019entr\u00e9e de votre maison<\/strong> ! Ce tapis en fibre de coco est <strong>enti\u00e8rement personnalisable<\/strong>. Vous pourrez y faire graver les pr\u00e9noms du couple qui habite le foyer, accompagn\u00e9s du <strong>mot \u00ab Home \u00bb et d\u2019un c\u0153ur<\/strong> qui part de ce mot. Le tout est r\u00e9alis\u00e9 avec un \u00e9l\u00e9gant trac\u00e9 noir qui fera sensation.<\/p>\n<p>Ce mod\u00e8le est fabriqu\u00e9 en <strong>fibre de coco de qualit\u00e9<\/strong> pour garantir sa durabilit\u00e9. De plus, il poss\u00e8de une <strong>base antid\u00e9rapante<\/strong> qui l\u2019emp\u00eache de glisser et facilite son adh\u00e9rence \u00e0 la surface. Vous pourrez le nettoyer \u00e0 l\u2019aide d\u2019un aspirateur pour \u00e9liminer la poussi\u00e8re.<\/p>\n<p>Le paillasson est l\u2019accessoire indispensable pour <strong>retenir la salet\u00e9 et l\u2019humidit\u00e9 des chaussures<\/strong> avant d\u2019entrer dans la maison. Vous \u00e9viterez ainsi les glissades et garderez votre int\u00e9rieur propre. Vous pourrez le placer au sol pr\u00e8s de la porte ou dans une zone de passage \u00e0 l\u2019int\u00e9rieur.<\/p>\n<p>Comment le personnaliser ? Il vous suffira de <strong>choisir les deux pr\u00e9noms du couple<\/strong> qui vit dans le foyer. Le motif du tapis personnalis\u00e9 sera imprim\u00e9 sur le bord des filaments de la fibre de coco, offrant une couleur et une nettet\u00e9 plus douces. C\u2019est pourquoi <strong>nous recommandons d\u2019utiliser les mod\u00e8les de personnalisation<\/strong> propos\u00e9s ou de s\u2019inspirer de leur style.<\/p>\n<p>Les paillassons personnalis\u00e9s sont une excellente id\u00e9e pour <strong>offrir \u00e0 des amis ou \u00e0 des proches<\/strong> qui s\u2019installent pour la premi\u00e8re fois ou emm\u00e9nagent dans un nouveau logement. C\u2019est un cadeau original qui fera plaisir \u00e0 coup s\u00fbr et qui compl\u00e9tera la d\u00e9coration de la maison.<\/p>\n<p><strong>Caract\u00e9ristiques :<\/strong><\/p>\n<ul>\n<li>Taille : 60 x 33 x 1,5 cm \/ 70 x 40 x 1,5 cm<\/li>\n<li>Mat\u00e9riau : fibre de coco avec base en PVC antid\u00e9rapante.<\/li>\n<li>Entretien : nettoyer avec un aspirateur ou en secouant. Ne pas laver en machine ni \u00e0 sec avec des produits de nettoyage. Ne pas mettre au s\u00e8che-linge. Recommand\u00e9 uniquement pour un usage domestique, en int\u00e9rieur et dans des lieux sans exc\u00e8s de passage quotidien.<\/li>\n<\/ul>\n","protected":false},"excerpt":{"rendered":"<p>Procurez-vous ce paillasson original pour l\u2019entr\u00e9e de votre maison ! Ce tapis en fibre de coco es [&#8230;]<\/p>\n","protected":false},"featured_media":497306,"comment_status":"open","ping_status":"closed","template":"","meta":{"_acf_changed":false},"product_brand":[],"product_cat":[1694],"product_tag":[1678],"class_list":{"0":"post-497615","1":"product","2":"type-product","3":"status-publish","4":"has-post-thumbnail","6":"product_cat-paillassons-personnalises","7":"product_tag-couples","9":"first","10":"instock","11":"taxable","12":"shipping-taxable","13":"purchasable","14":"product-type-simple"},"acf":[],"df_price":19.99,"df_sale_price":"","df_regular_price":19.99,"df_image_link":"https:\/\/transparentgift.com\/fr\/wp-content\/uploads\/2025\/11\/Home-lazo_1-300x300.jpg","_links":{"self":[{"href":"https:\/\/transparentgift.com\/fr\/wp-json\/wp\/v2\/product\/497615","targetHints":{"allow":["GET"]}}],"collection":[{"href":"https:\/\/transparentgift.com\/fr\/wp-json\/wp\/v2\/product"}],"about":[{"href":"https:\/\/transparentgift.com\/fr\/wp-json\/wp\/v2\/types\/product"}],"replies":[{"embeddable":true,"href":"https:\/\/transparentgift.com\/fr\/wp-json\/wp\/v2\/comments?post=497615"}],"wp:featuredmedia":[{"embeddable":true,"href":"https:\/\/transparentgift.com\/fr\/wp-json\/wp\/v2\/media\/497306"}],"wp:attachment":[{"href":"https:\/\/transparentgift.com\/fr\/wp-json\/wp\/v2\/media?parent=497615"}],"wp:term":[{"taxonomy":"product_brand","embeddable":true,"href":"https:\/\/transparentgift.com\/fr\/wp-json\/wp\/v2\/product_brand?post=497615"},{"taxonomy":"product_cat","embeddable":true,"href":"https:\/\/transparentgift.com\/fr\/wp-json\/wp\/v2\/product_cat?post=497615"},{"taxonomy":"product_tag","embeddable":true,"href":"https:\/\/transparentgift.com\/fr\/wp-json\/wp\/v2\/product_tag?post=497615"}],"curies":[{"name":"wp","href":"https:\/\/api.w.org\/{rel}","templated":true}]}}