{"id":497618,"date":"2025-11-20T18:12:35","date_gmt":"2025-11-20T17:12:35","guid":{"rendered":"https:\/\/transparentgift.com\/fr\/paillasson-personnalise-avec-textes-et-photo\/"},"modified":"2026-02-23T13:26:41","modified_gmt":"2026-02-23T12:26:41","slug":"paillasson-personnalise-avec-textes-et-photo","status":"publish","type":"product","link":"https:\/\/transparentgift.com\/fr\/paillasson-personnalise-avec-textes-et-photo\/","title":{"rendered":"Paillasson personnalis\u00e9 avec textes et photo"},"content":{"rendered":"<p><strong>Paillasson original personnalis\u00e9 avec texte et photo<\/strong>. Accueillez vos invit\u00e9s avec un design unique qui refl\u00e8te votre style et votre personnalit\u00e9.<\/p>\n<p>Ce <strong>paillasson en fibre de coco personnalisable<\/strong> vous permet d\u2019ajouter les textes, noms ou phrases que vous souhaitez, ainsi que d\u2019int\u00e9grer votre <strong>photo pr\u00e9f\u00e9r\u00e9e<\/strong>. Cr\u00e9ez un design amusant, \u00e9mouvant ou familial qui accueille vos visiteurs de fa\u00e7on originale d\u00e8s la porte d\u2019entr\u00e9e.<\/p>\n<p>Id\u00e9al comme <strong>cadeau pour un d\u00e9m\u00e9nagement<\/strong>, une\u00a0<strong>pendaison de cr\u00e9maill\u00e8re<\/strong>\u00a0ou comme <strong>d\u00e9tail personnalis\u00e9<\/strong> pour les couples, les familles ou les amis. Sa <strong>base antid\u00e9rapante en PVC<\/strong> \u00e9vite les d\u00e9placements et offre une plus grande s\u00e9curit\u00e9. L\u2019impression sur la surface en coco offre une finition douce et naturelle.<\/p>\n<h4><strong>Caract\u00e9ristiques :<\/strong><\/h4>\n<ul>\n<li>Taille : 60 x 33 x 1,5 cm \/ 70 x 40 x 1,5 cm<\/li>\n<li>Mat\u00e9riau : fibre de coco avec base en PVC antid\u00e9rapante.<\/li>\n<li>Entretien : nettoyer avec un aspirateur ou en le secouant. Ne pas laver en machine ni \u00e0 sec avec des produits de nettoyage. Ne pas mettre au s\u00e8che-linge. Recommand\u00e9 uniquement pour un usage domestique, en int\u00e9rieur et dans des lieux sans exc\u00e8s de passage quotidien.<\/li>\n<\/ul>\n","protected":false},"excerpt":{"rendered":"<p>Paillasson original personnalis\u00e9 avec texte et photo. Accueillez vos invit\u00e9s avec un design unique [&#8230;]<\/p>\n","protected":false},"featured_media":497289,"comment_status":"open","ping_status":"closed","template":"","meta":{"_acf_changed":false},"product_brand":[],"product_cat":[1694],"product_tag":[1687,1677,1699],"class_list":{"0":"post-497618","1":"product","2":"type-product","3":"status-publish","4":"has-post-thumbnail","6":"product_cat-paillassons-personnalises","7":"product_tag-famille","8":"product_tag-generique","9":"product_tag-grands-parents","11":"first","12":"instock","13":"sale","14":"taxable","15":"shipping-taxable","16":"purchasable","17":"product-type-simple"},"acf":[],"df_price":18.99,"df_sale_price":18.99,"df_regular_price":19.99,"df_image_link":"https:\/\/transparentgift.com\/fr\/wp-content\/uploads\/2025\/11\/Personalizado-con-texto-y-foto_1-300x300.jpg","_links":{"self":[{"href":"https:\/\/transparentgift.com\/fr\/wp-json\/wp\/v2\/product\/497618","targetHints":{"allow":["GET"]}}],"collection":[{"href":"https:\/\/transparentgift.com\/fr\/wp-json\/wp\/v2\/product"}],"about":[{"href":"https:\/\/transparentgift.com\/fr\/wp-json\/wp\/v2\/types\/product"}],"replies":[{"embeddable":true,"href":"https:\/\/transparentgift.com\/fr\/wp-json\/wp\/v2\/comments?post=497618"}],"wp:featuredmedia":[{"embeddable":true,"href":"https:\/\/transparentgift.com\/fr\/wp-json\/wp\/v2\/media\/497289"}],"wp:attachment":[{"href":"https:\/\/transparentgift.com\/fr\/wp-json\/wp\/v2\/media?parent=497618"}],"wp:term":[{"taxonomy":"product_brand","embeddable":true,"href":"https:\/\/transparentgift.com\/fr\/wp-json\/wp\/v2\/product_brand?post=497618"},{"taxonomy":"product_cat","embeddable":true,"href":"https:\/\/transparentgift.com\/fr\/wp-json\/wp\/v2\/product_cat?post=497618"},{"taxonomy":"product_tag","embeddable":true,"href":"https:\/\/transparentgift.com\/fr\/wp-json\/wp\/v2\/product_tag?post=497618"}],"curies":[{"name":"wp","href":"https:\/\/api.w.org\/{rel}","templated":true}]}}