{"id":497620,"date":"2025-11-20T18:12:38","date_gmt":"2025-11-20T17:12:38","guid":{"rendered":"https:\/\/transparentgift.com\/fr\/lampe-portraits-personnalisee\/"},"modified":"2026-03-18T17:40:35","modified_gmt":"2026-03-18T16:40:35","slug":"lampe-portraits-personnalisee","status":"publish","type":"product","link":"https:\/\/transparentgift.com\/fr\/lampe-portraits-personnalisee\/","title":{"rendered":"Lampe Portraits personnalis\u00e9e"},"content":{"rendered":"<p><strong>Lampe personnalis\u00e9e avec collage de photos et texte<\/strong>. Le d\u00e9tail parfait pour immortaliser des souvenirs inoubliables avec une touche de lumi\u00e8re et d\u2019amour.<\/p>\n<p>Cette lampe personnalis\u00e9e permet de graver une image principale et trois photos suppl\u00e9mentaires sous forme de collage, accompagn\u00e9es de vos pr\u00e9noms et d\u2019une phrase \u00e9mouvante. Un <strong>collage lumineux personnalis\u00e9<\/strong> qui allie \u00e9l\u00e9gance et \u00e9motion, id\u00e9al comme <strong>cadeau photo plein de tendresse<\/strong> pour toute occasion.<\/p>\n<p>Parfaite comme <strong>cadeau de la Saint-Valentin<\/strong>, pour un <strong>anniversaire de mariage<\/strong>&nbsp;ou de<strong>&nbsp;naissance<\/strong>, <strong>No\u00ebl<\/strong>, la <strong>F\u00eate des M\u00e8res<\/strong> ou la <strong>F\u00eate des P\u00e8res<\/strong>, ou m\u00eame pour surprendre un couple le jour de son mariage. Cette <strong>lampe personnalis\u00e9e<\/strong> est id\u00e9ale pour d\u00e9corer une table de chevet, une \u00e9tag\u00e8re ou un bureau, et garder vivants vos plus beaux souvenirs gr\u00e2ce \u00e0 sa lumi\u00e8re LED chaude.<\/p>\n<h4><strong>Caract\u00e9ristiques :<\/strong><\/h4>\n<ul>\n<li>Taille :<br \/>\n&#8211; Avec base : 19 \u00d7 14,5 x 4,5 cm<br \/>\n&#8211; Avec cadre : 21 x 17 cm<\/li>\n<li>Mat\u00e9riau :<br \/>\n&#8211; Plaque : m\u00e9thacrylate de haute qualit\u00e9<br \/>\n&#8211; Base : bois de haute qualit\u00e9<\/li>\n<li>Inclus : lumi\u00e8re LED chaude, c\u00e2ble USB et emballage avec bo\u00eete cadeau<\/li>\n<li>Entretien : nettoyage facile avec la chiffonnette incluse<\/li>\n<\/ul>\n","protected":false},"excerpt":{"rendered":"<p>Lampe personnalis\u00e9e avec collage de photos et texte. Le d\u00e9tail parfait pour immortaliser des souve [&#8230;]<\/p>\n","protected":false},"featured_media":497240,"comment_status":"open","ping_status":"closed","template":"","meta":{"_acf_changed":false},"product_brand":[],"product_cat":[1682],"product_tag":[1678,1680,1677],"class_list":{"0":"post-497620","1":"product","2":"type-product","3":"status-publish","4":"has-post-thumbnail","6":"product_cat-lampes-personnalisees","7":"product_tag-couples","8":"product_tag-femmes","9":"product_tag-generique","11":"first","12":"instock","13":"sale","14":"taxable","15":"shipping-taxable","16":"purchasable","17":"product-type-simple"},"acf":[],"df_price":14.99,"df_sale_price":14.99,"df_regular_price":20.99,"df_image_link":"https:\/\/transparentgift.com\/fr\/wp-content\/uploads\/2025\/11\/CAT.-LAMPARA-RETRATO_1-300x300.jpg","_links":{"self":[{"href":"https:\/\/transparentgift.com\/fr\/wp-json\/wp\/v2\/product\/497620","targetHints":{"allow":["GET"]}}],"collection":[{"href":"https:\/\/transparentgift.com\/fr\/wp-json\/wp\/v2\/product"}],"about":[{"href":"https:\/\/transparentgift.com\/fr\/wp-json\/wp\/v2\/types\/product"}],"replies":[{"embeddable":true,"href":"https:\/\/transparentgift.com\/fr\/wp-json\/wp\/v2\/comments?post=497620"}],"wp:featuredmedia":[{"embeddable":true,"href":"https:\/\/transparentgift.com\/fr\/wp-json\/wp\/v2\/media\/497240"}],"wp:attachment":[{"href":"https:\/\/transparentgift.com\/fr\/wp-json\/wp\/v2\/media?parent=497620"}],"wp:term":[{"taxonomy":"product_brand","embeddable":true,"href":"https:\/\/transparentgift.com\/fr\/wp-json\/wp\/v2\/product_brand?post=497620"},{"taxonomy":"product_cat","embeddable":true,"href":"https:\/\/transparentgift.com\/fr\/wp-json\/wp\/v2\/product_cat?post=497620"},{"taxonomy":"product_tag","embeddable":true,"href":"https:\/\/transparentgift.com\/fr\/wp-json\/wp\/v2\/product_tag?post=497620"}],"curies":[{"name":"wp","href":"https:\/\/api.w.org\/{rel}","templated":true}]}}