{"id":497621,"date":"2025-11-20T18:12:40","date_gmt":"2025-11-20T17:12:40","guid":{"rendered":"https:\/\/transparentgift.com\/fr\/lampe-carte-celeste-personnalisee\/"},"modified":"2026-04-20T12:33:53","modified_gmt":"2026-04-20T10:33:53","slug":"lampe-carte-celeste-personnalisee","status":"publish","type":"product","link":"https:\/\/transparentgift.com\/fr\/lampe-carte-celeste-personnalisee\/","title":{"rendered":"Lampe Carte C\u00e9leste personnalis\u00e9e"},"content":{"rendered":"<p>Surprenez votre partenaire avec cette romantique <strong>lampe au design de carte c\u00e9leste avec pr\u00e9noms et texte<\/strong>, et faites le cadeau le plus original et \u00e9mouvant. Sur la plaque en m\u00e9thacrylate, vous pourrez graver le pr\u00e9nom de votre petit ami ou petite amie \u00e0 c\u00f4t\u00e9 du v\u00f4tre, accompagn\u00e9s d\u2019une date et d\u2019un lieu sp\u00e9cial pour vous. Elle est parfaite comme <strong>cadeau de la Saint-Valentin, pour un anniversaire de mariage ou de naissance<\/strong>\u00a0ou m\u00eame pour No\u00ebl. Elle est aussi id\u00e9ale comme attention pour les mari\u00e9s <strong>le jour de leur mariage<\/strong>.<\/p>\n<p>Ce cadeau est <strong>enti\u00e8rement personnalisable<\/strong>, il vous suffit d\u2019\u00e9crire les pr\u00e9noms et un texte sp\u00e9cial et le tout sera grav\u00e9 sous le magnifique dessin de carte c\u00e9leste. De plus, pour un petit suppl\u00e9ment, vous pourrez <strong>ajouter une phrase sur la base ou le cadre<\/strong> afin que votre cadeau personnalis\u00e9 soit encore plus sp\u00e9cial. Ainsi, votre partenaire pourra <strong>d\u00e9corer sa table de nuit, son \u00e9tag\u00e8re ou son bureau<\/strong> de la mani\u00e8re la plus romantique et laisser la lumi\u00e8re nocturne illuminer la pi\u00e8ce.<\/p>\n<p>Ses mat\u00e9riaux de haute qualit\u00e9 conf\u00e8rent \u00e0 la lampe r\u00e9sistance et durabilit\u00e9. Elle dispose \u00e9galement d\u2019un c\u00e2ble et d\u2019un interrupteur pour allumer la lampe quand vous le souhaitez.<\/p>\n<p>Ne passez pas \u00e0 c\u00f4t\u00e9 du cadeau parfait pour prouver votre amour \u00e0 votre partenaire en ce jour si sp\u00e9cial. Vous aurez l\u2019occasion de conserver votre souvenir le plus pr\u00e9cieux.<\/p>\n<p><strong>Caract\u00e9ristiques :<\/strong><\/p>\n<ul>\n<li>Taille : 15 \u00d7 14,5 x 4,5 cm<\/li>\n<li>Mat\u00e9riau :\n<ul>\n<li>Plaque : m\u00e9thacrylate de haute qualit\u00e9.<\/li>\n<li>Base : bois de haute qualit\u00e9.<\/li>\n<\/ul>\n<\/li>\n<li>Inclus : lumi\u00e8re LED chaude. C\u00e2ble USB. Packaging avec bo\u00eete cadeau.<\/li>\n<li>Entretien : se nettoie facilement \u00e0 l\u2019aide de la chiffonnette incluse.<\/li>\n<\/ul>\n","protected":false},"excerpt":{"rendered":"<p>Surprenez votre partenaire avec cette romantique lampe au design de carte c\u00e9leste avec pr\u00e9noms et  [&#8230;]<\/p>\n","protected":false},"featured_media":497222,"comment_status":"open","ping_status":"closed","template":"","meta":{"_acf_changed":false},"product_brand":[],"product_cat":[1682],"product_tag":[1678,1677,1688],"class_list":{"0":"post-497621","1":"product","2":"type-product","3":"status-publish","4":"has-post-thumbnail","6":"product_cat-lampes-personnalisees","7":"product_tag-couples","8":"product_tag-generique","9":"product_tag-meres","11":"first","12":"instock","13":"taxable","14":"shipping-taxable","15":"purchasable","16":"product-type-simple"},"acf":[],"df_price":20.99,"df_sale_price":"","df_regular_price":20.99,"df_image_link":"https:\/\/transparentgift.com\/fr\/wp-content\/uploads\/2025\/11\/CAT.-LAMPARA-mapa-estelar_1_FRANCIA-300x300.jpg","_links":{"self":[{"href":"https:\/\/transparentgift.com\/fr\/wp-json\/wp\/v2\/product\/497621","targetHints":{"allow":["GET"]}}],"collection":[{"href":"https:\/\/transparentgift.com\/fr\/wp-json\/wp\/v2\/product"}],"about":[{"href":"https:\/\/transparentgift.com\/fr\/wp-json\/wp\/v2\/types\/product"}],"replies":[{"embeddable":true,"href":"https:\/\/transparentgift.com\/fr\/wp-json\/wp\/v2\/comments?post=497621"}],"wp:featuredmedia":[{"embeddable":true,"href":"https:\/\/transparentgift.com\/fr\/wp-json\/wp\/v2\/media\/497222"}],"wp:attachment":[{"href":"https:\/\/transparentgift.com\/fr\/wp-json\/wp\/v2\/media?parent=497621"}],"wp:term":[{"taxonomy":"product_brand","embeddable":true,"href":"https:\/\/transparentgift.com\/fr\/wp-json\/wp\/v2\/product_brand?post=497621"},{"taxonomy":"product_cat","embeddable":true,"href":"https:\/\/transparentgift.com\/fr\/wp-json\/wp\/v2\/product_cat?post=497621"},{"taxonomy":"product_tag","embeddable":true,"href":"https:\/\/transparentgift.com\/fr\/wp-json\/wp\/v2\/product_tag?post=497621"}],"curies":[{"name":"wp","href":"https:\/\/api.w.org\/{rel}","templated":true}]}}