{"id":497622,"date":"2025-11-20T18:12:41","date_gmt":"2025-11-20T17:12:41","guid":{"rendered":"https:\/\/transparentgift.com\/fr\/cadre-photo-personnalise-en-forme-de-grande-roue\/"},"modified":"2026-02-10T17:06:37","modified_gmt":"2026-02-10T16:06:37","slug":"cadre-photo-personnalise-en-forme-de-grande-roue","status":"publish","type":"product","link":"https:\/\/transparentgift.com\/fr\/cadre-photo-personnalise-en-forme-de-grande-roue\/","title":{"rendered":"Cadre photo personnalis\u00e9 en forme de grande roue"},"content":{"rendered":"<p><strong>Cadre photo personnalis\u00e9 en forme de grande roue<\/strong>. Un souvenir inoubliable qui tourne au rythme de chaque histoire d\u2019amour.<\/p>\n<p>Ce <strong>cadre photo rotatif<\/strong> est le cadeau parfait pour exprimer votre amour de mani\u00e8re originale et cr\u00e9ative. Vous pouvez le personnaliser avec <strong>six photos<\/strong> qui refl\u00e8tent les moments les plus romantiques avec votre partenaire. Chaque image est visible des deux c\u00f4t\u00e9s, et le mouvement de la grande roue permet de les d\u00e9couvrir une \u00e0 une, en tournant avec d\u00e9licatesse et \u00e9motion.<\/p>\n<p>C\u2019est un <strong>cadeau de Saint-Valentin original<\/strong>, parfait aussi pour les <strong>anniversaires<\/strong>\u00a0de mariage ou<strong>\u00a0de naissance<\/strong>, <strong>No\u00ebl<\/strong> ou m\u00eame comme attention pour les<strong>\u00a0mariages<\/strong>. Une pi\u00e8ce d\u00e9corative et pleine de sens que votre partenaire pourra placer sur une \u00e9tag\u00e8re ou un bureau, remplissant l\u2019espace de souvenirs et d\u2019amour. Fabriqu\u00e9e en <strong>PVC blanc de haute qualit\u00e9<\/strong>, cette grande roue est r\u00e9sistante et durable.<\/p>\n<h4><strong>Caract\u00e9ristiques :<\/strong><\/h4>\n<ul>\n<li>Taille : 33 x 23 x 18 cm<\/li>\n<li>Mat\u00e9riau : PVC blanc<\/li>\n<li>Entretien : se nettoie facilement avec un chiffon doux<\/li>\n<\/ul>\n","protected":false},"excerpt":{"rendered":"<p>Cadre photo personnalis\u00e9 en forme de grande roue. Un souvenir inoubliable qui tourne au rythme de c [&#8230;]<\/p>\n","protected":false},"featured_media":497404,"comment_status":"open","ping_status":"closed","template":"","meta":{"_acf_changed":false},"product_brand":[],"product_cat":[1690],"product_tag":[1678,1687,1680,1677,1699],"class_list":{"0":"post-497622","1":"product","2":"type-product","3":"status-publish","4":"has-post-thumbnail","6":"product_cat-produits-originaux","7":"product_tag-couples","8":"product_tag-famille","9":"product_tag-femmes","10":"product_tag-generique","11":"product_tag-grands-parents","13":"first","14":"instock","15":"taxable","16":"shipping-taxable","17":"purchasable","18":"product-type-simple"},"acf":[],"df_price":19.99,"df_sale_price":"","df_regular_price":19.99,"df_image_link":"https:\/\/transparentgift.com\/fr\/wp-content\/uploads\/2025\/11\/1-Marco-de-Fotos-con-forma-de-Noria-personalizado-1-300x300.jpg","_links":{"self":[{"href":"https:\/\/transparentgift.com\/fr\/wp-json\/wp\/v2\/product\/497622","targetHints":{"allow":["GET"]}}],"collection":[{"href":"https:\/\/transparentgift.com\/fr\/wp-json\/wp\/v2\/product"}],"about":[{"href":"https:\/\/transparentgift.com\/fr\/wp-json\/wp\/v2\/types\/product"}],"replies":[{"embeddable":true,"href":"https:\/\/transparentgift.com\/fr\/wp-json\/wp\/v2\/comments?post=497622"}],"wp:featuredmedia":[{"embeddable":true,"href":"https:\/\/transparentgift.com\/fr\/wp-json\/wp\/v2\/media\/497404"}],"wp:attachment":[{"href":"https:\/\/transparentgift.com\/fr\/wp-json\/wp\/v2\/media?parent=497622"}],"wp:term":[{"taxonomy":"product_brand","embeddable":true,"href":"https:\/\/transparentgift.com\/fr\/wp-json\/wp\/v2\/product_brand?post=497622"},{"taxonomy":"product_cat","embeddable":true,"href":"https:\/\/transparentgift.com\/fr\/wp-json\/wp\/v2\/product_cat?post=497622"},{"taxonomy":"product_tag","embeddable":true,"href":"https:\/\/transparentgift.com\/fr\/wp-json\/wp\/v2\/product_tag?post=497622"}],"curies":[{"name":"wp","href":"https:\/\/api.w.org\/{rel}","templated":true}]}}