{"id":497625,"date":"2025-11-20T18:12:46","date_gmt":"2025-11-20T17:12:46","guid":{"rendered":"https:\/\/transparentgift.com\/fr\/boite-a-photos-accordeon-avec-date-personnalisee\/"},"modified":"2026-01-14T10:57:59","modified_gmt":"2026-01-14T09:57:59","slug":"boite-a-photos-accordeon-avec-date-personnalisee","status":"publish","type":"product","link":"https:\/\/transparentgift.com\/fr\/boite-a-photos-accordeon-avec-date-personnalisee\/","title":{"rendered":"Bo\u00eete \u00e0 Photos Accord\u00e9on avec Date personnalis\u00e9e"},"content":{"rendered":"<p><strong>Cr\u00e9ez des moments inoubliables avec la Bo\u00eete \u00e0 Photos Accord\u00e9on personnalis\u00e9e.<\/strong> Un cadeau unique qui capture vos souvenirs les plus pr\u00e9cieux.<\/p>\n<p>Cet album en forme d\u2019accord\u00e9on est le d\u00e9tail parfait pour surprendre quelqu\u2019un de sp\u00e9cial, vous permettant de le personnaliser avec jusqu\u2019\u00e0 six photos et une date significative. Id\u00e9al pour comm\u00e9morer les anniversaires de naissance ou de mariage\/rencontre, No\u00ebl, la F\u00eate des M\u00e8res ou toute autre occasion qui m\u00e9rite d\u2019\u00eatre rappel\u00e9e.<\/p>\n<p>Con\u00e7u pour ceux qui appr\u00e9cient les attentions personnalis\u00e9es, ce cadeau est parfait pour les couples, la famille et les amis. Imaginez le sourire sur le visage de la personne qui recevra ce souvenir \u00e9mouvant, id\u00e9al pour les c\u00e9l\u00e9brations ou simplement pour \u00e9gayer une journ\u00e9e ordinaire.<\/p>\n<h4><strong>Caract\u00e9ristiques :<\/strong><\/h4>\n<ul>\n<li>Taille : 10 x 7 x 4 cm<\/li>\n<li>Mat\u00e9riau : bois naturel de haute qualit\u00e9.<\/li>\n<li>Entretien : nettoyer avec un chiffon doux.<\/li>\n<\/ul>\n","protected":false},"excerpt":{"rendered":"<p>Cr\u00e9ez des moments inoubliables avec la Bo\u00eete \u00e0 Photos Accord\u00e9on personnalis\u00e9e. Un cadeau unique [&#8230;]<\/p>\n","protected":false},"featured_media":497462,"comment_status":"open","ping_status":"closed","template":"","meta":{"_acf_changed":false},"product_brand":[],"product_cat":[1700],"product_tag":[1680,1677],"class_list":{"0":"post-497625","1":"product","2":"type-product","3":"status-publish","4":"has-post-thumbnail","6":"product_cat-boites-a-photos-personnalisees","7":"product_tag-femmes","8":"product_tag-generique","10":"first","11":"instock","12":"taxable","13":"shipping-taxable","14":"purchasable","15":"product-type-simple"},"acf":[],"df_price":24.99,"df_sale_price":"","df_regular_price":24.99,"df_image_link":"https:\/\/transparentgift.com\/fr\/wp-content\/uploads\/2025\/11\/lugarmejor-francia1-300x300.jpg","_links":{"self":[{"href":"https:\/\/transparentgift.com\/fr\/wp-json\/wp\/v2\/product\/497625","targetHints":{"allow":["GET"]}}],"collection":[{"href":"https:\/\/transparentgift.com\/fr\/wp-json\/wp\/v2\/product"}],"about":[{"href":"https:\/\/transparentgift.com\/fr\/wp-json\/wp\/v2\/types\/product"}],"replies":[{"embeddable":true,"href":"https:\/\/transparentgift.com\/fr\/wp-json\/wp\/v2\/comments?post=497625"}],"wp:featuredmedia":[{"embeddable":true,"href":"https:\/\/transparentgift.com\/fr\/wp-json\/wp\/v2\/media\/497462"}],"wp:attachment":[{"href":"https:\/\/transparentgift.com\/fr\/wp-json\/wp\/v2\/media?parent=497625"}],"wp:term":[{"taxonomy":"product_brand","embeddable":true,"href":"https:\/\/transparentgift.com\/fr\/wp-json\/wp\/v2\/product_brand?post=497625"},{"taxonomy":"product_cat","embeddable":true,"href":"https:\/\/transparentgift.com\/fr\/wp-json\/wp\/v2\/product_cat?post=497625"},{"taxonomy":"product_tag","embeddable":true,"href":"https:\/\/transparentgift.com\/fr\/wp-json\/wp\/v2\/product_tag?post=497625"}],"curies":[{"name":"wp","href":"https:\/\/api.w.org\/{rel}","templated":true}]}}