{"id":497632,"date":"2025-11-20T18:12:58","date_gmt":"2025-11-20T17:12:58","guid":{"rendered":"https:\/\/transparentgift.com\/fr\/pack-detiquettes-adhesives-enfant-pour-vetements-et-objets-avec-nom-personnalise\/"},"modified":"2026-03-23T12:04:27","modified_gmt":"2026-03-23T11:04:27","slug":"pack-detiquettes-adhesives-enfant-pour-vetements-et-objets-avec-nom-personnalise","status":"publish","type":"product","link":"https:\/\/transparentgift.com\/fr\/pack-detiquettes-adhesives-enfant-pour-vetements-et-objets-avec-nom-personnalise\/","title":{"rendered":"Pack d\u2019\u00e9tiquettes adh\u00e9sives enfant pour v\u00eatements et objets avec nom personnalis\u00e9"},"content":{"rendered":"<p><strong>Organisez et prot\u00e9gez toutes les affaires de vos enfants avec style<\/strong>. Ce pack complet d\u2019\u00e9tiquettes adh\u00e9sives enfant personnalis\u00e9es est la solution id\u00e9ale pour marquer les v\u00eatements et les objets de l\u2019\u00e9cole ou de la cr\u00e8che.<\/p>\n<p>Gr\u00e2ce \u00e0 leur design joyeux et color\u00e9, ces \u00e9tiquettes avec nom personnalis\u00e9 aident \u00e0 \u00e9viter les pertes et les confusions, en facilitant l\u2019identification de chaque objet de mani\u00e8re rapide et ludique.<\/p>\n<p>Parfait pour les filles et les gar\u00e7ons en \u00e2ge scolaire ou pr\u00e9scolaire, ce pack est con\u00e7u pour les accompagner au quotidien : de la cr\u00e8che aux sorties scolaires. C\u2019est un cadeau pratique et original pour la rentr\u00e9e, un anniversaire ou comme petit pr\u00e9sent utile pour les parents organis\u00e9s. Enti\u00e8rement personnalisables avec le pr\u00e9nom de votre choix, ces \u00e9tiquettes apportent ordre et s\u00e9r\u00e9nit\u00e9 aussi bien \u00e0 la maison qu\u2019\u00e0 l\u2019\u00e9cole.<\/p>\n<h4><strong>Caract\u00e9ristiques :<\/strong><\/h4>\n<ul>\n<li>Comprend 26 \u00e9tiquettes pour v\u00eatements et 84 \u00e9tiquettes pour objets de diff\u00e9rentes tailles et formes<\/li>\n<li>2 porte-identifiants en m\u00e9thacrylate de haute qualit\u00e9 pour sacs \u00e0 dos ou trousses<\/li>\n<li>\u00c9tiquettes fabriqu\u00e9es en vinyle textile et vinyle adh\u00e9sif r\u00e9sistants \u00e0 l\u2019eau et aux frottements<\/li>\n<li>Application facile sur surfaces lisses ou sur les v\u00eatements avec un fer \u00e0 repasser<\/li>\n<li>Personnalisation compl\u00e8te avec le pr\u00e9nom de l\u2019enfant et un motif th\u00e9matique au choix<\/li>\n<\/ul>\n<h4><strong>Taille et quantit\u00e9 par mod\u00e8le :<\/strong><\/h4>\n<ul>\n<li><strong>V\u00caTEMENTS :<\/strong>\n<ul>\n<li>50&#215;50 mm = 18 unit\u00e9s<\/li>\n<li>50&#215;15 mm = 8 unit\u00e9s<\/li>\n<\/ul>\n<\/li>\n<li><strong>OBJETS :<\/strong>\n<ul>\n<li>50&#215;10 mm = 10 unit\u00e9s<\/li>\n<li>50&#215;20 mm = 10 unit\u00e9s<\/li>\n<li>48&#215;12 mm = 8 unit\u00e9s<\/li>\n<li>30&#215;8 mm = 27 unit\u00e9s<\/li>\n<li>35&#215;35 mm = 3 unit\u00e9s<\/li>\n<li>31&#215;12 mm = 18 unit\u00e9s<\/li>\n<li>25&#215;5 mm = 8 unit\u00e9s<\/li>\n<\/ul>\n<\/li>\n<li><strong>PORTE-IDENTIFIANTS :<\/strong>\n<ul>\n<li>50&#215;28 mm = 2 unit\u00e9s<\/li>\n<\/ul>\n<\/li>\n<\/ul>\n","protected":false},"excerpt":{"rendered":"<p>Organisez et prot\u00e9gez toutes les affaires de vos enfants avec style. Ce pack complet d\u2019\u00e9tiquette [&#8230;]<\/p>\n","protected":false},"featured_media":497419,"comment_status":"open","ping_status":"closed","template":"","meta":{"_acf_changed":false},"product_brand":[],"product_cat":[1704],"product_tag":[1692],"ai-category":[1758],"class_list":{"0":"post-497632","1":"product","2":"type-product","3":"status-publish","4":"has-post-thumbnail","6":"product_cat-etiquettes-personnalisees","7":"product_tag-ecole","8":"ai-category-etiquetas-personalizadas","10":"first","11":"instock","12":"taxable","13":"shipping-taxable","14":"purchasable","15":"product-type-simple"},"acf":[],"df_price":24.99,"df_sale_price":"","df_regular_price":24.99,"df_image_link":"https:\/\/transparentgift.com\/fr\/wp-content\/uploads\/2025\/11\/francia-1-300x300.jpg","_links":{"self":[{"href":"https:\/\/transparentgift.com\/fr\/wp-json\/wp\/v2\/product\/497632","targetHints":{"allow":["GET"]}}],"collection":[{"href":"https:\/\/transparentgift.com\/fr\/wp-json\/wp\/v2\/product"}],"about":[{"href":"https:\/\/transparentgift.com\/fr\/wp-json\/wp\/v2\/types\/product"}],"replies":[{"embeddable":true,"href":"https:\/\/transparentgift.com\/fr\/wp-json\/wp\/v2\/comments?post=497632"}],"wp:featuredmedia":[{"embeddable":true,"href":"https:\/\/transparentgift.com\/fr\/wp-json\/wp\/v2\/media\/497419"}],"wp:attachment":[{"href":"https:\/\/transparentgift.com\/fr\/wp-json\/wp\/v2\/media?parent=497632"}],"wp:term":[{"taxonomy":"product_brand","embeddable":true,"href":"https:\/\/transparentgift.com\/fr\/wp-json\/wp\/v2\/product_brand?post=497632"},{"taxonomy":"product_cat","embeddable":true,"href":"https:\/\/transparentgift.com\/fr\/wp-json\/wp\/v2\/product_cat?post=497632"},{"taxonomy":"product_tag","embeddable":true,"href":"https:\/\/transparentgift.com\/fr\/wp-json\/wp\/v2\/product_tag?post=497632"},{"taxonomy":"ai-category","embeddable":true,"href":"https:\/\/transparentgift.com\/fr\/wp-json\/wp\/v2\/ai-category?post=497632"}],"curies":[{"name":"wp","href":"https:\/\/api.w.org\/{rel}","templated":true}]}}