{"id":497635,"date":"2025-11-20T18:13:04","date_gmt":"2025-11-20T17:13:04","guid":{"rendered":"https:\/\/transparentgift.com\/fr\/pack-de-decorations-pour-sapin-de-noel-guirlande-avec-photo-et-texte-personnalises\/"},"modified":"2026-05-14T16:12:46","modified_gmt":"2026-05-14T14:12:46","slug":"pack-de-decorations-pour-sapin-de-guirlande-de-noel-avec-photo-et-texte-personnalises","status":"publish","type":"product","link":"https:\/\/transparentgift.com\/fr\/pack-de-decorations-pour-sapin-de-guirlande-de-noel-avec-photo-et-texte-personnalises\/","title":{"rendered":"Pack de d\u00e9corations pour sapin de Guirlande de No\u00ebl avec photo et texte personnalis\u00e9s"},"content":{"rendered":"<p><strong>D\u00e9corez votre No\u00ebl avec une touche personnelle et unique<\/strong>. Ce pack de d\u00e9corations pour sapin de No\u00ebl est le choix parfait pour ajouter chaleur et amour \u00e0 vos f\u00eates.<\/p>\n<p>Personnalisez chaque d\u00e9coration avec une photo sp\u00e9ciale et un message \u00e9mouvant, cr\u00e9ant ainsi des souvenirs inoubliables pour ces f\u00eates. Id\u00e9ales comme cadeau de No\u00ebl ou de l\u2019\u00c9piphanie, ces d\u00e9corations sont une attention pleine de sens pour la famille, les amis ou tout simplement pour profiter chez vous.<\/p>\n<p>Parfait pour ceux qui recherchent un cadeau personnalis\u00e9 qui capture des moments sp\u00e9ciaux, ce pack est id\u00e9al pour les anniversaires, les r\u00e9unions de famille ou simplement pour embellir votre int\u00e9rieur en cette p\u00e9riode si particuli\u00e8re. Chaque d\u00e9coration peut \u00eatre plac\u00e9e sur le sapin, sur un meuble ou m\u00eame sur la porte d\u2019entr\u00e9e, apportant une touche de joie de No\u00ebl.<\/p>\n<h4><strong>Caract\u00e9ristiques :<\/strong><\/h4>\n<ul>\n<li style=\"list-style-type: none\">\n<ul>\n<li>Taille : 8 x 8 cm<\/li>\n<li>Mat\u00e9riau : m\u00e9thacrylate de haute qualit\u00e9.<\/li>\n<li>Inclus : cordon cir\u00e9 avec une perle en bois d\u00e9corative.<\/li>\n<\/ul>\n<\/li>\n<\/ul>\n","protected":false},"excerpt":{"rendered":"<p>D\u00e9corez votre No\u00ebl avec une touche personnelle et unique. Ce pack de d\u00e9corations pour sapin de No [&#8230;]<\/p>\n","protected":false},"featured_media":497069,"comment_status":"open","ping_status":"closed","template":"","meta":{"_acf_changed":false},"product_brand":[],"product_cat":[1721],"product_tag":[1695],"class_list":{"0":"post-497635","1":"product","2":"type-product","3":"status-publish","4":"has-post-thumbnail","6":"product_cat-ornements-noel","7":"product_tag-noel","9":"first","10":"instock","11":"taxable","12":"shipping-taxable","13":"purchasable","14":"product-type-simple"},"acf":[],"df_price":13.99,"df_sale_price":"","df_regular_price":13.99,"df_image_link":"https:\/\/transparentgift.com\/fr\/wp-content\/uploads\/2025\/11\/fotohojas-francia1-300x300.jpg","_links":{"self":[{"href":"https:\/\/transparentgift.com\/fr\/wp-json\/wp\/v2\/product\/497635","targetHints":{"allow":["GET"]}}],"collection":[{"href":"https:\/\/transparentgift.com\/fr\/wp-json\/wp\/v2\/product"}],"about":[{"href":"https:\/\/transparentgift.com\/fr\/wp-json\/wp\/v2\/types\/product"}],"replies":[{"embeddable":true,"href":"https:\/\/transparentgift.com\/fr\/wp-json\/wp\/v2\/comments?post=497635"}],"wp:featuredmedia":[{"embeddable":true,"href":"https:\/\/transparentgift.com\/fr\/wp-json\/wp\/v2\/media\/497069"}],"wp:attachment":[{"href":"https:\/\/transparentgift.com\/fr\/wp-json\/wp\/v2\/media?parent=497635"}],"wp:term":[{"taxonomy":"product_brand","embeddable":true,"href":"https:\/\/transparentgift.com\/fr\/wp-json\/wp\/v2\/product_brand?post=497635"},{"taxonomy":"product_cat","embeddable":true,"href":"https:\/\/transparentgift.com\/fr\/wp-json\/wp\/v2\/product_cat?post=497635"},{"taxonomy":"product_tag","embeddable":true,"href":"https:\/\/transparentgift.com\/fr\/wp-json\/wp\/v2\/product_tag?post=497635"}],"curies":[{"name":"wp","href":"https:\/\/api.w.org\/{rel}","templated":true}]}}