{"id":497637,"date":"2025-11-20T18:13:07","date_gmt":"2025-11-20T17:13:07","guid":{"rendered":"https:\/\/transparentgift.com\/fr\/pack-de-decorations-pour-sapin-de-noel-avec-photos-personnalisees\/"},"modified":"2025-12-08T17:33:49","modified_gmt":"2025-12-08T16:33:49","slug":"pack-de-decorations-pour-sapin-de-noel-avec-photos-personnalisees","status":"publish","type":"product","link":"https:\/\/transparentgift.com\/fr\/pack-de-decorations-pour-sapin-de-noel-avec-photos-personnalisees\/","title":{"rendered":"Pack de d\u00e9corations pour sapin de No\u00ebl avec photos personnalis\u00e9es"},"content":{"rendered":"<p><strong><span dir=\"auto\" style=\"vertical-align: inherit;\"><span dir=\"auto\" style=\"vertical-align: inherit;\">Ajoutez une touche unique et attachante \u00e0 votre No\u00ebl<\/span><\/span><\/strong><span dir=\"auto\" style=\"vertical-align: inherit;\"><span dir=\"auto\" style=\"vertical-align: inherit;\">. Ce kit de d\u00e9coration personnalis\u00e9e transforme chaque moment sp\u00e9cial en un souvenir inoubliable.<\/span><\/span><\/p>\n<p><span dir=\"auto\" style=\"vertical-align: inherit;\"><span dir=\"auto\" style=\"vertical-align: inherit;\">Chaque ornement peut contenir jusqu\u2019\u00e0 neuf photos de vos souvenirs les plus pr\u00e9cieux, cr\u00e9ant un design unique qui deviendra la pi\u00e8ce ma\u00eetresse de votre sapin de No\u00ebl. Parfait pour ceux qui recherchent un <\/span><\/span><strong><span dir=\"auto\" style=\"vertical-align: inherit;\"><span dir=\"auto\" style=\"vertical-align: inherit;\">cadeau original et personnalis\u00e9 pour No\u00ebl ou l\u2019\u00c9piphanie<\/span><\/span><\/strong><span dir=\"auto\" style=\"vertical-align: inherit;\"><span dir=\"auto\" style=\"vertical-align: inherit;\">.<\/span><\/span><\/p>\n<p><span dir=\"auto\" style=\"vertical-align: inherit;\"><span dir=\"auto\" style=\"vertical-align: inherit;\">Id\u00e9ales pour les familles, amis ou couples, ces d\u00e9corations sont la touche finale parfaite pour toute c\u00e9l\u00e9bration de No\u00ebl. Imaginez-les suspendues au sapin, \u00e0 la porte d\u2019entr\u00e9e ou m\u00eame \u00e0 un meuble sp\u00e9cial, ajoutant une touche personnelle et chaleureuse \u00e0 votre maison.<\/span><\/span><\/p>\n<h4><strong><span dir=\"auto\" style=\"vertical-align: inherit;\"><span dir=\"auto\" style=\"vertical-align: inherit;\">Caract\u00e9ristiques\u00a0:<\/span><\/span><\/strong><\/h4>\n<ul>\n<li style=\"list-style-type: none;\">\n<ul>\n<li><span dir=\"auto\" style=\"vertical-align: inherit;\"><span dir=\"auto\" style=\"vertical-align: inherit;\">Taille\u00a0: 12 x 9 cm<\/span><\/span><\/li>\n<li><span dir=\"auto\" style=\"vertical-align: inherit;\"><span dir=\"auto\" style=\"vertical-align: inherit;\">Mat\u00e9riau\u00a0: M\u00e9thacrylate de haute qualit\u00e9.<\/span><\/span><\/li>\n<li><span dir=\"auto\" style=\"vertical-align: inherit;\"><span dir=\"auto\" style=\"vertical-align: inherit;\">Inclus\u00a0: cordon cir\u00e9 avec une perle en bois d\u00e9corative.<\/span><\/span><\/li>\n<\/ul>\n<\/li>\n<\/ul>\n","protected":false},"excerpt":{"rendered":"<p>Ajoutez une touche unique et attachante \u00e0 votre No\u00ebl. Ce kit de d\u00e9coration personnalis\u00e9e transfo [&#8230;]<\/p>\n","protected":false},"featured_media":497120,"comment_status":"open","ping_status":"closed","template":"","meta":{"_acf_changed":false},"product_brand":[],"product_cat":[1721],"product_tag":[1687,1695],"class_list":{"0":"post-497637","1":"product","2":"type-product","3":"status-publish","4":"has-post-thumbnail","6":"product_cat-ornements-noel","7":"product_tag-famille","8":"product_tag-noel","10":"first","11":"instock","12":"taxable","13":"shipping-taxable","14":"purchasable","15":"product-type-simple"},"acf":[],"df_price":13.99,"df_sale_price":"","df_regular_price":13.99,"df_image_link":"https:\/\/transparentgift.com\/fr\/wp-content\/uploads\/2025\/11\/Adorno_ARBOLDENAVIDAD1-300x300.jpg","_links":{"self":[{"href":"https:\/\/transparentgift.com\/fr\/wp-json\/wp\/v2\/product\/497637","targetHints":{"allow":["GET"]}}],"collection":[{"href":"https:\/\/transparentgift.com\/fr\/wp-json\/wp\/v2\/product"}],"about":[{"href":"https:\/\/transparentgift.com\/fr\/wp-json\/wp\/v2\/types\/product"}],"replies":[{"embeddable":true,"href":"https:\/\/transparentgift.com\/fr\/wp-json\/wp\/v2\/comments?post=497637"}],"wp:featuredmedia":[{"embeddable":true,"href":"https:\/\/transparentgift.com\/fr\/wp-json\/wp\/v2\/media\/497120"}],"wp:attachment":[{"href":"https:\/\/transparentgift.com\/fr\/wp-json\/wp\/v2\/media?parent=497637"}],"wp:term":[{"taxonomy":"product_brand","embeddable":true,"href":"https:\/\/transparentgift.com\/fr\/wp-json\/wp\/v2\/product_brand?post=497637"},{"taxonomy":"product_cat","embeddable":true,"href":"https:\/\/transparentgift.com\/fr\/wp-json\/wp\/v2\/product_cat?post=497637"},{"taxonomy":"product_tag","embeddable":true,"href":"https:\/\/transparentgift.com\/fr\/wp-json\/wp\/v2\/product_tag?post=497637"}],"curies":[{"name":"wp","href":"https:\/\/api.w.org\/{rel}","templated":true}]}}