{"id":497639,"date":"2025-11-20T18:13:10","date_gmt":"2025-11-20T17:13:10","guid":{"rendered":"https:\/\/transparentgift.com\/fr\/marque-page-pellicule-photo-personnalise\/"},"modified":"2026-03-23T12:04:31","modified_gmt":"2026-03-23T11:04:31","slug":"marque-page-pellicule-photo-personnalise","status":"publish","type":"product","link":"https:\/\/transparentgift.com\/fr\/marque-page-pellicule-photo-personnalise\/","title":{"rendered":"Marque-page Pellicule Photo personnalis\u00e9"},"content":{"rendered":"<p>Surprenez cet amoureux de la lecture avec ce <strong>marque-page personnalis\u00e9<\/strong> <strong>avec photos<\/strong>. C\u2019est l\u2019un des meilleurs <strong>cadeaux pour les enseignants, amis ou membres de la famille<\/strong> lors d\u2019une occasion sp\u00e9ciale. Il est id\u00e9al comme cadeau de <strong>fin d\u2019ann\u00e9e scolaire<\/strong>, pour la <strong>Journ\u00e9e du Livre<\/strong>, un <strong>anniversaire<\/strong> ou m\u00eame pour <strong>No\u00ebl<\/strong>.<\/p>\n<p>Ce marque-page est enti\u00e8rement personnalisable. Il vous suffit de <strong>choisir quatre photos sp\u00e9ciales<\/strong> de la personne \u00e0 qui vous l\u2019offrez, qui seront imprim\u00e9es <strong>sur une face<\/strong> pour former un design personnalis\u00e9 et unique. Vous pourrez immortaliser ces moments inoubliables avec cette personne importante. Elle ne voudra plus utiliser un autre marque-page pour lire ! C\u2019est l\u2019un des meilleurs cadeaux pour les professeurs, qui pourront <strong>marquer leurs livres<\/strong> personnels ou de classe de la fa\u00e7on la plus originale. Ce sera aussi le petit cadeau parfait pour montrer votre affection \u00e0 ce membre de la famille, cet ami ou ce partenaire qui appr\u00e9cie toujours un bon livre.<\/p>\n<p>Le marque-page est fabriqu\u00e9 en <strong>m\u00e9thacrylate de haute qualit\u00e9<\/strong>, ce qui lui conf\u00e8re r\u00e9sistance et durabilit\u00e9. Les photos seront imprim\u00e9es en quadrichromie et avec une bonne r\u00e9solution. De plus, le marque-page sera d\u00e9cor\u00e9 d\u2019un joli <strong>pompon suspendu<\/strong>.<\/p>\n<p>Ne passez pas \u00e0 c\u00f4t\u00e9 de l\u2019un des <strong>cadeaux personnalis\u00e9s<\/strong> les plus originaux. Il est id\u00e9al pour l\u2019offrir \u00e0 cette personne sp\u00e9ciale et lui t\u00e9moigner votre reconnaissance lors de n\u2019importe quelle c\u00e9l\u00e9bration. Vous la ferez se sentir la personne la plus chanceuse du monde !<\/p>\n<p><strong>Caract\u00e9ristiques :<\/strong><\/p>\n<ul>\n<li>Taille : 15 x 4 x 0,3 cm<\/li>\n<li>Mat\u00e9riau : M\u00e9thacrylate de haute qualit\u00e9.<\/li>\n<li>Comprend une pampille d\u00e9corative suspendue.<\/li>\n<\/ul>\n","protected":false},"excerpt":{"rendered":"<p>Surprenez cet amoureux de la lecture avec ce marque-page personnalis\u00e9 avec photos. C\u2019est l\u2019un d [&#8230;]<\/p>\n","protected":false},"featured_media":497132,"comment_status":"open","ping_status":"closed","template":"","meta":{"_acf_changed":false},"product_brand":[],"product_cat":[1690],"product_tag":[1678,1680,1677],"class_list":{"0":"post-497639","1":"product","2":"type-product","3":"status-publish","4":"has-post-thumbnail","6":"product_cat-produits-originaux","7":"product_tag-couples","8":"product_tag-femmes","9":"product_tag-generique","11":"first","12":"instock","13":"taxable","14":"shipping-taxable","15":"purchasable","16":"product-type-simple"},"acf":[],"df_price":17.99,"df_sale_price":"","df_regular_price":17.99,"df_image_link":"https:\/\/transparentgift.com\/fr\/wp-content\/uploads\/2025\/11\/MarcaPaginas_Carrete_1-300x300.jpg","_links":{"self":[{"href":"https:\/\/transparentgift.com\/fr\/wp-json\/wp\/v2\/product\/497639","targetHints":{"allow":["GET"]}}],"collection":[{"href":"https:\/\/transparentgift.com\/fr\/wp-json\/wp\/v2\/product"}],"about":[{"href":"https:\/\/transparentgift.com\/fr\/wp-json\/wp\/v2\/types\/product"}],"replies":[{"embeddable":true,"href":"https:\/\/transparentgift.com\/fr\/wp-json\/wp\/v2\/comments?post=497639"}],"wp:featuredmedia":[{"embeddable":true,"href":"https:\/\/transparentgift.com\/fr\/wp-json\/wp\/v2\/media\/497132"}],"wp:attachment":[{"href":"https:\/\/transparentgift.com\/fr\/wp-json\/wp\/v2\/media?parent=497639"}],"wp:term":[{"taxonomy":"product_brand","embeddable":true,"href":"https:\/\/transparentgift.com\/fr\/wp-json\/wp\/v2\/product_brand?post=497639"},{"taxonomy":"product_cat","embeddable":true,"href":"https:\/\/transparentgift.com\/fr\/wp-json\/wp\/v2\/product_cat?post=497639"},{"taxonomy":"product_tag","embeddable":true,"href":"https:\/\/transparentgift.com\/fr\/wp-json\/wp\/v2\/product_tag?post=497639"}],"curies":[{"name":"wp","href":"https:\/\/api.w.org\/{rel}","templated":true}]}}