{"id":497650,"date":"2025-11-20T18:13:27","date_gmt":"2025-11-20T17:13:27","guid":{"rendered":"https:\/\/transparentgift.com\/fr\/pyjama-le-grinch-avec-prenom-personnalise\/"},"modified":"2026-04-23T17:30:50","modified_gmt":"2026-04-23T15:30:50","slug":"pyjama-le-grinch-avec-prenom-personnalise","status":"publish","type":"product","link":"https:\/\/transparentgift.com\/fr\/pyjama-le-grinch-avec-prenom-personnalise\/","title":{"rendered":"Pyjama Le Grinch avec pr\u00e9nom personnalis\u00e9"},"content":{"rendered":"<p>Apportez une touche unique aux nuits de cette personne sp\u00e9ciale avec ce <strong>pyjama de No\u00ebl Le Grinch<\/strong>. Vous pourrez le personnaliser avec le mot ou le pr\u00e9nom que vous souhaitez pour le rendre encore plus sp\u00e9cial. Il est parfait comme <strong>cadeau de No\u00ebl pour la famille, les amis<\/strong> ou pour votre <strong>partenaire<\/strong>. Quoi qu\u2019il en soit, les \u00e9motions sont garanties !<\/p>\n<p>Le pyjama de No\u00ebl est enti\u00e8rement personnalisable. Vous devrez d\u2019abord <strong>ajouter le pr\u00e9nom<\/strong> de la personne \u00e0 qui vous l\u2019offrez ou <strong>un mot<\/strong> qui la repr\u00e9sente. Le pr\u00e9nom appara\u00eetra sur le tee-shirt, au-dessus du <strong>motif du Grinch<\/strong>, accompagn\u00e9 du texte \u00ab Attention ! [Ton pr\u00e9nom] est le Grinch \u00bb sur un <strong>fond rouge<\/strong> tr\u00e8s voyant.<\/p>\n<p>Ensuite, il vous suffira de <strong>s\u00e9lectionner la taille<\/strong> id\u00e9ale pour cette personne parmi quatre options : <strong>S, M, L ou XL<\/strong>.<\/p>\n<p>Vous pouvez consulter le guide des tailles sur la derni\u00e8re image.<\/p>\n<p>Cette personne le portera fi\u00e8rement pour aller dormir pendant les f\u00eates de No\u00ebl. Il deviendra son pyjama pr\u00e9f\u00e9r\u00e9, puisqu\u2019il est con\u00e7u exclusivement pour elle ou lui !<\/p>\n<p>Il est fabriqu\u00e9 avec des <strong>tissus de haute qualit\u00e9<\/strong>, qui lui conf\u00e8rent r\u00e9sistance et douceur, gr\u00e2ce \u00e0 sa forte teneur en <strong>coton<\/strong>. Le motif sera imprim\u00e9 en couleur et le toucher du tissu rendra le pyjama particuli\u00e8rement <strong>confortable<\/strong>.<\/p>\n<p>Ne passez pas \u00e0 c\u00f4t\u00e9 du meilleur pyjama personnalis\u00e9 pour c\u00e9l\u00e9brer les <strong>nuits de No\u00ebl<\/strong> comme il se doit. Ce sera l\u2019un des meilleurs <strong>cadeaux personnalis\u00e9s<\/strong> que vous pourrez offrir en cette p\u00e9riode si sp\u00e9ciale. Cette personne ch\u00e8re \u00e0 votre c\u0153ur se sentira la plus chanceuse du monde !<\/p>\n<p><strong>Caract\u00e9ristiques :<\/strong><\/p>\n<ul>\n<li>Tailles : S-M-L-XL.<\/li>\n<li>Mati\u00e8re :\n<ul>\n<li>Tee-shirt : 100 % coton<\/li>\n<li>Pantalon : 80 % coton \u2013 20 % polyester<\/li>\n<\/ul>\n<\/li>\n<li>Couleurs :\n<ul>\n<li>Tee-shirt : rouge.<\/li>\n<li>Pantalon : noir.<\/li>\n<\/ul>\n<\/li>\n<\/ul>\n","protected":false},"excerpt":{"rendered":"<p>Apportez une touche unique aux nuits de cette personne sp\u00e9ciale avec ce pyjama de No\u00ebl Le Grinch.  [&#8230;]<\/p>\n","protected":false},"featured_media":497427,"comment_status":"open","ping_status":"closed","template":"","meta":{"_acf_changed":false},"product_brand":[],"product_cat":[1707],"product_tag":[1695],"class_list":{"0":"post-497650","1":"product","2":"type-product","3":"status-publish","4":"has-post-thumbnail","6":"product_cat-pyjamas-personnalises","7":"product_tag-noel","9":"first","10":"instock","11":"taxable","12":"shipping-taxable","13":"purchasable","14":"product-type-simple"},"acf":[],"df_price":28.99,"df_sale_price":"","df_regular_price":28.99,"df_image_link":"https:\/\/transparentgift.com\/fr\/wp-content\/uploads\/2025\/11\/pijamagrich-francia1-300x300.jpg","_links":{"self":[{"href":"https:\/\/transparentgift.com\/fr\/wp-json\/wp\/v2\/product\/497650","targetHints":{"allow":["GET"]}}],"collection":[{"href":"https:\/\/transparentgift.com\/fr\/wp-json\/wp\/v2\/product"}],"about":[{"href":"https:\/\/transparentgift.com\/fr\/wp-json\/wp\/v2\/types\/product"}],"replies":[{"embeddable":true,"href":"https:\/\/transparentgift.com\/fr\/wp-json\/wp\/v2\/comments?post=497650"}],"wp:featuredmedia":[{"embeddable":true,"href":"https:\/\/transparentgift.com\/fr\/wp-json\/wp\/v2\/media\/497427"}],"wp:attachment":[{"href":"https:\/\/transparentgift.com\/fr\/wp-json\/wp\/v2\/media?parent=497650"}],"wp:term":[{"taxonomy":"product_brand","embeddable":true,"href":"https:\/\/transparentgift.com\/fr\/wp-json\/wp\/v2\/product_brand?post=497650"},{"taxonomy":"product_cat","embeddable":true,"href":"https:\/\/transparentgift.com\/fr\/wp-json\/wp\/v2\/product_cat?post=497650"},{"taxonomy":"product_tag","embeddable":true,"href":"https:\/\/transparentgift.com\/fr\/wp-json\/wp\/v2\/product_tag?post=497650"}],"curies":[{"name":"wp","href":"https:\/\/api.w.org\/{rel}","templated":true}]}}