{"id":497652,"date":"2025-11-20T18:13:30","date_gmt":"2025-11-20T17:13:30","guid":{"rendered":"https:\/\/transparentgift.com\/fr\/pyjama-rennes-avec-prenoms-personnalise\/"},"modified":"2026-04-23T17:30:32","modified_gmt":"2026-04-23T15:30:32","slug":"pyjama-rennes-avec-prenoms-personnalise","status":"publish","type":"product","link":"https:\/\/transparentgift.com\/fr\/pyjama-rennes-avec-prenoms-personnalise\/","title":{"rendered":"Pyjama Rennes avec Pr\u00e9noms personnalis\u00e9"},"content":{"rendered":"<p>Apportez une touche unique aux nuits de cette personne sp\u00e9ciale avec ce <strong>pyjama de No\u00ebl \u00e0 rennes<\/strong>. Vous pourrez le personnaliser avec les pr\u00e9noms que vous souhaitez pour le rendre encore plus sp\u00e9cial. Il est parfait comme <strong>cadeau de No\u00ebl pour la famille, les amis<\/strong> ou pour votre <strong>partenaire<\/strong>. C\u2019est aussi un <strong>cadeau pour enfants<\/strong> qui les enthousiasmera. Quoi qu\u2019il en soit, la magie est garantie !<\/p>\n<p>Le pyjama de No\u00ebl est enti\u00e8rement personnalisable. Vous devrez d\u2019abord <strong>choisir entre le mod\u00e8le pour adultes ou le mod\u00e8le pour enfants<\/strong>. Ensuite, vous aurez la possibilit\u00e9 de <strong>s\u00e9lectionner le nombre de rennes<\/strong>, en fonction du mod\u00e8le choisi. Pour les tailles adultes, vous pourrez choisir jusqu\u2019\u00e0 un maximum de six personnages, et pour les tailles enfant, un seul.<\/p>\n<p>L\u2019\u00e9tape suivante consistera \u00e0 ajouter un pr\u00e9nom ou un texte qui les identifie, puis il ne restera plus qu\u2019\u00e0 <strong>s\u00e9lectionner la taille<\/strong> id\u00e9ale pour cette personne. Pour un adulte, vous pourrez choisir entre : <strong>S, M, L ou XL<\/strong> ; et pour un enfant, entre : <strong>3\/4 \u2013 5\/6 \u2013 7\/8 \u2013 9\/10 \u2013 11\/12<\/strong>.<\/p>\n<p>Vous pouvez consulter le guide des tailles sur la derni\u00e8re image.<\/p>\n<p>Cet adulte ou cet enfant le portera fi\u00e8rement pour aller dormir pendant les f\u00eates de No\u00ebl. Il deviendra son pyjama pr\u00e9f\u00e9r\u00e9, puisqu\u2019il sera con\u00e7u exclusivement pour elle ou pour lui !<\/p>\n<p>Il est fabriqu\u00e9 avec des <strong>tissus de haute qualit\u00e9<\/strong>, qui lui apportent r\u00e9sistance et douceur, gr\u00e2ce \u00e0 son fort pourcentage de <strong>coton<\/strong>. Le motif sera imprim\u00e9 en quadrichromie et le toucher du tissu rendra le pyjama particuli\u00e8rement <strong>confortable<\/strong>.<\/p>\n<p>Ne passez pas \u00e0 c\u00f4t\u00e9 du meilleur pyjama personnalis\u00e9 pour c\u00e9l\u00e9brer les <strong>nuits de No\u00ebl<\/strong> comme il se doit. Ce sera l\u2019un des meilleurs <strong>cadeaux personnalis\u00e9s<\/strong> que vous pourrez offrir \u00e0 ces dates si sp\u00e9ciales. Cette personne ch\u00e8re se sentira la plus chanceuse du monde !<\/p>\n<p><strong>Caract\u00e9ristiques :<\/strong><\/p>\n<ul>\n<li>Tailles :\n<ul>\n<li>Adultes : S &#8211; M &#8211; L &#8211; XL.<\/li>\n<li>Enfants : 3\/4 &#8211; 5\/6 &#8211; 7\/8 &#8211; 9\/10 &#8211; 11\/12.<\/li>\n<\/ul>\n<\/li>\n<li>Mat\u00e9riau :\n<ul>\n<li>T-shirt : 100 % coton<\/li>\n<li>Pantalon : 80 % coton &#8211; 20 % polyester<\/li>\n<\/ul>\n<\/li>\n<li>Couleurs :\n<ul>\n<li>T-shirt : noir.<\/li>\n<li>Pantalon : noir.<\/li>\n<\/ul>\n<\/li>\n<\/ul>\n","protected":false},"excerpt":{"rendered":"<p>Apportez une touche unique aux nuits de cette personne sp\u00e9ciale avec ce pyjama de No\u00ebl \u00e0 rennes.  [&#8230;]<\/p>\n","protected":false},"featured_media":497424,"comment_status":"open","ping_status":"closed","template":"","meta":{"_acf_changed":false},"product_brand":[],"product_cat":[1707],"product_tag":[1685,1687,1695],"class_list":{"0":"post-497652","1":"product","2":"type-product","3":"status-publish","4":"has-post-thumbnail","6":"product_cat-pyjamas-personnalises","7":"product_tag-enfants","8":"product_tag-famille","9":"product_tag-noel","11":"first","12":"instock","13":"taxable","14":"shipping-taxable","15":"purchasable","16":"product-type-simple"},"acf":[],"df_price":27.99,"df_sale_price":"","df_regular_price":27.99,"df_image_link":"https:\/\/transparentgift.com\/fr\/wp-content\/uploads\/2025\/11\/pijamarenos-francia1-300x300.jpg","_links":{"self":[{"href":"https:\/\/transparentgift.com\/fr\/wp-json\/wp\/v2\/product\/497652","targetHints":{"allow":["GET"]}}],"collection":[{"href":"https:\/\/transparentgift.com\/fr\/wp-json\/wp\/v2\/product"}],"about":[{"href":"https:\/\/transparentgift.com\/fr\/wp-json\/wp\/v2\/types\/product"}],"replies":[{"embeddable":true,"href":"https:\/\/transparentgift.com\/fr\/wp-json\/wp\/v2\/comments?post=497652"}],"wp:featuredmedia":[{"embeddable":true,"href":"https:\/\/transparentgift.com\/fr\/wp-json\/wp\/v2\/media\/497424"}],"wp:attachment":[{"href":"https:\/\/transparentgift.com\/fr\/wp-json\/wp\/v2\/media?parent=497652"}],"wp:term":[{"taxonomy":"product_brand","embeddable":true,"href":"https:\/\/transparentgift.com\/fr\/wp-json\/wp\/v2\/product_brand?post=497652"},{"taxonomy":"product_cat","embeddable":true,"href":"https:\/\/transparentgift.com\/fr\/wp-json\/wp\/v2\/product_cat?post=497652"},{"taxonomy":"product_tag","embeddable":true,"href":"https:\/\/transparentgift.com\/fr\/wp-json\/wp\/v2\/product_tag?post=497652"}],"curies":[{"name":"wp","href":"https:\/\/api.w.org\/{rel}","templated":true}]}}