{"id":497653,"date":"2025-11-20T18:13:32","date_gmt":"2025-11-20T17:13:32","guid":{"rendered":"https:\/\/transparentgift.com\/fr\/pyjama-funkos-ete-ou-hiver-avec-texte-personnalise\/"},"modified":"2026-04-23T17:30:09","modified_gmt":"2026-04-23T15:30:09","slug":"pyjama-funkos-ete-ou-hiver-avec-texte-personnalise","status":"publish","type":"product","link":"https:\/\/transparentgift.com\/fr\/pyjama-funkos-ete-ou-hiver-avec-texte-personnalise\/","title":{"rendered":"Pyjama Funkos \u00e9t\u00e9 ou hiver avec texte personnalis\u00e9"},"content":{"rendered":"<p><strong>Pyjama Funkos avec texte personnalis\u00e9<\/strong>. Apportez une touche unique et sp\u00e9ciale aux nuits de vos proches.<\/p>\n<p>Ce pyjama personnalisable avec des figurines Funko Pop est le cadeau parfait pour toute occasion, des anniversaires \u00e0 No\u00ebl en passant par la Saint-Valentin. Con\u00e7u pour adultes et enfants, il permet de choisir le nombre de Funkos et de le personnaliser avec un pr\u00e9nom ou un texte sp\u00e9cial.<\/p>\n<p>Id\u00e9al pour la famille, les amis ou les couples, ce pyjama devient un cadeau m\u00e9morable et unique. Parfait pour les moments de repos, il fera que la personne qui le re\u00e7oit se sente sp\u00e9ciale et choy\u00e9e. il s&rsquo;agit \u00e9galement d&rsquo;une option charmante pour surprendre les plus petits avec un d\u00e9tail qu\u2019ils vont adorer.<\/p>\n<h4><strong>Caract\u00e9ristiques :<\/strong><\/h4>\n<ul>\n<li>Tailles :\n<ul>\n<li>Adultes : S-M-L-XL.<\/li>\n<li>Enfants : 3\/4 &#8211; 5\/6 &#8211; 7\/8 &#8211; 9\/10 &#8211; 11\/12.<\/li>\n<\/ul>\n<\/li>\n<li>Mati\u00e8re :\n<ul>\n<li>T-shirt : 100 % coton<\/li>\n<li>Pantalon : 80 % coton &#8211; 20 % polyester<\/li>\n<\/ul>\n<\/li>\n<li>Couleurs :\n<ul>\n<li>T-shirt : blanc.<\/li>\n<li>Pantalon : noir.<\/li>\n<\/ul>\n<\/li>\n<\/ul>\n","protected":false},"excerpt":{"rendered":"<p>Pyjama Funkos avec texte personnalis\u00e9. Apportez une touche unique et sp\u00e9ciale aux nuits de vos pro [&#8230;]<\/p>\n","protected":false},"featured_media":497451,"comment_status":"open","ping_status":"closed","template":"","meta":{"_acf_changed":false},"product_brand":[],"product_cat":[1707],"product_tag":[1678,1685,1687,1705,1677,1688,1681],"class_list":{"0":"post-497653","1":"product","2":"type-product","3":"status-publish","4":"has-post-thumbnail","6":"product_cat-pyjamas-personnalises","7":"product_tag-couples","8":"product_tag-enfants","9":"product_tag-famille","10":"product_tag-funkos","11":"product_tag-generique","12":"product_tag-meres","13":"product_tag-peres","15":"first","16":"instock","17":"taxable","18":"shipping-taxable","19":"purchasable","20":"product-type-simple"},"acf":[],"df_price":27.99,"df_sale_price":"","df_regular_price":27.99,"df_image_link":"https:\/\/transparentgift.com\/fr\/wp-content\/uploads\/2025\/11\/pijamafunkos-francia1-300x300.jpg","_links":{"self":[{"href":"https:\/\/transparentgift.com\/fr\/wp-json\/wp\/v2\/product\/497653","targetHints":{"allow":["GET"]}}],"collection":[{"href":"https:\/\/transparentgift.com\/fr\/wp-json\/wp\/v2\/product"}],"about":[{"href":"https:\/\/transparentgift.com\/fr\/wp-json\/wp\/v2\/types\/product"}],"replies":[{"embeddable":true,"href":"https:\/\/transparentgift.com\/fr\/wp-json\/wp\/v2\/comments?post=497653"}],"wp:featuredmedia":[{"embeddable":true,"href":"https:\/\/transparentgift.com\/fr\/wp-json\/wp\/v2\/media\/497451"}],"wp:attachment":[{"href":"https:\/\/transparentgift.com\/fr\/wp-json\/wp\/v2\/media?parent=497653"}],"wp:term":[{"taxonomy":"product_brand","embeddable":true,"href":"https:\/\/transparentgift.com\/fr\/wp-json\/wp\/v2\/product_brand?post=497653"},{"taxonomy":"product_cat","embeddable":true,"href":"https:\/\/transparentgift.com\/fr\/wp-json\/wp\/v2\/product_cat?post=497653"},{"taxonomy":"product_tag","embeddable":true,"href":"https:\/\/transparentgift.com\/fr\/wp-json\/wp\/v2\/product_tag?post=497653"}],"curies":[{"name":"wp","href":"https:\/\/api.w.org\/{rel}","templated":true}]}}