{"id":497656,"date":"2025-11-20T18:13:36","date_gmt":"2025-11-20T17:13:36","guid":{"rendered":"https:\/\/transparentgift.com\/fr\/paillasson-bienvenue-a-la-maison-avec-nom-de-lanimal-de-compagnie-personnalise\/"},"modified":"2026-01-29T01:58:44","modified_gmt":"2026-01-29T00:58:44","slug":"paillasson-bienvenue-a-la-maison-avec-nom-de-lanimal-de-compagnie-personnalise","status":"publish","type":"product","link":"https:\/\/transparentgift.com\/fr\/paillasson-bienvenue-a-la-maison-avec-nom-de-lanimal-de-compagnie-personnalise\/","title":{"rendered":"Paillasson Bienvenue \u00e0 la maison avec nom de l\u2019animal de compagnie personnalis\u00e9"},"content":{"rendered":"<p>Procurez-vous le <strong>paillasson pour animaux le plus amusant<\/strong>. Placez \u00e0 l\u2019entr\u00e9e de votre maison ce tapis en fibre de coco avec un design qui inclut vos compagnons \u00e0 quatre pattes avec leurs noms et un texte que vous allez adorer. C\u2019est la meilleure fa\u00e7on de souhaiter la <strong>bienvenue \u00e0 vos invit\u00e9s<\/strong> !<\/p>\n<p>Comment le personnaliser ? Tout d\u2019abord, s\u00e9lectionnez le nombre d\u2019animaux que vous souhaitez inclure dans le design, jusqu\u2019\u00e0 un maximum de deux. Vous pourrez ensuite personnaliser chacun d\u2019eux en choisissant entre <strong>chien ou chat<\/strong> afin d\u2019afficher les images des races. Apr\u00e8s avoir choisi le design qui repr\u00e9sente le mieux votre meilleur ami, vous pourrez ajouter son nom. Ensuite, vous pourrez ajouter les noms des membres de la famille. Pour finir, vous pourrez s\u00e9lectionner la taille id\u00e9ale pour l\u2019entr\u00e9e de votre foyer et c\u2019est tout ! Vous pouvez d\u00e9j\u00e0 profiter de votre <strong>paillasson super original<\/strong> !<\/p>\n<p>Le design de ce <strong>tapis personnalis\u00e9<\/strong> sera imprim\u00e9 sur le bord des filaments de <strong>fibre de coco<\/strong>, offrant une couleur et une nettet\u00e9 plus douces. Ces paillassons originaux sont une excellente id\u00e9e de cadeau pour des amis ou des proches qui s\u2019installent pour la premi\u00e8re fois ou emm\u00e9nagent dans leur nouveau logement.<\/p>\n<p><strong>Caract\u00e9ristiques :<\/strong><\/p>\n<ul>\n<li>Taille : 60 x 33 x 1,5 cm \/ 70 x 40 x 1,5 cm<\/li>\n<li>Mat\u00e9riau : fibre de coco avec base en PVC antid\u00e9rapante.<\/li>\n<li>Entretien : nettoyer avec un aspirateur ou en secouant. Ne pas laver en machine ni \u00e0 sec avec des produits de nettoyage. Ne pas mettre au s\u00e8che-linge. Recommand\u00e9 uniquement pour un usage domestique, en int\u00e9rieur et dans des lieux sans exc\u00e8s de passage quotidien.<\/li>\n<\/ul>\n","protected":false},"excerpt":{"rendered":"<p>Procurez-vous le paillasson pour animaux le plus amusant. Placez \u00e0 l\u2019entr\u00e9e de votre maison ce t [&#8230;]<\/p>\n","protected":false},"featured_media":498769,"comment_status":"open","ping_status":"closed","template":"","meta":{"_acf_changed":false},"product_brand":[],"product_cat":[1694],"product_tag":[1689],"class_list":{"0":"post-497656","1":"product","2":"type-product","3":"status-publish","4":"has-post-thumbnail","6":"product_cat-paillassons-personnalises","7":"product_tag-animaux","9":"first","10":"instock","11":"taxable","12":"shipping-taxable","13":"purchasable","14":"product-type-simple"},"acf":[],"df_price":19.99,"df_sale_price":"","df_regular_price":19.99,"df_image_link":"https:\/\/transparentgift.com\/fr\/wp-content\/uploads\/2025\/11\/1-23-300x300.jpg","_links":{"self":[{"href":"https:\/\/transparentgift.com\/fr\/wp-json\/wp\/v2\/product\/497656","targetHints":{"allow":["GET"]}}],"collection":[{"href":"https:\/\/transparentgift.com\/fr\/wp-json\/wp\/v2\/product"}],"about":[{"href":"https:\/\/transparentgift.com\/fr\/wp-json\/wp\/v2\/types\/product"}],"replies":[{"embeddable":true,"href":"https:\/\/transparentgift.com\/fr\/wp-json\/wp\/v2\/comments?post=497656"}],"wp:featuredmedia":[{"embeddable":true,"href":"https:\/\/transparentgift.com\/fr\/wp-json\/wp\/v2\/media\/498769"}],"wp:attachment":[{"href":"https:\/\/transparentgift.com\/fr\/wp-json\/wp\/v2\/media?parent=497656"}],"wp:term":[{"taxonomy":"product_brand","embeddable":true,"href":"https:\/\/transparentgift.com\/fr\/wp-json\/wp\/v2\/product_brand?post=497656"},{"taxonomy":"product_cat","embeddable":true,"href":"https:\/\/transparentgift.com\/fr\/wp-json\/wp\/v2\/product_cat?post=497656"},{"taxonomy":"product_tag","embeddable":true,"href":"https:\/\/transparentgift.com\/fr\/wp-json\/wp\/v2\/product_tag?post=497656"}],"curies":[{"name":"wp","href":"https:\/\/api.w.org\/{rel}","templated":true}]}}