{"id":497657,"date":"2025-11-20T18:13:38","date_gmt":"2025-11-20T17:13:38","guid":{"rendered":"https:\/\/transparentgift.com\/fr\/boite-a-photos-accordeon-avec-photo-et-texte-personnalises\/"},"modified":"2026-02-10T19:58:40","modified_gmt":"2026-02-10T18:58:40","slug":"boite-a-photos-accordeon-avec-photo-et-texte-personnalises","status":"publish","type":"product","link":"https:\/\/transparentgift.com\/fr\/boite-a-photos-accordeon-avec-photo-et-texte-personnalises\/","title":{"rendered":"Bo\u00eete \u00e0 Photos Accord\u00e9on avec Photo et Texte personnalis\u00e9s"},"content":{"rendered":"<p><strong>D\u00e9couvrez la Bo\u00eete \u00e0 Photos Accord\u00e9on personnalis\u00e9e<\/strong>, un d\u00e9tail unique qui capture vos moments les plus sp\u00e9ciaux.<\/p>\n<p>Ce cadeau se distingue par sa capacit\u00e9 de personnalisation, vous permettant de cr\u00e9er un souvenir inoubliable, charg\u00e9 d\u2019\u00e9motion. Id\u00e9al pour surprendre vos proches en toute occasion.<\/p>\n<p>Parfaite pour les anniversaires, la Saint-Valentin, les anniversaires de naissance, la F\u00eate des M\u00e8res ou comme cadeau de mariage, cette bo\u00eete est con\u00e7ue pour ceux qui appr\u00e9cient les d\u00e9tails personnalis\u00e9s. Imaginez l\u2019\u00e9motion de d\u00e9couvrir chaque photo, une exp\u00e9rience qui rapproche et \u00e9meut.<\/p>\n<h4><strong>Caract\u00e9ristiques :<\/strong><\/h4>\n<ul>\n<li>Taille : 10 x 7 x 4 cm<\/li>\n<li>Mat\u00e9riau : bois naturel de haute qualit\u00e9.<\/li>\n<li>Entretien : nettoyer avec un chiffon doux.<\/li>\n<\/ul>\n","protected":false},"excerpt":{"rendered":"<p>D\u00e9couvrez la Bo\u00eete \u00e0 Photos Accord\u00e9on personnalis\u00e9e, un d\u00e9tail unique qui capture vos moments  [&#8230;]<\/p>\n","protected":false},"featured_media":497455,"comment_status":"open","ping_status":"closed","template":"","meta":{"_acf_changed":false},"product_brand":[],"product_cat":[1700],"product_tag":[1678,1680,1677,1699],"class_list":{"0":"post-497657","1":"product","2":"type-product","3":"status-publish","4":"has-post-thumbnail","6":"product_cat-boites-a-photos-personnalisees","7":"product_tag-couples","8":"product_tag-femmes","9":"product_tag-generique","10":"product_tag-grands-parents","12":"first","13":"instock","14":"taxable","15":"shipping-taxable","16":"purchasable","17":"product-type-simple"},"acf":[],"df_price":24.99,"df_sale_price":"","df_regular_price":24.99,"df_image_link":"https:\/\/transparentgift.com\/fr\/wp-content\/uploads\/2025\/11\/foto-y-frase-francia1-300x300.jpg","_links":{"self":[{"href":"https:\/\/transparentgift.com\/fr\/wp-json\/wp\/v2\/product\/497657","targetHints":{"allow":["GET"]}}],"collection":[{"href":"https:\/\/transparentgift.com\/fr\/wp-json\/wp\/v2\/product"}],"about":[{"href":"https:\/\/transparentgift.com\/fr\/wp-json\/wp\/v2\/types\/product"}],"replies":[{"embeddable":true,"href":"https:\/\/transparentgift.com\/fr\/wp-json\/wp\/v2\/comments?post=497657"}],"wp:featuredmedia":[{"embeddable":true,"href":"https:\/\/transparentgift.com\/fr\/wp-json\/wp\/v2\/media\/497455"}],"wp:attachment":[{"href":"https:\/\/transparentgift.com\/fr\/wp-json\/wp\/v2\/media?parent=497657"}],"wp:term":[{"taxonomy":"product_brand","embeddable":true,"href":"https:\/\/transparentgift.com\/fr\/wp-json\/wp\/v2\/product_brand?post=497657"},{"taxonomy":"product_cat","embeddable":true,"href":"https:\/\/transparentgift.com\/fr\/wp-json\/wp\/v2\/product_cat?post=497657"},{"taxonomy":"product_tag","embeddable":true,"href":"https:\/\/transparentgift.com\/fr\/wp-json\/wp\/v2\/product_tag?post=497657"}],"curies":[{"name":"wp","href":"https:\/\/api.w.org\/{rel}","templated":true}]}}