{"id":497664,"date":"2025-11-20T18:13:48","date_gmt":"2025-11-20T17:13:48","guid":{"rendered":"https:\/\/transparentgift.com\/fr\/pyjama-compter-les-moutons-ete-ou-hiver-avec-prenom-personnalise\/"},"modified":"2026-05-14T16:37:51","modified_gmt":"2026-05-14T14:37:51","slug":"pyjama-moutons-ete-ou-hiver-avec-prenom-personnalise","status":"publish","type":"product","link":"https:\/\/transparentgift.com\/fr\/pyjama-moutons-ete-ou-hiver-avec-prenom-personnalise\/","title":{"rendered":"Pyjama Moutons \u00c9t\u00e9 ou Hiver avec Pr\u00e9nom personnalis\u00e9"},"content":{"rendered":"<p>Ce <strong>pyjama personnalis\u00e9 \u00ab Compter les moutons \u00bb<\/strong> est le cadeau parfait, avec un design original et amusant : des moutons que vous pouvez personnaliser avec le pr\u00e9nom de votre choix ! C\u2019est une mani\u00e8re charmante de montrer votre affection \u00e0 cette personne sp\u00e9ciale, qu\u2019il s\u2019agisse de votre <strong>partenaire, d\u2019un ami ou d\u2019un membre de la famille<\/strong>. S\u00e9lectionnez l\u2019option de manches qui s\u2019adapte le mieux \u00e0 la saison ou \u00e0 ses pr\u00e9f\u00e9rences.<\/p>\n<p>Ce pyjama est enti\u00e8rement personnalisable : il vous suffit d\u2019\u00e9crire le pr\u00e9nom de la personne \u00e0 qui vous allez l\u2019offrir ou un mot sp\u00e9cial qui la repr\u00e9sente. Ce d\u00e9tail sera imprim\u00e9 sur chacun des moutons qui sautent dans l\u2019enclos, ajoutant une touche unique et pleine de sens. Ainsi, la phrase prend encore plus de sens : <strong>\u00ab J\u2019ai compt\u00e9 99 moutons\u2026 et je me suis endormi(e) en r\u00eavant de toi \u00bb<\/strong>.<\/p>\n<p>Il ne vous reste plus qu\u2019\u00e0 <strong>choisir la taille id\u00e9ale<\/strong> pour cette personne parmi les quatre options disponibles : S, M, L ou XL. Vous pouvez consulter le <strong>guide des tailles \u00e0 la derni\u00e8re image<\/strong> pour vous assurer qu\u2019elle soit parfaitement adapt\u00e9e.<\/p>\n<p>Ce pyjama ne sera pas seulement confortable, mais aussi tr\u00e8s sp\u00e9cial, con\u00e7u exclusivement pour elle ou pour lui. Il deviendra s\u00fbrement son pyjama pr\u00e9f\u00e9r\u00e9 pour aller dormir !<\/p>\n<p>Ce pyjama est confectionn\u00e9 avec des tissus de haute qualit\u00e9, qui offrent une combinaison parfaite de r\u00e9sistance et de douceur gr\u00e2ce \u00e0 sa forte teneur en coton. Le motif est imprim\u00e9 avec des couleurs vives, tandis que la texture du tissu garantit un confort exceptionnel, en faisant un v\u00eatement id\u00e9al pour se reposer.<\/p>\n<p>Ajoutez une touche sp\u00e9ciale \u00e0 vos nuits avec ce pyjama personnalis\u00e9, id\u00e9al pour r\u00eaver de la personne que vous aimez le plus. Ce sera l\u2019un des <strong>meilleurs cadeaux personnalis\u00e9s<\/strong> que vous pourrez offrir lors d\u2019occasions aussi sp\u00e9ciales que la <strong>Saint-Valentin, un anniversaire ou un anniversaire de couple<\/strong>. Cette personne ch\u00e8re se sentira la plus chanceuse du monde !<\/p>\n<p><strong>Caract\u00e9ristiques :<\/strong><\/p>\n<ul>\n<li>Tailles : S \u2013 M \u2013 L \u2013 XL.<\/li>\n<li>Mati\u00e8re :\n<ul>\n<li>T-shirt : 100 % coton.<\/li>\n<li>Pantalon : 80 % coton \u2013 20 % polyester.<\/li>\n<\/ul>\n<\/li>\n<li>Couleurs :\n<ul>\n<li>T-shirt : blanc.<\/li>\n<li>Pantalon : noir.<\/li>\n<\/ul>\n<\/li>\n<\/ul>\n","protected":false},"excerpt":{"rendered":"<p>Ce pyjama personnalis\u00e9 \u00ab Compter les moutons \u00bb est le cadeau parfait, avec un design original et  [&#8230;]<\/p>\n","protected":false},"featured_media":497448,"comment_status":"open","ping_status":"closed","template":"","meta":{"_acf_changed":false},"product_brand":[],"product_cat":[1707],"product_tag":[1678],"class_list":{"0":"post-497664","1":"product","2":"type-product","3":"status-publish","4":"has-post-thumbnail","6":"product_cat-pyjamas-personnalises","7":"product_tag-couples","9":"first","10":"instock","11":"taxable","12":"shipping-taxable","13":"purchasable","14":"product-type-simple"},"acf":[],"df_price":27.99,"df_sale_price":"","df_regular_price":27.99,"df_image_link":"https:\/\/transparentgift.com\/fr\/wp-content\/uploads\/2025\/11\/ovejas-francia1-300x300.jpg","_links":{"self":[{"href":"https:\/\/transparentgift.com\/fr\/wp-json\/wp\/v2\/product\/497664","targetHints":{"allow":["GET"]}}],"collection":[{"href":"https:\/\/transparentgift.com\/fr\/wp-json\/wp\/v2\/product"}],"about":[{"href":"https:\/\/transparentgift.com\/fr\/wp-json\/wp\/v2\/types\/product"}],"replies":[{"embeddable":true,"href":"https:\/\/transparentgift.com\/fr\/wp-json\/wp\/v2\/comments?post=497664"}],"wp:featuredmedia":[{"embeddable":true,"href":"https:\/\/transparentgift.com\/fr\/wp-json\/wp\/v2\/media\/497448"}],"wp:attachment":[{"href":"https:\/\/transparentgift.com\/fr\/wp-json\/wp\/v2\/media?parent=497664"}],"wp:term":[{"taxonomy":"product_brand","embeddable":true,"href":"https:\/\/transparentgift.com\/fr\/wp-json\/wp\/v2\/product_brand?post=497664"},{"taxonomy":"product_cat","embeddable":true,"href":"https:\/\/transparentgift.com\/fr\/wp-json\/wp\/v2\/product_cat?post=497664"},{"taxonomy":"product_tag","embeddable":true,"href":"https:\/\/transparentgift.com\/fr\/wp-json\/wp\/v2\/product_tag?post=497664"}],"curies":[{"name":"wp","href":"https:\/\/api.w.org\/{rel}","templated":true}]}}