{"id":497665,"date":"2025-11-20T18:13:50","date_gmt":"2025-11-20T17:13:50","guid":{"rendered":"https:\/\/transparentgift.com\/fr\/pyjama-perfect-team-ete-ou-hiver-avec-prenom-et-numero-personnalises\/"},"modified":"2026-04-23T17:29:47","modified_gmt":"2026-04-23T15:29:47","slug":"pyjama-perfect-team-ete-ou-hiver-avec-prenom-et-numero-personnalises","status":"publish","type":"product","link":"https:\/\/transparentgift.com\/fr\/pyjama-perfect-team-ete-ou-hiver-avec-prenom-et-numero-personnalises\/","title":{"rendered":"Pyjama Perfect Team \u00e9t\u00e9 ou hiver avec pr\u00e9nom et num\u00e9ro personnalis\u00e9s"},"content":{"rendered":"<p>Ce <strong>pyjama personnalis\u00e9 Perfect Team<\/strong> est le <strong>cadeau id\u00e9al<\/strong>, avec un <strong>design original et plein de sens<\/strong> : vous pouvez <strong>ajouter un num\u00e9ro<\/strong> sp\u00e9cial et les <strong>pr\u00e9noms<\/strong> de votre choix. C\u2019est une fa\u00e7on unique de c\u00e9l\u00e9brer le lien avec cette personne sp\u00e9ciale, que ce soit votre partenaire, un ami ou un membre de la famille.<\/p>\n<p>La personnalisation est tr\u00e8s simple : <strong>\u00e9crivez un num\u00e9ro<\/strong> qui a une signification importante pour vous deux et les <strong>pr\u00e9noms que vous souhaitez inclure<\/strong>. Cette touche exclusive fera de ce <strong>pyjama une pi\u00e8ce unique, charg\u00e9e de valeur sentimentale<\/strong>.<\/p>\n<p>De plus, vous pouvez choisir parmi les <strong>tailles disponibles : S, M, L ou XL, pour vous assurer qu\u2019il s\u2019ajuste parfaitement.<\/strong> Consultez le guide des tailles sur la derni\u00e8re image pour trouver l\u2019option id\u00e9ale.<\/p>\n<p>Confectionn\u00e9 avec des <strong>tissus de haute qualit\u00e9<\/strong>, ce pyjama allie r\u00e9sistance et douceur gr\u00e2ce \u00e0 sa forte teneur en coton. Le motif est imprim\u00e9 en couleurs vives, pour un rendu \u00e9l\u00e9gant et durable. De plus, sa texture douce garantit un <strong>confort maximal pour se reposer<\/strong>.<\/p>\n<p>Ce <strong>pyjama est le cadeau parfait<\/strong> pour des occasions sp\u00e9ciales comme la <strong>Saint-Valentin<\/strong>, les <strong>anniversaires de mariage ou de naissance<\/strong>. Ce sera une attention inoubliable qui refl\u00e8te \u00e0 quel point vous tenez \u00e0 cette personne sp\u00e9ciale !<\/p>\n<p><strong>Caract\u00e9ristiques :<\/strong><\/p>\n<ul>\n<li>Composition :\n<ul>\n<li>T-shirt : 100 % coton<\/li>\n<li>Pantalon : 80 % coton, 20 % polyester<\/li>\n<\/ul>\n<\/li>\n<li>Couleurs :\n<ul>\n<li>T-shirt : blanc<\/li>\n<li>Pantalon : noir<\/li>\n<li>Tailles : S-M-L-XL<\/li>\n<\/ul>\n<\/li>\n<\/ul>\n","protected":false},"excerpt":{"rendered":"<p>Ce pyjama personnalis\u00e9 Perfect Team est le cadeau id\u00e9al, avec un design original et plein de sens  [&#8230;]<\/p>\n","protected":false},"featured_media":497432,"comment_status":"open","ping_status":"closed","template":"","meta":{"_acf_changed":false},"product_brand":[],"product_cat":[1707],"product_tag":[1678],"class_list":{"0":"post-497665","1":"product","2":"type-product","3":"status-publish","4":"has-post-thumbnail","6":"product_cat-pyjamas-personnalises","7":"product_tag-couples","9":"first","10":"instock","11":"taxable","12":"shipping-taxable","13":"purchasable","14":"product-type-simple"},"acf":[],"df_price":27.99,"df_sale_price":"","df_regular_price":27.99,"df_image_link":"https:\/\/transparentgift.com\/fr\/wp-content\/uploads\/2025\/11\/perfectteam-francia2-300x300.jpg","_links":{"self":[{"href":"https:\/\/transparentgift.com\/fr\/wp-json\/wp\/v2\/product\/497665","targetHints":{"allow":["GET"]}}],"collection":[{"href":"https:\/\/transparentgift.com\/fr\/wp-json\/wp\/v2\/product"}],"about":[{"href":"https:\/\/transparentgift.com\/fr\/wp-json\/wp\/v2\/types\/product"}],"replies":[{"embeddable":true,"href":"https:\/\/transparentgift.com\/fr\/wp-json\/wp\/v2\/comments?post=497665"}],"wp:featuredmedia":[{"embeddable":true,"href":"https:\/\/transparentgift.com\/fr\/wp-json\/wp\/v2\/media\/497432"}],"wp:attachment":[{"href":"https:\/\/transparentgift.com\/fr\/wp-json\/wp\/v2\/media?parent=497665"}],"wp:term":[{"taxonomy":"product_brand","embeddable":true,"href":"https:\/\/transparentgift.com\/fr\/wp-json\/wp\/v2\/product_brand?post=497665"},{"taxonomy":"product_cat","embeddable":true,"href":"https:\/\/transparentgift.com\/fr\/wp-json\/wp\/v2\/product_cat?post=497665"},{"taxonomy":"product_tag","embeddable":true,"href":"https:\/\/transparentgift.com\/fr\/wp-json\/wp\/v2\/product_tag?post=497665"}],"curies":[{"name":"wp","href":"https:\/\/api.w.org\/{rel}","templated":true}]}}