{"id":497666,"date":"2025-11-20T18:13:51","date_gmt":"2025-11-20T17:13:51","guid":{"rendered":"https:\/\/transparentgift.com\/fr\/t-shirt-puzzle-avec-photo-personnalisee\/"},"modified":"2026-01-14T10:58:29","modified_gmt":"2026-01-14T09:58:29","slug":"t-shirt-puzzle-avec-photo-personnalisee","status":"publish","type":"product","link":"https:\/\/transparentgift.com\/fr\/t-shirt-puzzle-avec-photo-personnalisee\/","title":{"rendered":"T-shirt Puzzle avec Photo personnalis\u00e9e"},"content":{"rendered":"<p><strong>D\u00e9couvrez le T-shirt Puzzle avec Photo personnalis\u00e9e<\/strong>, un v\u00eatement unique qui transforme vos souvenirs les plus pr\u00e9cieux en v\u00e9ritable \u0153uvre d\u2019art.<\/p>\n<p>Ce T-shirt se distingue par son design exclusif qui transforme vos photos en puzzle, cr\u00e9ant ainsi un cadeau \u00e9mouvant et tr\u00e8s personnel. Parfait pour exprimer vos sentiments de mani\u00e8re cr\u00e9ative et durable.<\/p>\n<p>Id\u00e9al pour les couples, les parents, les amis ou la famille, ce T-shirt est le cadeau parfait pour des occasions comme les anniversaires, les f\u00eates, la Saint-Valentin ou tout autre \u00e9v\u00e9nement sp\u00e9cial. Imaginez la surprise et l\u2019\u00e9motion de recevoir un pr\u00e9sent aussi personnel et significatif.<\/p>\n<h4><strong>Caract\u00e9ristiques :<\/strong><\/h4>\n<ul>\n<li>Tailles : S-M-L-XL. Guide des tailles sur la derni\u00e8re image.<\/li>\n<li>Mat\u00e9riau : 100&nbsp;% coton<\/li>\n<li>Couleur : blanc<\/li>\n<li>Variantes : manches courtes ou manches longues.<\/li>\n<\/ul>\n","protected":false},"excerpt":{"rendered":"<p>D\u00e9couvrez le T-shirt Puzzle avec Photo personnalis\u00e9e, un v\u00eatement unique qui transforme vos souve [&#8230;]<\/p>\n","protected":false},"featured_media":497348,"comment_status":"open","ping_status":"closed","template":"","meta":{"_acf_changed":false},"product_brand":[],"product_cat":[1709],"product_tag":[1678,1680,1677],"class_list":{"0":"post-497666","1":"product","2":"type-product","3":"status-publish","4":"has-post-thumbnail","6":"product_cat-t-shirts-personnalises","7":"product_tag-couples","8":"product_tag-femmes","9":"product_tag-generique","11":"first","12":"instock","13":"taxable","14":"shipping-taxable","15":"purchasable","16":"product-type-simple"},"acf":[],"df_price":27.99,"df_sale_price":"","df_regular_price":27.99,"df_image_link":"https:\/\/transparentgift.com\/fr\/wp-content\/uploads\/2025\/11\/Camiseta-Puzle-1-300x300.jpg","_links":{"self":[{"href":"https:\/\/transparentgift.com\/fr\/wp-json\/wp\/v2\/product\/497666","targetHints":{"allow":["GET"]}}],"collection":[{"href":"https:\/\/transparentgift.com\/fr\/wp-json\/wp\/v2\/product"}],"about":[{"href":"https:\/\/transparentgift.com\/fr\/wp-json\/wp\/v2\/types\/product"}],"replies":[{"embeddable":true,"href":"https:\/\/transparentgift.com\/fr\/wp-json\/wp\/v2\/comments?post=497666"}],"wp:featuredmedia":[{"embeddable":true,"href":"https:\/\/transparentgift.com\/fr\/wp-json\/wp\/v2\/media\/497348"}],"wp:attachment":[{"href":"https:\/\/transparentgift.com\/fr\/wp-json\/wp\/v2\/media?parent=497666"}],"wp:term":[{"taxonomy":"product_brand","embeddable":true,"href":"https:\/\/transparentgift.com\/fr\/wp-json\/wp\/v2\/product_brand?post=497666"},{"taxonomy":"product_cat","embeddable":true,"href":"https:\/\/transparentgift.com\/fr\/wp-json\/wp\/v2\/product_cat?post=497666"},{"taxonomy":"product_tag","embeddable":true,"href":"https:\/\/transparentgift.com\/fr\/wp-json\/wp\/v2\/product_tag?post=497666"}],"curies":[{"name":"wp","href":"https:\/\/api.w.org\/{rel}","templated":true}]}}