{"id":497671,"date":"2025-11-20T18:14:00","date_gmt":"2025-11-20T17:14:00","guid":{"rendered":"https:\/\/transparentgift.com\/fr\/pyjama-funkos-ete-ou-hiver-avec-prenoms-personnalise\/"},"modified":"2026-04-23T17:29:33","modified_gmt":"2026-04-23T15:29:33","slug":"pyjama-funkos-ete-ou-hiver-avec-prenoms-personnalise","status":"publish","type":"product","link":"https:\/\/transparentgift.com\/fr\/pyjama-funkos-ete-ou-hiver-avec-prenoms-personnalise\/","title":{"rendered":"Pyjama Funkos \u00e9t\u00e9 ou hiver avec pr\u00e9noms personnalis\u00e9"},"content":{"rendered":"<p>Apportez une touche unique aux nuits de cette personne sp\u00e9ciale avec ce <strong>pyjama avec figurines Funko Pop<\/strong>. Il est parfait comme <strong>cadeau de No\u00ebl, de la Saint-Valentin ou d\u2019anniversaire pour la famille, les amis<\/strong> ou pour votre <strong>partenaire<\/strong>. C\u2019est aussi un <strong>cadeau pour enfants<\/strong> qui les enthousiasmera. Quoi qu\u2019il en soit, la magie sera au rendez-vous !<\/p>\n<p>Le pyjama avec Funkos Pop est enti\u00e8rement personnalisable. Vous devrez d\u2019abord <strong>choisir entre le mod\u00e8le pour adultes ou le mod\u00e8le pour enfants<\/strong>. Ensuite, vous aurez la possibilit\u00e9 de <strong>s\u00e9lectionner le nombre de figurines Pop<\/strong>, en fonction du mod\u00e8le choisi. Pour les tailles adultes, vous pourrez choisir jusqu\u2019\u00e0 six Funkos maximum, et pour les tailles enfants, une seule.<\/p>\n<p>L\u2019\u00e9tape suivante consistera \u00e0 ajouter un pr\u00e9nom ou un texte qui les identifie, puis il ne restera plus qu\u2019\u00e0 <strong>s\u00e9lectionner la taille<\/strong> id\u00e9ale pour cette personne. Pour un adulte, vous pourrez choisir entre : <strong>S, M, L ou XL<\/strong> ; et pour un enfant, entre : <strong>3\/4 \u2013 5\/6 \u2013 7\/8 \u2013 9\/10 \u2013 11\/12<\/strong>.<\/p>\n<p>Vous pouvez consulter le guide des tailles \u00e0 la derni\u00e8re image.<\/p>\n<p>Cet adulte ou cet enfant le portera fi\u00e8rement pour aller se coucher. Il deviendra son pyjama pr\u00e9f\u00e9r\u00e9, puisqu\u2019il est con\u00e7u exclusivement pour elle ou pour lui !<\/p>\n<p>Il est fabriqu\u00e9 avec des <strong>tissus de haute qualit\u00e9<\/strong>, qui lui conf\u00e8rent r\u00e9sistance et douceur, gr\u00e2ce \u00e0 son fort pourcentage de <strong>coton<\/strong>. Le motif sera imprim\u00e9 en quadrichromie et le toucher du tissu rendra le pyjama extr\u00eamement <strong>confortable<\/strong>.<\/p>\n<p>Ne passez pas \u00e0 c\u00f4t\u00e9 du meilleur pyjama personnalis\u00e9 pour c\u00e9l\u00e9brer les <strong>nuits de repos<\/strong> comme il se doit. Ce sera l\u2019un des meilleurs <strong>cadeaux personnalis\u00e9s<\/strong> que vous pourrez offrir lors d\u2019occasions sp\u00e9ciales. Cette personne ch\u00e8re se sentira la plus chanceuse du monde !<\/p>\n<p><strong>Caract\u00e9ristiques :<\/strong><\/p>\n<ul>\n<li>Tailles :\n<ul>\n<li>Adultes : S-M-L-XL.<\/li>\n<li>Enfants : 3\/4 &#8211; 5\/6 &#8211; 7\/8 &#8211; 9\/10 &#8211; 11\/12.<\/li>\n<\/ul>\n<\/li>\n<li>Mati\u00e8re :\n<ul>\n<li>T-shirt : 100 % coton<\/li>\n<li>Pantalon : 80 % coton &#8211; 20 % polyester<\/li>\n<\/ul>\n<\/li>\n<li>Couleurs :\n<ul>\n<li>T-shirt : blanc.<\/li>\n<li>Pantalon : noir.<\/li>\n<\/ul>\n<\/li>\n<\/ul>\n<p>&nbsp;<\/p>\n","protected":false},"excerpt":{"rendered":"<p>Apportez une touche unique aux nuits de cette personne sp\u00e9ciale avec ce pyjama avec figurines Funko [&#8230;]<\/p>\n","protected":false},"featured_media":497440,"comment_status":"open","ping_status":"closed","template":"","meta":{"_acf_changed":false},"product_brand":[],"product_cat":[1707],"product_tag":[1678,1685,1687,1705,1706,1677,1688],"class_list":{"0":"post-497671","1":"product","2":"type-product","3":"status-publish","4":"has-post-thumbnail","6":"product_cat-pyjamas-personnalises","7":"product_tag-couples","8":"product_tag-enfants","9":"product_tag-famille","10":"product_tag-funkos","11":"product_tag-funkos_customizable_product","12":"product_tag-generique","13":"product_tag-meres","15":"first","16":"instock","17":"taxable","18":"shipping-taxable","19":"purchasable","20":"product-type-simple"},"acf":[],"df_price":27.99,"df_sale_price":"","df_regular_price":27.99,"df_image_link":"https:\/\/transparentgift.com\/fr\/wp-content\/uploads\/2025\/11\/funkosflia-frances1-300x300.jpg","_links":{"self":[{"href":"https:\/\/transparentgift.com\/fr\/wp-json\/wp\/v2\/product\/497671","targetHints":{"allow":["GET"]}}],"collection":[{"href":"https:\/\/transparentgift.com\/fr\/wp-json\/wp\/v2\/product"}],"about":[{"href":"https:\/\/transparentgift.com\/fr\/wp-json\/wp\/v2\/types\/product"}],"replies":[{"embeddable":true,"href":"https:\/\/transparentgift.com\/fr\/wp-json\/wp\/v2\/comments?post=497671"}],"wp:featuredmedia":[{"embeddable":true,"href":"https:\/\/transparentgift.com\/fr\/wp-json\/wp\/v2\/media\/497440"}],"wp:attachment":[{"href":"https:\/\/transparentgift.com\/fr\/wp-json\/wp\/v2\/media?parent=497671"}],"wp:term":[{"taxonomy":"product_brand","embeddable":true,"href":"https:\/\/transparentgift.com\/fr\/wp-json\/wp\/v2\/product_brand?post=497671"},{"taxonomy":"product_cat","embeddable":true,"href":"https:\/\/transparentgift.com\/fr\/wp-json\/wp\/v2\/product_cat?post=497671"},{"taxonomy":"product_tag","embeddable":true,"href":"https:\/\/transparentgift.com\/fr\/wp-json\/wp\/v2\/product_tag?post=497671"}],"curies":[{"name":"wp","href":"https:\/\/api.w.org\/{rel}","templated":true}]}}