{"id":497674,"date":"2025-11-20T18:14:05","date_gmt":"2025-11-20T17:14:05","guid":{"rendered":"https:\/\/transparentgift.com\/fr\/pyjama-personnages-ete-ou-hiver-avec-texte-personnalise\/"},"modified":"2026-04-23T17:29:25","modified_gmt":"2026-04-23T15:29:25","slug":"pyjama-personnages-ete-ou-hiver-avec-texte-personnalise","status":"publish","type":"product","link":"https:\/\/transparentgift.com\/fr\/pyjama-personnages-ete-ou-hiver-avec-texte-personnalise\/","title":{"rendered":"Pyjama Personnages \u00c9t\u00e9 ou Hiver avec Texte personnalis\u00e9"},"content":{"rendered":"<p><strong>Pyjama Personnages avec texte personnalis\u00e9<\/strong>. Un cadeau unique pour c\u00e9l\u00e9brer le lien sp\u00e9cial avec vos proches.<\/p>\n<p>Ce pyjama allie personnalisation et confort, vous permettant d\u2019ajouter de 1 \u00e0 5 personnages avec un pr\u00e9nom chacun, ainsi que des textes pour cr\u00e9er un design exclusif et charg\u00e9 de valeur sentimentale.<\/p>\n<p>Destin\u00e9 aux couples, amis et membres de la famille, il est parfait pour des occasions comme les anniversaires, les f\u00eates des M\u00e8res ou des P\u00e8res. Imaginez la surprise de votre proche en recevant un cadeau aussi personnel et sp\u00e9cial.<\/p>\n<h4><strong>Caract\u00e9ristiques :<\/strong><\/h4>\n<ul>\n<li>Composition :\n<ul>\n<li>T-shirt : 100 % coton<\/li>\n<li>Pantalon : 80 % coton, 20 % polyester<\/li>\n<\/ul>\n<\/li>\n<li>Couleurs :\n<ul>\n<li>T-shirt : blanc<\/li>\n<li>Pantalon : noir<\/li>\n<li>Tailles : S-M-L-XL<\/li>\n<\/ul>\n<\/li>\n<\/ul>\n","protected":false},"excerpt":{"rendered":"<p>Pyjama Personnages avec texte personnalis\u00e9. Un cadeau unique pour c\u00e9l\u00e9brer le lien sp\u00e9cial avec  [&#8230;]<\/p>\n","protected":false},"featured_media":501636,"comment_status":"open","ping_status":"closed","template":"","meta":{"_acf_changed":false},"product_brand":[],"product_cat":[1707],"product_tag":[1687,1680,1699,1681],"class_list":{"0":"post-497674","1":"product","2":"type-product","3":"status-publish","4":"has-post-thumbnail","6":"product_cat-pyjamas-personnalises","7":"product_tag-famille","8":"product_tag-femmes","9":"product_tag-grands-parents","10":"product_tag-peres","12":"first","13":"instock","14":"taxable","15":"shipping-taxable","16":"purchasable","17":"product-type-simple"},"acf":[],"df_price":27.99,"df_sale_price":"","df_regular_price":27.99,"df_image_link":"https:\/\/transparentgift.com\/fr\/wp-content\/uploads\/2025\/11\/Portada_Pijama_Munecos_Francia-300x300.jpg","_links":{"self":[{"href":"https:\/\/transparentgift.com\/fr\/wp-json\/wp\/v2\/product\/497674","targetHints":{"allow":["GET"]}}],"collection":[{"href":"https:\/\/transparentgift.com\/fr\/wp-json\/wp\/v2\/product"}],"about":[{"href":"https:\/\/transparentgift.com\/fr\/wp-json\/wp\/v2\/types\/product"}],"replies":[{"embeddable":true,"href":"https:\/\/transparentgift.com\/fr\/wp-json\/wp\/v2\/comments?post=497674"}],"wp:featuredmedia":[{"embeddable":true,"href":"https:\/\/transparentgift.com\/fr\/wp-json\/wp\/v2\/media\/501636"}],"wp:attachment":[{"href":"https:\/\/transparentgift.com\/fr\/wp-json\/wp\/v2\/media?parent=497674"}],"wp:term":[{"taxonomy":"product_brand","embeddable":true,"href":"https:\/\/transparentgift.com\/fr\/wp-json\/wp\/v2\/product_brand?post=497674"},{"taxonomy":"product_cat","embeddable":true,"href":"https:\/\/transparentgift.com\/fr\/wp-json\/wp\/v2\/product_cat?post=497674"},{"taxonomy":"product_tag","embeddable":true,"href":"https:\/\/transparentgift.com\/fr\/wp-json\/wp\/v2\/product_tag?post=497674"}],"curies":[{"name":"wp","href":"https:\/\/api.w.org\/{rel}","templated":true}]}}