{"id":497675,"date":"2025-11-20T18:14:06","date_gmt":"2025-11-20T17:14:06","guid":{"rendered":"https:\/\/transparentgift.com\/fr\/t-shirt-personnages-avec-texte-personnalisee\/"},"modified":"2026-05-14T15:58:41","modified_gmt":"2026-05-14T13:58:41","slug":"t-shirt-avec-personnages-et-texte-personnalise","status":"publish","type":"product","link":"https:\/\/transparentgift.com\/fr\/t-shirt-avec-personnages-et-texte-personnalise\/","title":{"rendered":"T-shirt avec personnages et texte personnalis\u00e9"},"content":{"rendered":"<p><strong>D\u00e9couvrez le <span data-sheets-root=\"1\">T-shirt Personnages avec Texte personnalis\u00e9<\/span><\/strong>. Un v\u00eatement unique qui transforme vos souvenirs les plus pr\u00e9cieux en \u0153uvre d\u2019art.<\/p>\n<p>Ce t-shirt offre la possibilit\u00e9 de personnaliser de 1 \u00e0 5 personnages avec un pr\u00e9nom chacun et des textes, ce qui en fait un cadeau inoubliable. Id\u00e9al pour les anniversaires, No\u00ebl, la F\u00eate des M\u00e8res ou la F\u00eate des P\u00e8res, c\u2019est le cadeau parfait pour ceux qui souhaitent exprimer leur amour de mani\u00e8re originale \u00e0 leur partenaire, leurs amis ou leur famille.<\/p>\n<p>Imaginez la surprise et l\u2019\u00e9motion de recevoir un cadeau aussi personnel et significatif.<\/p>\n<h4><strong>Caract\u00e9ristiques :<\/strong><\/h4>\n<ul>\n<li>Tailles : S-M-L-XL. Guide des tailles sur la derni\u00e8re image.<\/li>\n<li>Mati\u00e8re : 100 % coton<\/li>\n<li>Couleur : Blanc<\/li>\n<li>Variantes : Manches courtes ou manches longues.<\/li>\n<\/ul>\n","protected":false},"excerpt":{"rendered":"<p>D\u00e9couvrez le T-shirt Personnages avec Texte personnalis\u00e9. Un v\u00eatement unique qui transforme vos s [&#8230;]<\/p>\n","protected":false},"featured_media":497363,"comment_status":"open","ping_status":"closed","template":"","meta":{"_acf_changed":false},"product_brand":[],"product_cat":[1709],"product_tag":[1687,1680,1699,1681],"class_list":{"0":"post-497675","1":"product","2":"type-product","3":"status-publish","4":"has-post-thumbnail","6":"product_cat-t-shirts-personnalises","7":"product_tag-famille","8":"product_tag-femmes","9":"product_tag-grands-parents","10":"product_tag-peres","12":"first","13":"instock","14":"taxable","15":"shipping-taxable","16":"purchasable","17":"product-type-simple"},"acf":[],"df_price":27.99,"df_sale_price":"","df_regular_price":27.99,"df_image_link":"https:\/\/transparentgift.com\/fr\/wp-content\/uploads\/2025\/11\/CAMISETAS_MUNECOS_1-300x300.jpg","_links":{"self":[{"href":"https:\/\/transparentgift.com\/fr\/wp-json\/wp\/v2\/product\/497675","targetHints":{"allow":["GET"]}}],"collection":[{"href":"https:\/\/transparentgift.com\/fr\/wp-json\/wp\/v2\/product"}],"about":[{"href":"https:\/\/transparentgift.com\/fr\/wp-json\/wp\/v2\/types\/product"}],"replies":[{"embeddable":true,"href":"https:\/\/transparentgift.com\/fr\/wp-json\/wp\/v2\/comments?post=497675"}],"wp:featuredmedia":[{"embeddable":true,"href":"https:\/\/transparentgift.com\/fr\/wp-json\/wp\/v2\/media\/497363"}],"wp:attachment":[{"href":"https:\/\/transparentgift.com\/fr\/wp-json\/wp\/v2\/media?parent=497675"}],"wp:term":[{"taxonomy":"product_brand","embeddable":true,"href":"https:\/\/transparentgift.com\/fr\/wp-json\/wp\/v2\/product_brand?post=497675"},{"taxonomy":"product_cat","embeddable":true,"href":"https:\/\/transparentgift.com\/fr\/wp-json\/wp\/v2\/product_cat?post=497675"},{"taxonomy":"product_tag","embeddable":true,"href":"https:\/\/transparentgift.com\/fr\/wp-json\/wp\/v2\/product_tag?post=497675"}],"curies":[{"name":"wp","href":"https:\/\/api.w.org\/{rel}","templated":true}]}}