{"id":497676,"date":"2025-11-20T18:14:08","date_gmt":"2025-11-20T17:14:08","guid":{"rendered":"https:\/\/transparentgift.com\/fr\/puzzle-de-blocs-personnages-avec-texte-personnalise\/"},"modified":"2026-05-13T20:08:02","modified_gmt":"2026-05-13T18:08:02","slug":"puzzle-de-blocs-personnages-avec-texte-personnalise","status":"publish","type":"product","link":"https:\/\/transparentgift.com\/fr\/puzzle-de-blocs-personnages-avec-texte-personnalise\/","title":{"rendered":"Puzzle de Blocs Personnages avec Texte Personnalis\u00e9"},"content":{"rendered":"<p><strong>Puzzle de Blocs Personnages avec Texte Personnalis\u00e9<\/strong>. Un cadeau unique qui capture des moments sp\u00e9ciaux dans un puzzle amusant.<\/p>\n<p>Ce puzzle personnalisable offre une exp\u00e9rience ludique et \u00e9mouvante, permettant de monter et d\u00e9monter des souvenirs inoubliables. Compatible avec les pi\u00e8ces de construction, il est parfait pour profiter en famille.<\/p>\n<p>Id\u00e9al pour surprendre vos proches \u00e0 l\u2019occasion d\u2019anniversaires de naissance ou de mariage, de No\u00ebl, de la F\u00eate des M\u00e8res ou de la F\u00eate des P\u00e8res. C\u2019est \u00e9galement un cadeau charmant pour les filles et les gar\u00e7ons qui appr\u00e9cieront de construire leur propre histoire visuelle.<\/p>\n<h4><strong>Caract\u00e9ristiques :<\/strong><\/h4>\n<ul>\n<li>Taille : 14,5 x 10 cm \/ 22,5 x 16,5 cm<\/li>\n<li>Mat\u00e9riau : PVC.<\/li>\n<\/ul>\n","protected":false},"excerpt":{"rendered":"<p>Puzzle de Blocs Personnages avec Texte Personnalis\u00e9. Un cadeau unique qui capture des moments sp\u00e9c [&#8230;]<\/p>\n","protected":false},"featured_media":497333,"comment_status":"open","ping_status":"closed","template":"","meta":{"_acf_changed":false},"product_brand":[],"product_cat":[1690],"product_tag":[1687,1680,1688,1681],"class_list":{"0":"post-497676","1":"product","2":"type-product","3":"status-publish","4":"has-post-thumbnail","6":"product_cat-produits-originaux","7":"product_tag-famille","8":"product_tag-femmes","9":"product_tag-meres","10":"product_tag-peres","12":"first","13":"instock","14":"taxable","15":"shipping-taxable","16":"purchasable","17":"product-type-simple"},"acf":[],"df_price":17.99,"df_sale_price":"","df_regular_price":17.99,"df_image_link":"https:\/\/transparentgift.com\/fr\/wp-content\/uploads\/2025\/11\/Puzle-munecos_1_PORTADA-300x300.jpg","_links":{"self":[{"href":"https:\/\/transparentgift.com\/fr\/wp-json\/wp\/v2\/product\/497676","targetHints":{"allow":["GET"]}}],"collection":[{"href":"https:\/\/transparentgift.com\/fr\/wp-json\/wp\/v2\/product"}],"about":[{"href":"https:\/\/transparentgift.com\/fr\/wp-json\/wp\/v2\/types\/product"}],"replies":[{"embeddable":true,"href":"https:\/\/transparentgift.com\/fr\/wp-json\/wp\/v2\/comments?post=497676"}],"wp:featuredmedia":[{"embeddable":true,"href":"https:\/\/transparentgift.com\/fr\/wp-json\/wp\/v2\/media\/497333"}],"wp:attachment":[{"href":"https:\/\/transparentgift.com\/fr\/wp-json\/wp\/v2\/media?parent=497676"}],"wp:term":[{"taxonomy":"product_brand","embeddable":true,"href":"https:\/\/transparentgift.com\/fr\/wp-json\/wp\/v2\/product_brand?post=497676"},{"taxonomy":"product_cat","embeddable":true,"href":"https:\/\/transparentgift.com\/fr\/wp-json\/wp\/v2\/product_cat?post=497676"},{"taxonomy":"product_tag","embeddable":true,"href":"https:\/\/transparentgift.com\/fr\/wp-json\/wp\/v2\/product_tag?post=497676"}],"curies":[{"name":"wp","href":"https:\/\/api.w.org\/{rel}","templated":true}]}}