{"id":497681,"date":"2025-11-20T18:14:15","date_gmt":"2025-11-20T17:14:15","guid":{"rendered":"https:\/\/transparentgift.com\/fr\/chaussettes-personnalisees-avec-photo\/"},"modified":"2026-05-05T10:13:01","modified_gmt":"2026-05-05T08:13:01","slug":"chaussettes-personnalisees-avec-photo","status":"publish","type":"product","link":"https:\/\/transparentgift.com\/fr\/chaussettes-personnalisees-avec-photo\/","title":{"rendered":"Chaussettes personnalis\u00e9es avec photo"},"content":{"rendered":"<p><strong>Chaussettes personnalis\u00e9es avec photo<\/strong>. Originales, amusantes et 100 % uniques, con\u00e7ues pour se d\u00e9marquer en toute occasion.<\/p>\n<p>Transformez un simple v\u00eatement en un cadeau inoubliable : vos chaussettes afficheront le visage de votre choix, r\u00e9p\u00e9t\u00e9 dans un motif qui fait sourire. Id\u00e9ales pour surprendre avec quelque chose de diff\u00e9rent.<\/p>\n<p>Parfaites comme <strong>cadeaux personnalis\u00e9s<\/strong> pour les anniversaires, les anniversaires de couple, la Saint-Valentin ou simplement pour passer un bon moment. Elles font un carton aussi bien aupr\u00e8s des couples que des amis, des p\u00e8res, des m\u00e8res ou m\u00eame comme d\u00e9tail pour une \u00e9quipe. C\u2019est \u00e9galement une excellente option pour ceux qui recherchent des <strong>cadeaux originaux<\/strong> avec une touche tr\u00e8s personnelle.<\/p>\n<h4><strong>Caract\u00e9ristiques :<\/strong><\/h4>\n<ul>\n<li>Mati\u00e8re : polyester doux et r\u00e9sistant<\/li>\n<li>Tailles disponibles : S\/M (36-40) et L\/XL (41-46)<\/li>\n<li>Personnalisation : impression de visages en motif int\u00e9gral<\/li>\n<li>Entretien : lavable en machine (max. 30\u202f\u00b0C), ne pas utiliser de s\u00e8che-linge ni de fer \u00e0 repasser<\/li>\n<\/ul>\n","protected":false},"excerpt":{"rendered":"<p>Chaussettes personnalis\u00e9es avec photo. Originales, amusantes et 100 % uniques, con\u00e7ues pour se d\u00e9 [&#8230;]<\/p>\n","protected":false},"featured_media":497373,"comment_status":"open","ping_status":"closed","template":"","meta":{"_acf_changed":false},"product_brand":[],"product_cat":[1701],"product_tag":[1687,1677,1688],"class_list":{"0":"post-497681","1":"product","2":"type-product","3":"status-publish","4":"has-post-thumbnail","6":"product_cat-chaussettes-personnalisees","7":"product_tag-famille","8":"product_tag-generique","9":"product_tag-meres","11":"first","12":"instock","13":"taxable","14":"shipping-taxable","15":"purchasable","16":"product-type-simple"},"acf":[],"df_price":19.99,"df_sale_price":"","df_regular_price":19.99,"df_image_link":"https:\/\/transparentgift.com\/fr\/wp-content\/uploads\/2025\/11\/Calcetines-de-Caras-1-300x300.jpg","_links":{"self":[{"href":"https:\/\/transparentgift.com\/fr\/wp-json\/wp\/v2\/product\/497681","targetHints":{"allow":["GET"]}}],"collection":[{"href":"https:\/\/transparentgift.com\/fr\/wp-json\/wp\/v2\/product"}],"about":[{"href":"https:\/\/transparentgift.com\/fr\/wp-json\/wp\/v2\/types\/product"}],"replies":[{"embeddable":true,"href":"https:\/\/transparentgift.com\/fr\/wp-json\/wp\/v2\/comments?post=497681"}],"wp:featuredmedia":[{"embeddable":true,"href":"https:\/\/transparentgift.com\/fr\/wp-json\/wp\/v2\/media\/497373"}],"wp:attachment":[{"href":"https:\/\/transparentgift.com\/fr\/wp-json\/wp\/v2\/media?parent=497681"}],"wp:term":[{"taxonomy":"product_brand","embeddable":true,"href":"https:\/\/transparentgift.com\/fr\/wp-json\/wp\/v2\/product_brand?post=497681"},{"taxonomy":"product_cat","embeddable":true,"href":"https:\/\/transparentgift.com\/fr\/wp-json\/wp\/v2\/product_cat?post=497681"},{"taxonomy":"product_tag","embeddable":true,"href":"https:\/\/transparentgift.com\/fr\/wp-json\/wp\/v2\/product_tag?post=497681"}],"curies":[{"name":"wp","href":"https:\/\/api.w.org\/{rel}","templated":true}]}}