{"id":497683,"date":"2025-11-20T18:14:18","date_gmt":"2025-11-20T17:14:18","guid":{"rendered":"https:\/\/transparentgift.com\/fr\/tampon-personnalise-pour-enseignants-avec-dessin-et-prenom\/"},"modified":"2026-03-23T12:04:32","modified_gmt":"2026-03-23T11:04:32","slug":"tampon-personnalise-pour-enseignants-avec-dessin-et-prenom","status":"publish","type":"product","link":"https:\/\/transparentgift.com\/fr\/tampon-personnalise-pour-enseignants-avec-dessin-et-prenom\/","title":{"rendered":"Tampon personnalis\u00e9 pour enseignants avec dessin et pr\u00e9nom"},"content":{"rendered":"<p><strong>Faites de chaque correction un moment unique et amusant\u00a0!<\/strong> Ce tampon personnalis\u00e9 pour enseignants est l\u2019outil parfait pour motiver et reconna\u00eetre les efforts des \u00e9l\u00e8ves de mani\u00e8re originale et bienveillante.<\/p>\n<p>Gr\u00e2ce \u00e0 son design personnalis\u00e9 et \u00e0 son encre r\u00e9sistante, vous pourrez laisser des messages comme \u00ab\u00a0Bon travail\u00a0!\u00a0\u00bb ou \u00ab\u00a0G\u00e9nial\u00a0!\u00a0\u00bb accompagn\u00e9s de votre pr\u00e9nom ou d\u2019une caricature. Id\u00e9al pour marquer aussi bien le papier que le tissu.<\/p>\n<p>Ce tampon est con\u00e7u pour les enseignants de Maternelle, Primaire et Coll\u00e8ge\/Lyc\u00e9e qui souhaitent renforcer positivement leurs \u00e9l\u00e8ves de fa\u00e7on visuelle. Parfait pour une utilisation sur les \u00e9valuations, cahiers, devoirs ou m\u00eame pour marquer les v\u00eatements et les objets scolaires. C\u2019est aussi un cadeau original pour les enseignantes et enseignants en fin d\u2019ann\u00e9e scolaire ou pour des occasions sp\u00e9ciales.<\/p>\n<h4><strong>Caract\u00e9ristiques\u00a0:<\/strong><\/h4>\n<ul>\n<li>Taille\u00a0: 4 x 1,5 cm<\/li>\n<li>Encre non toxique et r\u00e9sistante au lavage et au frottement<\/li>\n<\/ul>\n","protected":false},"excerpt":{"rendered":"<p>Faites de chaque correction un moment unique et amusant\u00a0! Ce tampon personnalis\u00e9 pour enseignants  [&#8230;]<\/p>\n","protected":false},"featured_media":497003,"comment_status":"open","ping_status":"closed","template":"","meta":{"_acf_changed":false},"product_brand":[],"product_cat":[1691],"product_tag":[1703],"class_list":{"0":"post-497683","1":"product","2":"type-product","3":"status-publish","4":"has-post-thumbnail","6":"product_cat-tampons-personnalises","7":"product_tag-professeurs","9":"first","10":"instock","11":"taxable","12":"shipping-taxable","13":"purchasable","14":"product-type-simple"},"acf":[],"df_price":15.95,"df_sale_price":"","df_regular_price":15.95,"df_image_link":"https:\/\/transparentgift.com\/fr\/wp-content\/uploads\/2025\/11\/Sello-profes_1-300x300.jpg","_links":{"self":[{"href":"https:\/\/transparentgift.com\/fr\/wp-json\/wp\/v2\/product\/497683","targetHints":{"allow":["GET"]}}],"collection":[{"href":"https:\/\/transparentgift.com\/fr\/wp-json\/wp\/v2\/product"}],"about":[{"href":"https:\/\/transparentgift.com\/fr\/wp-json\/wp\/v2\/types\/product"}],"replies":[{"embeddable":true,"href":"https:\/\/transparentgift.com\/fr\/wp-json\/wp\/v2\/comments?post=497683"}],"wp:featuredmedia":[{"embeddable":true,"href":"https:\/\/transparentgift.com\/fr\/wp-json\/wp\/v2\/media\/497003"}],"wp:attachment":[{"href":"https:\/\/transparentgift.com\/fr\/wp-json\/wp\/v2\/media?parent=497683"}],"wp:term":[{"taxonomy":"product_brand","embeddable":true,"href":"https:\/\/transparentgift.com\/fr\/wp-json\/wp\/v2\/product_brand?post=497683"},{"taxonomy":"product_cat","embeddable":true,"href":"https:\/\/transparentgift.com\/fr\/wp-json\/wp\/v2\/product_cat?post=497683"},{"taxonomy":"product_tag","embeddable":true,"href":"https:\/\/transparentgift.com\/fr\/wp-json\/wp\/v2\/product_tag?post=497683"}],"curies":[{"name":"wp","href":"https:\/\/api.w.org\/{rel}","templated":true}]}}