{"id":497686,"date":"2025-11-20T18:14:23","date_gmt":"2025-11-20T17:14:23","guid":{"rendered":"https:\/\/transparentgift.com\/fr\/chaussettes-animaux-de-compagnie-avec-photo-personnalisee\/"},"modified":"2026-05-05T10:13:40","modified_gmt":"2026-05-05T08:13:40","slug":"chaussettes-animaux-de-compagnie-avec-photo-personnalisee","status":"publish","type":"product","link":"https:\/\/transparentgift.com\/fr\/chaussettes-animaux-de-compagnie-avec-photo-personnalisee\/","title":{"rendered":"Chaussettes Animaux de Compagnie avec Photo Personnalis\u00e9e"},"content":{"rendered":"<p><strong>Emmenez votre compagnon partout avec vous gr\u00e2ce \u00e0 ces chaussettes personnalis\u00e9es et amusantes<\/strong>. Un hommage plein de tendresse et de style pour les v\u00e9ritables amoureux des animaux de compagnie.<\/p>\n<p>Avec un design color\u00e9 et joyeux, ces chaussettes sont imprim\u00e9es avec la t\u00eate de votre chien ou de votre chat sur un fond d\u00e9cor\u00e9 d\u2019ic\u00f4nes de pattes, d\u2019os, de gamelles et de jouets. Elles sont confortables, r\u00e9sistantes et parfaites pour ceux qui consid\u00e8rent leur animal comme un membre de la famille.<\/p>\n<p>Id\u00e9ales comme cadeau pour un anniversaire, un anniversaire de couple, No\u00ebl ou toute autre occasion sp\u00e9ciale. Parfaites aussi bien pour les hommes que pour les femmes, ces chaussettes sont une fa\u00e7on unique et originale de montrer votre amour pour votre fid\u00e8le compagnon. Un d\u00e9tail personnel qui ne passe pas inaper\u00e7u !<\/p>\n<h4><strong>Caract\u00e9ristiques :<\/strong><\/h4>\n<ul>\n<li>Composition : 95 % polyester et 5 % \u00e9lasthanne<\/li>\n<li>Tailles disponibles : 35\/37, 38\/40, 41\/43 et 44\/47<\/li>\n<li>Design personnalis\u00e9 avec la t\u00eate de votre animal de compagnie sur un fond illustr\u00e9<\/li>\n<li>Talon et pointe de pied de couleur noire pour une plus grande durabilit\u00e9<\/li>\n<li>Adapt\u00e9es au lavage en machine, ne perdent ni leur forme ni leur couleur<\/li>\n<\/ul>\n","protected":false},"excerpt":{"rendered":"<p>Emmenez votre compagnon partout avec vous gr\u00e2ce \u00e0 ces chaussettes personnalis\u00e9es et amusantes. Un [&#8230;]<\/p>\n","protected":false},"featured_media":497377,"comment_status":"open","ping_status":"closed","template":"","meta":{"_acf_changed":false},"product_brand":[],"product_cat":[1701],"product_tag":[1689,1710],"class_list":{"0":"post-497686","1":"product","2":"type-product","3":"status-publish","4":"has-post-thumbnail","6":"product_cat-chaussettes-personnalisees","7":"product_tag-animaux","8":"product_tag-nouveau","10":"first","11":"instock","12":"taxable","13":"shipping-taxable","14":"purchasable","15":"product-type-simple"},"acf":[],"df_price":24.99,"df_sale_price":"","df_regular_price":24.99,"df_image_link":"https:\/\/transparentgift.com\/fr\/wp-content\/uploads\/2025\/11\/fotomascota-francia1-300x300.jpg","_links":{"self":[{"href":"https:\/\/transparentgift.com\/fr\/wp-json\/wp\/v2\/product\/497686","targetHints":{"allow":["GET"]}}],"collection":[{"href":"https:\/\/transparentgift.com\/fr\/wp-json\/wp\/v2\/product"}],"about":[{"href":"https:\/\/transparentgift.com\/fr\/wp-json\/wp\/v2\/types\/product"}],"replies":[{"embeddable":true,"href":"https:\/\/transparentgift.com\/fr\/wp-json\/wp\/v2\/comments?post=497686"}],"wp:featuredmedia":[{"embeddable":true,"href":"https:\/\/transparentgift.com\/fr\/wp-json\/wp\/v2\/media\/497377"}],"wp:attachment":[{"href":"https:\/\/transparentgift.com\/fr\/wp-json\/wp\/v2\/media?parent=497686"}],"wp:term":[{"taxonomy":"product_brand","embeddable":true,"href":"https:\/\/transparentgift.com\/fr\/wp-json\/wp\/v2\/product_brand?post=497686"},{"taxonomy":"product_cat","embeddable":true,"href":"https:\/\/transparentgift.com\/fr\/wp-json\/wp\/v2\/product_cat?post=497686"},{"taxonomy":"product_tag","embeddable":true,"href":"https:\/\/transparentgift.com\/fr\/wp-json\/wp\/v2\/product_tag?post=497686"}],"curies":[{"name":"wp","href":"https:\/\/api.w.org\/{rel}","templated":true}]}}