{"id":497883,"date":"2025-11-23T20:28:07","date_gmt":"2025-11-23T19:28:07","guid":{"rendered":"https:\/\/transparentgift.com\/fr\/calecon-controle-dalcoolemie-avec-photo-personnalisee\/"},"modified":"2026-01-29T15:11:15","modified_gmt":"2026-01-29T14:11:15","slug":"calecon-controle-dalcoolemie-avec-photo-personnalisee","status":"publish","type":"product","link":"https:\/\/transparentgift.com\/fr\/calecon-controle-dalcoolemie-avec-photo-personnalisee\/","title":{"rendered":"Cale\u00e7on \u201cContr\u00f4le d\u2019Alcool\u00e9mie\u201d avec Photo Personnalis\u00e9e"},"content":{"rendered":"<p><strong>L\u2019humour aussi se porte ! Surprenez avec ce cale\u00e7on personnalis\u00e9 \u201cContr\u00f4le d\u2019Alcool\u00e9mie\u201d<\/strong>. Un cadeau audacieux et amusant qui fera sourire d\u00e8s le premier regard.<\/p>\n<p>Con\u00e7u pour ceux qui ne prennent pas la vie trop au s\u00e9rieux et qui appr\u00e9cient les d\u00e9tails personnalis\u00e9s, ce boxer allie originalit\u00e9 et confort total. Personnalisez-le avec une photo et obtenez un v\u00eatement qui ne laisse pas indiff\u00e9rent.<\/p>\n<p>Id\u00e9al comme cadeau pour votre partenaire \u00e0 la Saint-Valentin, pour un anniversaire, un cadeau de couple ou m\u00eame pour un enterrement de vie de gar\u00e7on, ce cale\u00e7on est parfait pour les hommes ayant le sens de l\u2019humour. Le design int\u00e8gre une caricature de policier avec le texte \u201cSoufflez ici\u201d, ajoutant une touche piment\u00e9e et tr\u00e8s amusante. De plus, son tissu sans coutures en fait un choix confortable pour un usage quotidien.<\/p>\n<h4><strong>Caract\u00e9ristiques :<\/strong><\/h4>\n<ul>\n<li>Composition : 90 % Polyamide, 10 % \u00c9lasthanne<\/li>\n<li>Boxer sans coutures pour un confort maximal<\/li>\n<li>Tissu extensible, l\u00e9ger et respirant<\/li>\n<li>Disponible en blanc ou noir<\/li>\n<li>Tailles disponibles : S, M, L, XL, XXL<\/li>\n<\/ul>\n","protected":false},"excerpt":{"rendered":"<p>L\u2019humour aussi se porte ! Surprenez avec ce cale\u00e7on personnalis\u00e9 \u201cContr\u00f4le d\u2019Alcool\u00e9mie\u201d [&#8230;]<\/p>\n","protected":false},"featured_media":498544,"comment_status":"open","ping_status":"closed","template":"","meta":{"_acf_changed":false},"product_brand":[],"product_cat":[1719],"product_tag":[1678,1708],"class_list":{"0":"post-497883","1":"product","2":"type-product","3":"status-publish","4":"has-post-thumbnail","6":"product_cat-calecons-personnalises","7":"product_tag-couples","8":"product_tag-hommes","10":"first","11":"instock","12":"taxable","13":"shipping-taxable","14":"purchasable","15":"product-type-simple"},"acf":[],"df_price":16.99,"df_sale_price":"","df_regular_price":16.99,"df_image_link":"https:\/\/transparentgift.com\/fr\/wp-content\/uploads\/2025\/11\/2-21-300x300.jpg","_links":{"self":[{"href":"https:\/\/transparentgift.com\/fr\/wp-json\/wp\/v2\/product\/497883","targetHints":{"allow":["GET"]}}],"collection":[{"href":"https:\/\/transparentgift.com\/fr\/wp-json\/wp\/v2\/product"}],"about":[{"href":"https:\/\/transparentgift.com\/fr\/wp-json\/wp\/v2\/types\/product"}],"replies":[{"embeddable":true,"href":"https:\/\/transparentgift.com\/fr\/wp-json\/wp\/v2\/comments?post=497883"}],"wp:featuredmedia":[{"embeddable":true,"href":"https:\/\/transparentgift.com\/fr\/wp-json\/wp\/v2\/media\/498544"}],"wp:attachment":[{"href":"https:\/\/transparentgift.com\/fr\/wp-json\/wp\/v2\/media?parent=497883"}],"wp:term":[{"taxonomy":"product_brand","embeddable":true,"href":"https:\/\/transparentgift.com\/fr\/wp-json\/wp\/v2\/product_brand?post=497883"},{"taxonomy":"product_cat","embeddable":true,"href":"https:\/\/transparentgift.com\/fr\/wp-json\/wp\/v2\/product_cat?post=497883"},{"taxonomy":"product_tag","embeddable":true,"href":"https:\/\/transparentgift.com\/fr\/wp-json\/wp\/v2\/product_tag?post=497883"}],"curies":[{"name":"wp","href":"https:\/\/api.w.org\/{rel}","templated":true}]}}