{"id":497925,"date":"2025-11-24T20:57:16","date_gmt":"2025-11-24T19:57:16","guid":{"rendered":"https:\/\/transparentgift.com\/fr\/t-shirt-avec-illustration-mini-de-animal-de-compagnie-et-nom-personnalise\/"},"modified":"2026-05-14T12:30:07","modified_gmt":"2026-05-14T10:30:07","slug":"t-shirt-avec-illustration-mini-danimal-de-compagnie-et-nom-personnalise","status":"publish","type":"product","link":"https:\/\/transparentgift.com\/fr\/t-shirt-avec-illustration-mini-danimal-de-compagnie-et-nom-personnalise\/","title":{"rendered":"T-shirt avec Illustration Mini d&rsquo;Animal de Compagnie et Nom personnalis\u00e9"},"content":{"rendered":"<p><strong>Affichez votre amour pour votre animal de compagnie avec style<\/strong>. Le t-shirt personnalis\u00e9 avec une mini illustration de votre animal de compagnie et son nom est le v\u00eatement parfait pour ceux qui souhaitent avoir leur compagnon toujours avec eux.<\/p>\n<p>Fabriqu\u00e9 en 100 % coton, ce t-shirt allie confort, douceur et design minimaliste. Son d\u00e9tail brod\u00e9 ou imprim\u00e9 avec la petite frimousse de votre animal et son nom apporte une touche unique et attendrissante \u00e0 votre look quotidien.<\/p>\n<p>Id\u00e9al comme cadeau personnalis\u00e9 pour les amoureux des animaux, les couples, les amis ou les membres de la famille qui adorent leur animal. Disponible \u00e0 manches courtes ou longues, en blanc et dans les tailles du S au XL, ce t-shirt est parfait aussi bien pour le quotidien que pour surprendre lors d\u2019occasions sp\u00e9ciales comme les anniversaires, No\u00ebl ou les anniversaires de mariage.<\/p>\n<h4><strong>Caract\u00e9ristiques :<\/strong><\/h4>\n<ul>\n<li>Composition : 100 % coton, jersey (190 g\/m\u00b2 en manches courtes, 160 g\/m\u00b2 en manches longues)<\/li>\n<li>Couleurs disponibles : blanc<\/li>\n<li>Tailles : S, M, L, XL<\/li>\n<li>Mod\u00e8les : manches courtes ou manches longues<\/li>\n<li>Personnalisation : mini illustration de votre animal de compagnie avec son nom<\/li>\n<\/ul>\n","protected":false},"excerpt":{"rendered":"<p>Affichez votre amour pour votre animal de compagnie avec style. Le t-shirt personnalis\u00e9 avec une mi [&#8230;]<\/p>\n","protected":false},"featured_media":497959,"comment_status":"open","ping_status":"closed","template":"","meta":{"_acf_changed":false},"product_brand":[],"product_cat":[1709],"product_tag":[1689,1687,1710],"class_list":{"0":"post-497925","1":"product","2":"type-product","3":"status-publish","4":"has-post-thumbnail","6":"product_cat-t-shirts-personnalises","7":"product_tag-animaux","8":"product_tag-famille","9":"product_tag-nouveau","11":"first","12":"instock","13":"taxable","14":"shipping-taxable","15":"purchasable","16":"product-type-simple"},"acf":[],"df_price":27.99,"df_sale_price":"","df_regular_price":27.99,"df_image_link":"https:\/\/transparentgift.com\/fr\/wp-content\/uploads\/2025\/11\/camiseta-animales-1-300x300.jpg","_links":{"self":[{"href":"https:\/\/transparentgift.com\/fr\/wp-json\/wp\/v2\/product\/497925","targetHints":{"allow":["GET"]}}],"collection":[{"href":"https:\/\/transparentgift.com\/fr\/wp-json\/wp\/v2\/product"}],"about":[{"href":"https:\/\/transparentgift.com\/fr\/wp-json\/wp\/v2\/types\/product"}],"replies":[{"embeddable":true,"href":"https:\/\/transparentgift.com\/fr\/wp-json\/wp\/v2\/comments?post=497925"}],"wp:featuredmedia":[{"embeddable":true,"href":"https:\/\/transparentgift.com\/fr\/wp-json\/wp\/v2\/media\/497959"}],"wp:attachment":[{"href":"https:\/\/transparentgift.com\/fr\/wp-json\/wp\/v2\/media?parent=497925"}],"wp:term":[{"taxonomy":"product_brand","embeddable":true,"href":"https:\/\/transparentgift.com\/fr\/wp-json\/wp\/v2\/product_brand?post=497925"},{"taxonomy":"product_cat","embeddable":true,"href":"https:\/\/transparentgift.com\/fr\/wp-json\/wp\/v2\/product_cat?post=497925"},{"taxonomy":"product_tag","embeddable":true,"href":"https:\/\/transparentgift.com\/fr\/wp-json\/wp\/v2\/product_tag?post=497925"}],"curies":[{"name":"wp","href":"https:\/\/api.w.org\/{rel}","templated":true}]}}