{"id":497928,"date":"2025-11-24T20:57:19","date_gmt":"2025-11-24T19:57:19","guid":{"rendered":"https:\/\/transparentgift.com\/fr\/sac-de-noel-avec-initiale-et-prenom-personnalise\/"},"modified":"2026-01-29T15:11:14","modified_gmt":"2026-01-29T14:11:14","slug":"sac-de-noel-avec-initiale-et-prenom-personnalise","status":"publish","type":"product","link":"https:\/\/transparentgift.com\/fr\/sac-de-noel-avec-initiale-et-prenom-personnalise\/","title":{"rendered":"Sac de No\u00ebl avec Initiale et Pr\u00e9nom personnalis\u00e9"},"content":{"rendered":"<p>Ce <strong>sac de No\u00ebl personnalis\u00e9<\/strong> avec initiale et pr\u00e9nom est la meilleure option pour \u00e9mouvoir vos proches cet hiver. Vous pourrez <strong>remplir le sac de cadeaux, de friandises<\/strong> ou de tout ce qui vous pla\u00eet le plus. Les plus petits de la maison seront ravis !<\/p>\n<p>Chaque enfant ou membre de la famille pourra avoir son propre sac personnalis\u00e9 o\u00f9 trouver ses cadeaux de No\u00ebl. Vous pouvez <strong>personnaliser une face<\/strong> de ce joli sac avec <strong>le pr\u00e9nom et l\u2019initiale<\/strong> de cette personne sp\u00e9ciale, qui seront imprim\u00e9s sur le tissu du sac sur un <strong>fond beige<\/strong>. Avec cette d\u00e9coration si originale, vous ferez na\u00eetre des sourires chez vos proches et apporterez une touche unique \u00e0 votre <strong>d\u00e9coration de No\u00ebl<\/strong>.<\/p>\n<p>Ce sac du P\u00e8re No\u00ebl est fabriqu\u00e9 avec des <strong>mat\u00e9riaux et tissus de haute qualit\u00e9<\/strong> qui offrent r\u00e9sistance et durabilit\u00e9. De plus, un <strong>cordon<\/strong> de couleur rouge est <strong>inclus<\/strong> sur le dessus, gr\u00e2ce auquel vous pourrez <strong>transporter et fermer le sac<\/strong> tr\u00e8s facilement.<\/p>\n<p>Avec ce sac unique et sp\u00e9cial, vous compl\u00e9terez la d\u00e9coration de No\u00ebl de la maison en pouvant le placer \u00e0 c\u00f4t\u00e9 du sapin. Le P\u00e8re No\u00ebl et les Rois Mages auront un endroit o\u00f9 d\u00e9poser les cadeaux. Personnalisez un sac pour chaque membre de la famille et surprenez-les pour les f\u00eates.<\/p>\n<p><strong>Caract\u00e9ristiques :<\/strong><\/p>\n<ul>\n<li>Taille : 87 x 51 cm<\/li>\n<li>Mat\u00e9riaux : Lin de haute qualit\u00e9.<\/li>\n<li>Inclus : Cordon rouge pour fermer sur le dessus.<\/li>\n<\/ul>\n","protected":false},"excerpt":{"rendered":"<p>Ce sac de No\u00ebl personnalis\u00e9 avec initiale et pr\u00e9nom est la meilleure option pour \u00e9mouvoir vos pr [&#8230;]<\/p>\n","protected":false},"featured_media":497983,"comment_status":"open","ping_status":"closed","template":"","meta":{"_acf_changed":false},"product_brand":[],"product_cat":[1724],"product_tag":[1687,1695],"ai-category":[1749],"class_list":{"0":"post-497928","1":"product","2":"type-product","3":"status-publish","4":"has-post-thumbnail","6":"product_cat-sacs-de-noel-personnalises","7":"product_tag-famille","8":"product_tag-noel","9":"ai-category-sacos-navidenos-personalizados","11":"first","12":"instock","13":"taxable","14":"shipping-taxable","15":"purchasable","16":"product-type-simple"},"acf":[],"df_price":19.99,"df_sale_price":"","df_regular_price":19.99,"df_image_link":"https:\/\/transparentgift.com\/fr\/wp-content\/uploads\/2025\/11\/saco-navidad-1-300x300.jpg","_links":{"self":[{"href":"https:\/\/transparentgift.com\/fr\/wp-json\/wp\/v2\/product\/497928","targetHints":{"allow":["GET"]}}],"collection":[{"href":"https:\/\/transparentgift.com\/fr\/wp-json\/wp\/v2\/product"}],"about":[{"href":"https:\/\/transparentgift.com\/fr\/wp-json\/wp\/v2\/types\/product"}],"replies":[{"embeddable":true,"href":"https:\/\/transparentgift.com\/fr\/wp-json\/wp\/v2\/comments?post=497928"}],"wp:featuredmedia":[{"embeddable":true,"href":"https:\/\/transparentgift.com\/fr\/wp-json\/wp\/v2\/media\/497983"}],"wp:attachment":[{"href":"https:\/\/transparentgift.com\/fr\/wp-json\/wp\/v2\/media?parent=497928"}],"wp:term":[{"taxonomy":"product_brand","embeddable":true,"href":"https:\/\/transparentgift.com\/fr\/wp-json\/wp\/v2\/product_brand?post=497928"},{"taxonomy":"product_cat","embeddable":true,"href":"https:\/\/transparentgift.com\/fr\/wp-json\/wp\/v2\/product_cat?post=497928"},{"taxonomy":"product_tag","embeddable":true,"href":"https:\/\/transparentgift.com\/fr\/wp-json\/wp\/v2\/product_tag?post=497928"},{"taxonomy":"ai-category","embeddable":true,"href":"https:\/\/transparentgift.com\/fr\/wp-json\/wp\/v2\/ai-category?post=497928"}],"curies":[{"name":"wp","href":"https:\/\/api.w.org\/{rel}","templated":true}]}}